{"id":7322,"date":"2025-12-10T13:19:13","date_gmt":"2025-12-10T10:19:13","guid":{"rendered":"https:\/\/hotelsamara.com\/?page_id=7322"},"modified":"2025-12-10T16:02:31","modified_gmt":"2025-12-10T13:02:31","slug":"politique-du-tourisme-durabilite-2","status":"publish","type":"page","link":"https:\/\/hotelsamara.com\/fr\/politique-du-tourisme-durabilite-2\/","title":{"rendered":"Politique Du Tourisme Durabilit\u00e9"},"content":{"rendered":"\t\t<div data-elementor-type=\"wp-page\" data-elementor-id=\"7322\" class=\"elementor elementor-7322 elementor-7319\">\n\t\t\t\t\t\t<section class=\"elementor-section elementor-top-section elementor-element elementor-element-501491c elementor-section-boxed elementor-section-height-default elementor-section-height-default\" data-id=\"501491c\" data-element_type=\"section\" data-e-type=\"section\">\n\t\t\t\t\t\t<div class=\"elementor-container elementor-column-gap-no\">\n\t\t\t\t\t<div class=\"elementor-column elementor-col-100 elementor-top-column elementor-element elementor-element-8f15eaa elementor-invisible\" data-id=\"8f15eaa\" data-element_type=\"column\" data-e-type=\"column\" data-settings=\"{&quot;animation&quot;:&quot;fadeIn&quot;,&quot;animation_tablet&quot;:&quot;none&quot;}\">\n\t\t\t<div class=\"elementor-widget-wrap elementor-element-populated\">\n\t\t\t\t\t\t<div class=\"elementor-element elementor-element-9ea46d9 elementor-widget elementor-widget-text-editor\" data-id=\"9ea46d9\" data-element_type=\"widget\" data-e-type=\"widget\" data-widget_type=\"text-editor.default\">\n\t\t\t\t\t\t\t\t\t<p class=\"lead\">En tant qu&rsquo;H\u00f4tel Samara, l&rsquo;un de nos principes est de d\u00e9velopper et de r\u00e9aliser des activit\u00e9s conform\u00e9ment aux principes du tourisme durable.<\/p><p>Dans ce contexte, principalement\u00a0; Nous offrons des conditions s\u00fbres et saines \u00e0 nos employ\u00e9s et aux invit\u00e9s que nous servons, et nous \u00e9valuons tous les risques pouvant affecter ces conditions. Nous cr\u00e9ons toutes sortes de mesures avec notre gestion de crise et nos plans d&rsquo;action afin d&rsquo;\u00e9liminer les conditions qui peuvent survenir dans des situations d&rsquo;urgence.<\/p><p class=\"lead\">Dans ce contexte;<\/p><ul><li>Nous continuons \u00e0 travailler pour contribuer et am\u00e9liorer continuellement le tourisme dans notre r\u00e9gion et notre pays.<\/li><li>Nous utilisons des m\u00e9thodes d&rsquo;\u00e9limination l\u00e9gales sans polluer l&rsquo;environnement naturel, d\u00e9veloppons des projets qui utiliseront le moins de ressources, sensibilisons nos clients et nos employ\u00e9s et sollicitons leur soutien.<\/li><li>Conform\u00e9ment \u00e0 notre politique d&rsquo;achats, nous soutenons les commer\u00e7ants de la r\u00e9gion en accompagnant les fournisseurs qui produisent et vendent dans notre r\u00e9gion.<\/li><li>Nous utilisons des sources d&rsquo;\u00e9nergie renouvelables dans notre h\u00f4tel. En obtenant 40 % de notre consommation \u00e9lectrique de l&rsquo;\u00e9nergie solaire, nous contribuons \u00e0 l&rsquo;\u00e9conomie du pays et \u00e0 l&rsquo;environnement.<\/li><li>Dans notre h\u00f4tel, nous ne faisons aucune discrimination parmi notre personnel selon le sexe, la religion, la race, la langue, et nous attachons de l&rsquo;importance \u00e0 augmenter le nombre de nos employ\u00e9es.<\/li><li>Nous pr\u00e9f\u00e9rons cr\u00e9er notre main-d&rsquo;\u0153uvre, qui est n\u00e9cessaire pour contribuer \u00e0 la croissance de l&rsquo;\u00e9conomie r\u00e9gionale, aupr\u00e8s des habitants de la r\u00e9gion.<\/li><li>Le syst\u00e8me de carte \u00e9nerg\u00e9tique est utilis\u00e9 dans nos chambres. De plus, nos climatiseurs ne fonctionnent pas lorsque la vitre du balcon est ouverte, vos d\u00e9chets sont \u00e9limin\u00e9s par recyclage et les syst\u00e8mes LED sont privil\u00e9gi\u00e9s dans tous nos \u00e9clairages.<\/li><li>Nous n&rsquo;autorisons pas le travail des enfants. Nous prot\u00e9geons tous les droits de nos travailleurs conform\u00e9ment aux r\u00e9glementations l\u00e9gales.<\/li><li>Nous pr\u00eatons attention \u00e0 une prestation de services de qualit\u00e9 afin de prot\u00e9ger la valeur de notre marque. Nous utilisons efficacement toutes les applications n\u00e9cessaires pour suivre les attentes et les demandes de nos clients et leur fournir un service de meilleure qualit\u00e9.<\/li><li>Nous suivons les formulaires d&rsquo;\u00e9valuation des clients avec les m\u00e9dias sociaux et les audits internes et fournissons les rapports et analyses n\u00e9cessaires.<\/li><li>Nous nous effor\u00e7ons de prot\u00e9ger nos enfants contre toutes sortes d\u2019abus et de substances nocives.<\/li><li>Lors de la conception de nos b\u00e2timents et de notre concept, nous tenons compte des attentes de nos clients et employ\u00e9s ayant des besoins particuliers, adoptons une approche de service accessible \u00e0 tous et d\u00e9veloppons de nouveaux projets \u00e0 cet \u00e9gard.<\/li><li>Nous contribuons \u00e0 la pr\u00e9servation, au d\u00e9veloppement et \u00e0 la promotion des biens, sites et traditions locaux\/r\u00e9gionaux d\u2019importance historique, arch\u00e9ologique, culturelle et spirituelle.<\/li><li>Dans le cadre de nos projets de responsabilit\u00e9 sociale, nous reboisons la nature et prenons soin des habitats de nos sympathiques animaux.<\/li><\/ul><h2>Gestion de l&rsquo;h\u00f4tel \u00e0 Samara<\/h2>\t\t\t\t\t\t\t\t<\/div>\n\t\t\t\t<div class=\"elementor-element elementor-element-a7ce3eb elementor-widget elementor-widget-button\" data-id=\"a7ce3eb\" data-element_type=\"widget\" data-e-type=\"widget\" data-widget_type=\"button.default\">\n\t\t\t\t\t\t\t\t\t\t<a class=\"elementor-button elementor-button-link elementor-size-sm\" href=\"https:\/\/hotelsamara.com\/wp-content\/uploads\/2025\/12\/HOTEL-SAMARA-KVKK_BASVURU_FORMU.pdf\">\n\t\t\t\t\t\t<span class=\"elementor-button-content-wrapper\">\n\t\t\t\t\t\t\t\t\t<span class=\"elementor-button-text\">Formulaire de demande<\/span>\n\t\t\t\t\t<\/span>\n\t\t\t\t\t<\/a>\n\t\t\t\t\t\t\t\t<\/div>\n\t\t\t\t\t<\/div>\n\t\t<\/div>\n\t\t\t\t\t<\/div>\n\t\t<\/section>\n\t\t\t\t<\/div>\n\t\t","protected":false},"excerpt":{"rendered":"<p>En tant qu&rsquo;H\u00f4tel Samara, l&rsquo;un de nos principes est de d\u00e9velopper et de r\u00e9aliser des activit\u00e9s conform\u00e9ment aux principes du tourisme durable. Dans ce contexte, principalement\u00a0; Nous offrons des conditions s\u00fbres et saines \u00e0 nos employ\u00e9s et aux invit\u00e9s que nous servons, et nous \u00e9valuons tous les risques pouvant affecter ces conditions. Nous cr\u00e9ons toutes [&hellip;]<\/p>\n","protected":false},"author":1,"featured_media":0,"parent":0,"menu_order":0,"comment_status":"closed","ping_status":"closed","template":"elementor_header_footer","meta":{"_monsterinsights_skip_tracking":false,"_monsterinsights_sitenote_active":false,"_monsterinsights_sitenote_note":"","_monsterinsights_sitenote_category":0,"_uf_show_specific_survey":0,"_uf_disable_surveys":false,"footnotes":""},"class_list":["post-7322","page","type-page","status-publish","hentry"],"yoast_head":"<!-- This site is optimized with the Yoast SEO plugin v26.8 - https:\/\/yoast.com\/product\/yoast-seo-wordpress\/ -->\n<title>Politique Du Tourisme Durabilit\u00e9 - Hotel Samara<\/title>\n<meta name=\"robots\" content=\"index, follow, max-snippet:-1, max-image-preview:large, max-video-preview:-1\" \/>\n<link rel=\"canonical\" href=\"https:\/\/hotelsamara.com\/fr\/politique-du-tourisme-durabilite-2\/\" \/>\n<meta property=\"og:locale\" content=\"fr_FR\" \/>\n<meta property=\"og:type\" content=\"article\" \/>\n<meta property=\"og:title\" content=\"Politique Du Tourisme Durabilit\u00e9 - Hotel Samara\" \/>\n<meta property=\"og:description\" content=\"En tant qu&rsquo;H\u00f4tel Samara, l&rsquo;un de nos principes est de d\u00e9velopper et de r\u00e9aliser des activit\u00e9s conform\u00e9ment aux principes du tourisme durable. Dans ce contexte, principalement\u00a0; Nous offrons des conditions s\u00fbres et saines \u00e0 nos employ\u00e9s et aux invit\u00e9s que nous servons, et nous \u00e9valuons tous les risques pouvant affecter ces conditions. Nous cr\u00e9ons toutes [&hellip;]\" \/>\n<meta property=\"og:url\" content=\"https:\/\/hotelsamara.com\/fr\/politique-du-tourisme-durabilite-2\/\" \/>\n<meta property=\"og:site_name\" content=\"Hotel Samara\" \/>\n<meta property=\"article:publisher\" content=\"https:\/\/www.facebook.com\/samarahotel\" \/>\n<meta property=\"article:modified_time\" content=\"2025-12-10T13:02:31+00:00\" \/>\n<meta name=\"twitter:card\" content=\"summary_large_image\" \/>\n<meta name=\"twitter:label1\" content=\"Dur\u00e9e de lecture estim\u00e9e\" \/>\n\t<meta name=\"twitter:data1\" content=\"3 minutes\" \/>\n<script type=\"application\/ld+json\" class=\"yoast-schema-graph\">{\"@context\":\"https:\/\/schema.org\",\"@graph\":[{\"@type\":\"WebPage\",\"@id\":\"https:\/\/hotelsamara.com\/fr\/politique-du-tourisme-durabilite-2\/\",\"url\":\"https:\/\/hotelsamara.com\/fr\/politique-du-tourisme-durabilite-2\/\",\"name\":\"Politique Du Tourisme Durabilit\u00e9 - Hotel Samara\",\"isPartOf\":{\"@id\":\"https:\/\/hotelsamara.com\/#website\"},\"datePublished\":\"2025-12-10T10:19:13+00:00\",\"dateModified\":\"2025-12-10T13:02:31+00:00\",\"breadcrumb\":{\"@id\":\"https:\/\/hotelsamara.com\/fr\/politique-du-tourisme-durabilite-2\/#breadcrumb\"},\"inLanguage\":\"fr-FR\",\"potentialAction\":[{\"@type\":\"ReadAction\",\"target\":[\"https:\/\/hotelsamara.com\/fr\/politique-du-tourisme-durabilite-2\/\"]}]},{\"@type\":\"BreadcrumbList\",\"@id\":\"https:\/\/hotelsamara.com\/fr\/politique-du-tourisme-durabilite-2\/#breadcrumb\",\"itemListElement\":[{\"@type\":\"ListItem\",\"position\":1,\"name\":\"Home\",\"item\":\"https:\/\/hotelsamara.com\/\"},{\"@type\":\"ListItem\",\"position\":2,\"name\":\"Politique Du Tourisme Durabilit\u00e9\"}]},{\"@type\":\"WebSite\",\"@id\":\"https:\/\/hotelsamara.com\/#website\",\"url\":\"https:\/\/hotelsamara.com\/\",\"name\":\"Hotel Samara\",\"description\":\"Ege&#039;de L\u00fcks ve Huzurlu Tatil Deneyimi\",\"publisher\":{\"@id\":\"https:\/\/hotelsamara.com\/#organization\"},\"potentialAction\":[{\"@type\":\"SearchAction\",\"target\":{\"@type\":\"EntryPoint\",\"urlTemplate\":\"https:\/\/hotelsamara.com\/?s={search_term_string}\"},\"query-input\":{\"@type\":\"PropertyValueSpecification\",\"valueRequired\":true,\"valueName\":\"search_term_string\"}}],\"inLanguage\":\"fr-FR\"},{\"@type\":\"Organization\",\"@id\":\"https:\/\/hotelsamara.com\/#organization\",\"name\":\"Hotel Samara\",\"url\":\"https:\/\/hotelsamara.com\/\",\"logo\":{\"@type\":\"ImageObject\",\"inLanguage\":\"fr-FR\",\"@id\":\"https:\/\/hotelsamara.com\/#\/schema\/logo\/image\/\",\"url\":\"https:\/\/hotelsamara.com\/wp-content\/uploads\/2025\/11\/Hotel-Samara-Bodrum-Logo-h93.webp\",\"contentUrl\":\"https:\/\/hotelsamara.com\/wp-content\/uploads\/2025\/11\/Hotel-Samara-Bodrum-Logo-h93.webp\",\"width\":198,\"height\":93,\"caption\":\"Hotel Samara\"},\"image\":{\"@id\":\"https:\/\/hotelsamara.com\/#\/schema\/logo\/image\/\"},\"sameAs\":[\"https:\/\/www.facebook.com\/samarahotel\",\"https:\/\/www.instagram.com\/samarahotelbodrum\"]}]}<\/script>\n<!-- \/ Yoast SEO plugin. -->","yoast_head_json":{"title":"Politique Du Tourisme Durabilit\u00e9 - Hotel Samara","robots":{"index":"index","follow":"follow","max-snippet":"max-snippet:-1","max-image-preview":"max-image-preview:large","max-video-preview":"max-video-preview:-1"},"canonical":"https:\/\/hotelsamara.com\/fr\/politique-du-tourisme-durabilite-2\/","og_locale":"fr_FR","og_type":"article","og_title":"Politique Du Tourisme Durabilit\u00e9 - Hotel Samara","og_description":"En tant qu&rsquo;H\u00f4tel Samara, l&rsquo;un de nos principes est de d\u00e9velopper et de r\u00e9aliser des activit\u00e9s conform\u00e9ment aux principes du tourisme durable. Dans ce contexte, principalement\u00a0; Nous offrons des conditions s\u00fbres et saines \u00e0 nos employ\u00e9s et aux invit\u00e9s que nous servons, et nous \u00e9valuons tous les risques pouvant affecter ces conditions. Nous cr\u00e9ons toutes [&hellip;]","og_url":"https:\/\/hotelsamara.com\/fr\/politique-du-tourisme-durabilite-2\/","og_site_name":"Hotel Samara","article_publisher":"https:\/\/www.facebook.com\/samarahotel","article_modified_time":"2025-12-10T13:02:31+00:00","twitter_card":"summary_large_image","twitter_misc":{"Dur\u00e9e de lecture estim\u00e9e":"3 minutes"},"schema":{"@context":"https:\/\/schema.org","@graph":[{"@type":"WebPage","@id":"https:\/\/hotelsamara.com\/fr\/politique-du-tourisme-durabilite-2\/","url":"https:\/\/hotelsamara.com\/fr\/politique-du-tourisme-durabilite-2\/","name":"Politique Du Tourisme Durabilit\u00e9 - Hotel Samara","isPartOf":{"@id":"https:\/\/hotelsamara.com\/#website"},"datePublished":"2025-12-10T10:19:13+00:00","dateModified":"2025-12-10T13:02:31+00:00","breadcrumb":{"@id":"https:\/\/hotelsamara.com\/fr\/politique-du-tourisme-durabilite-2\/#breadcrumb"},"inLanguage":"fr-FR","potentialAction":[{"@type":"ReadAction","target":["https:\/\/hotelsamara.com\/fr\/politique-du-tourisme-durabilite-2\/"]}]},{"@type":"BreadcrumbList","@id":"https:\/\/hotelsamara.com\/fr\/politique-du-tourisme-durabilite-2\/#breadcrumb","itemListElement":[{"@type":"ListItem","position":1,"name":"Home","item":"https:\/\/hotelsamara.com\/"},{"@type":"ListItem","position":2,"name":"Politique Du Tourisme Durabilit\u00e9"}]},{"@type":"WebSite","@id":"https:\/\/hotelsamara.com\/#website","url":"https:\/\/hotelsamara.com\/","name":"Hotel Samara","description":"Ege&#039;de L\u00fcks ve Huzurlu Tatil Deneyimi","publisher":{"@id":"https:\/\/hotelsamara.com\/#organization"},"potentialAction":[{"@type":"SearchAction","target":{"@type":"EntryPoint","urlTemplate":"https:\/\/hotelsamara.com\/?s={search_term_string}"},"query-input":{"@type":"PropertyValueSpecification","valueRequired":true,"valueName":"search_term_string"}}],"inLanguage":"fr-FR"},{"@type":"Organization","@id":"https:\/\/hotelsamara.com\/#organization","name":"Hotel Samara","url":"https:\/\/hotelsamara.com\/","logo":{"@type":"ImageObject","inLanguage":"fr-FR","@id":"https:\/\/hotelsamara.com\/#\/schema\/logo\/image\/","url":"https:\/\/hotelsamara.com\/wp-content\/uploads\/2025\/11\/Hotel-Samara-Bodrum-Logo-h93.webp","contentUrl":"https:\/\/hotelsamara.com\/wp-content\/uploads\/2025\/11\/Hotel-Samara-Bodrum-Logo-h93.webp","width":198,"height":93,"caption":"Hotel Samara"},"image":{"@id":"https:\/\/hotelsamara.com\/#\/schema\/logo\/image\/"},"sameAs":["https:\/\/www.facebook.com\/samarahotel","https:\/\/www.instagram.com\/samarahotelbodrum"]}]}},"_links":{"self":[{"href":"https:\/\/hotelsamara.com\/fr\/wp-json\/wp\/v2\/pages\/7322","targetHints":{"allow":["GET"]}}],"collection":[{"href":"https:\/\/hotelsamara.com\/fr\/wp-json\/wp\/v2\/pages"}],"about":[{"href":"https:\/\/hotelsamara.com\/fr\/wp-json\/wp\/v2\/types\/page"}],"author":[{"embeddable":true,"href":"https:\/\/hotelsamara.com\/fr\/wp-json\/wp\/v2\/users\/1"}],"replies":[{"embeddable":true,"href":"https:\/\/hotelsamara.com\/fr\/wp-json\/wp\/v2\/comments?post=7322"}],"version-history":[{"count":1,"href":"https:\/\/hotelsamara.com\/fr\/wp-json\/wp\/v2\/pages\/7322\/revisions"}],"predecessor-version":[{"id":7326,"href":"https:\/\/hotelsamara.com\/fr\/wp-json\/wp\/v2\/pages\/7322\/revisions\/7326"}],"wp:attachment":[{"href":"https:\/\/hotelsamara.com\/fr\/wp-json\/wp\/v2\/media?parent=7322"}],"curies":[{"name":"wp","href":"https:\/\/api.w.org\/{rel}","templated":true}]}}