{"id":7247,"date":"2025-12-08T00:56:39","date_gmt":"2025-12-07T21:56:39","guid":{"rendered":"https:\/\/hotelsamara.com\/cerez-politikasi\/"},"modified":"2025-12-08T20:21:44","modified_gmt":"2025-12-08T17:21:44","slug":"cookies-du-navigateur","status":"publish","type":"page","link":"https:\/\/hotelsamara.com\/fr\/cookies-du-navigateur\/","title":{"rendered":"Cookies Du Navigateur"},"content":{"rendered":"\t\t<div data-elementor-type=\"wp-page\" data-elementor-id=\"7247\" class=\"elementor elementor-7247 elementor-7236\">\n\t\t\t\t\t\t<section class=\"elementor-section elementor-top-section elementor-element elementor-element-ef7ece0 elementor-section-boxed elementor-section-height-default elementor-section-height-default\" data-id=\"ef7ece0\" data-element_type=\"section\" data-e-type=\"section\">\n\t\t\t\t\t\t<div class=\"elementor-container elementor-column-gap-no\">\n\t\t\t\t\t<div class=\"elementor-column elementor-col-100 elementor-top-column elementor-element elementor-element-5d743b1 elementor-invisible\" data-id=\"5d743b1\" data-element_type=\"column\" data-e-type=\"column\" data-settings=\"{&quot;animation&quot;:&quot;fadeIn&quot;,&quot;animation_tablet&quot;:&quot;none&quot;}\">\n\t\t\t<div class=\"elementor-widget-wrap elementor-element-populated\">\n\t\t\t\t\t\t<div class=\"elementor-element elementor-element-6530a41 elementor-widget elementor-widget-romancy_elementor_heading\" data-id=\"6530a41\" data-element_type=\"widget\" data-e-type=\"widget\" data-widget_type=\"romancy_elementor_heading.default\">\n\t\t\t\t<div class=\"elementor-widget-container\">\n\t\t\t\t\t\t\t<div class=\"ova-title\">\n\n\t\t\t\t\t\t\t<h3 class=\"sub-title\">HOTEL SAMARA<\/h3>\n\t\t\t\n\t\t\t\t\t\t\t\n\t\t\t\t\t\t\t<h2 class=\"title\">\n\n\t\t\t\t\t\t\t\tCookies Du Navigateur\t\t\t\t\t\t\t\t \n\n\t\t\t\t\t\t\t<\/h2>\n\t\t\t\t\t\t\t\n\t\t\t\n\t\t<\/div> \n\t\t \t\n\t\t\t\t\t\t<\/div>\n\t\t\t\t<\/div>\n\t\t\t\t<div class=\"elementor-element elementor-element-8a65641 elementor-widget elementor-widget-heading\" data-id=\"8a65641\" data-element_type=\"widget\" data-e-type=\"widget\" data-widget_type=\"heading.default\">\n\t\t\t\t\t<h2 class=\"elementor-heading-title elementor-size-default\">T\u00dcRK KABLO Mamulleri Tevzi G\u0131da Ticaret A.\u015e.<\/h2>\t\t\t\t<\/div>\n\t\t\t\t<div class=\"elementor-element elementor-element-212b3e9 elementor-widget elementor-widget-text-editor\" data-id=\"212b3e9\" data-element_type=\"widget\" data-e-type=\"widget\" data-widget_type=\"text-editor.default\">\n\t\t\t\t\t\t\t\t\t<div><p>Politique de cookies<br \/>T\u00dcRK KABLO Mamulleri Tevzi G\u0131da Ticaret A.\u015e.<\/p><p>Notre soci\u00e9t\u00e9 peut obtenir des informations concernant l\u2019utilisation du site Web par les utilisateurs au moyen d\u2019un fichier de communication technique (cookie).<\/p><p>Lesdits fichiers de communication technique sont de petits fichiers texte qu\u2019un site Internet envoie au navigateur de l\u2019utilisateur afin d\u2019\u00eatre stock\u00e9s dans la m\u00e9moire principale. Le fichier de communication technique facilite l\u2019utilisation d\u2019Internet en enregistrant l\u2019\u00e9tat et les pr\u00e9f\u00e9rences concernant le site.<\/p><p>Le fichier de communication technique permet d\u2019obtenir des informations statistiques sur le nombre de personnes ayant visit\u00e9 le site, la raison de leurs visites, la fr\u00e9quence de leurs visites et la dur\u00e9e de leur s\u00e9jour sur le site. Il aide \u00e9galement \u00e0 produire de mani\u00e8re dynamique des publicit\u00e9s et des contenus \u00e0 partir de pages utilisateur sp\u00e9cialement con\u00e7ues pour les utilisateurs. Le fichier de communication technique n\u2019est pas con\u00e7u pour r\u00e9cup\u00e9rer des donn\u00e9es de la m\u00e9moire principale, de votre e\u2011mail ni aucune autre information personnelle. La plupart des navigateurs sont initialement configur\u00e9s pour accepter le fichier de communication technique, mais les utilisateurs peuvent, s\u2019ils le souhaitent, modifier les param\u00e8tres afin de bloquer ce fichier ou d\u2019afficher un avertissement lorsqu\u2019il est envoy\u00e9.<\/p><p>Notre soci\u00e9t\u00e9 peut modifier \u00e0 tout moment les dispositions de la pr\u00e9sente \u00ab Politique de cookies \u00bb en les publiant sur le site ou en les envoyant par courrier \u00e9lectronique aux utilisateurs. En cas de modification des dispositions de la Politique de cookies, celles\u2011ci entrent en vigueur \u00e0 la date de leur publication.<\/p><p>Les cookies obligatoires et optionnels list\u00e9s ci\u2011dessous et s\u00e9lectionn\u00e9s sont utilis\u00e9s activement lors des visites du site.<\/p><h3>N\u00e9cessaires :<\/h3><p>Les cookies n\u00e9cessaires sont des cookies dot\u00e9s de fonctions essentielles afin de garantir que le site Web soit consult\u00e9 de mani\u00e8re s\u00fbre et stable. Ce site Web ne peut pas \u00eatre pleinement visit\u00e9 sans ces cookies.<\/p><table><thead><tr><th>Nom du cookie<\/th><th>Domaine<\/th><th>Finalit\u00e9<\/th><th>Dur\u00e9e<\/th><th>Type<\/th><\/tr><\/thead><tbody><tr><td>wp-settings-{user_id}<\/td><td><a href=\"https:\/\/hotelsamara.com\">https:\/\/hotelsamara.com<\/a><\/td><td>Utilis\u00e9 pour conserver la configuration <code>wp-admin<\/code> d\u2019un utilisateur.<\/td><td>1 an<\/td><td>HTTP<\/td><\/tr><tr><td>wporg_logged_in, wporg_sec<\/td><td><a href=\"https:\/\/hotelsamara.com\">https:\/\/hotelsamara.com<\/a><\/td><td>Utilis\u00e9s pour v\u00e9rifier si le visiteur actuel s\u2019est connect\u00e9 avec un compte WordPress.org. Si vous cochez l\u2019option \u00ab Se souvenir de moi \u00bb lors de la connexion, ils sont valables 14 jours ; sinon, uniquement pendant la session.<\/td><td>14 jours<\/td><td>HTTP<\/td><\/tr><tr><td>wporg_locale<\/td><td><a href=\"https:\/\/hotelsamara.com\">https:\/\/hotelsamara.com<\/a><\/td><td>Utilis\u00e9 pour adapter \/ diffuser certains contenus aux utilisateurs en fonction de leur localisation.<\/td><td>1 an<\/td><td>HTTP<\/td><\/tr><tr><td>Fichier de communication technique<\/td><td><a href=\"https:\/\/hotelsamara.com\">https:\/\/hotelsamara.com<\/a><\/td><td>Le fichier de communication technique permet d\u2019obtenir des informations statistiques sur le nombre de visiteurs du site, la raison de leurs visites, la fr\u00e9quence de leurs visites et la dur\u00e9e de leur s\u00e9jour, ainsi que de produire dynamiquement des publicit\u00e9s et contenus \u00e0 partir de pages utilisateur sp\u00e9cialement con\u00e7ues. Il n\u2019est pas con\u00e7u pour r\u00e9cup\u00e9rer des donn\u00e9es de la m\u00e9moire principale, de votre e\u2011mail ni aucune autre information personnelle. La plupart des navigateurs sont initialement configur\u00e9s pour accepter ce fichier, mais les utilisateurs peuvent, s\u2019ils le souhaitent, modifier les param\u00e8tres afin de le bloquer ou d\u2019afficher un avertissement lorsqu\u2019il est envoy\u00e9.<\/td><td>1 an<\/td><td>HTTP<\/td><\/tr><\/tbody><\/table><h3>Marketing :<\/h3><p>Les cookies marketing sont utilis\u00e9s pour analyser les visites des utilisateurs sur le site Web afin d\u2019offrir une meilleure exp\u00e9rience de navigation.<\/p><table><thead><tr><th>Nom du cookie<\/th><th>Domaine<\/th><th>Finalit\u00e9<\/th><th>Dur\u00e9e<\/th><th>Type<\/th><\/tr><\/thead><tbody><tr><td>test_cookie<\/td><td><a href=\"https:\/\/hotelsamara.com\">https:\/\/hotelsamara.com<\/a><\/td><td>Permet de v\u00e9rifier si le navigateur de l\u2019utilisateur accepte les cookies. Plus d\u2019informations : <a href=\"https:\/\/policies.google.com\/privacy\">https:\/\/policies.google.com\/privacy<\/a><\/td><td>1 jour<\/td><td>HTTP<\/td><\/tr><\/tbody><\/table><h3>Analytiques :<\/h3><p>Les cookies analytiques sont utilis\u00e9s pour analyser le comportement des utilisateurs sur le site Web \u00e0 partir de donn\u00e9es collect\u00e9es de mani\u00e8re anonyme.<\/p><table><thead><tr><th>Nom du cookie<\/th><th>Domaine<\/th><th>Finalit\u00e9<\/th><th>Dur\u00e9e<\/th><th>Type<\/th><\/tr><\/thead><tbody><tr><td>_ga [x4]<\/td><td><a href=\"https:\/\/hotelsamara.com\">https:\/\/hotelsamara.com<\/a><\/td><td>Des donn\u00e9es statistiques sont cr\u00e9\u00e9es et conserv\u00e9es concernant la mani\u00e8re dont les visiteurs utilisent le site, sur la base des enregistrements d\u2019ID Google. Plus d\u2019informations : <a href=\"https:\/\/policies.google.com\/privacy\">https:\/\/policies.google.com\/privacy<\/a><\/td><td>2 ans<\/td><td>HTTP<\/td><\/tr><tr><td><em>ga<\/em># [x2]<\/td><td><a href=\"https:\/\/hotelsamara.com\">https:\/\/hotelsamara.com<\/a><\/td><td>Le nombre de premi\u00e8res visites et de visites r\u00e9p\u00e9t\u00e9es des utilisateurs est enregistr\u00e9 via Google Analytics. Plus d\u2019informations : <a href=\"https:\/\/policies.google.com\/privacy\">https:\/\/policies.google.com\/privacy<\/a><\/td><td>2 ans<\/td><td>HTTP<\/td><\/tr><tr><td>_gat [x4]<\/td><td><a href=\"https:\/\/hotelsamara.com\">https:\/\/hotelsamara.com<\/a><\/td><td>Utilis\u00e9 par Google Analytics pour limiter le taux de requ\u00eates (\u00ab throttle request rate \u00bb). Plus d\u2019informations : <a href=\"https:\/\/policies.google.com\/privacy\">https:\/\/policies.google.com\/privacy<\/a><\/td><td>1 jour<\/td><td>HTTP<\/td><\/tr><tr><td>_gid [x4]<\/td><td><a href=\"https:\/\/hotelsamara.com\">https:\/\/hotelsamara.com<\/a><\/td><td>Des donn\u00e9es statistiques sont cr\u00e9\u00e9es et conserv\u00e9es concernant la mani\u00e8re dont les visiteurs utilisent le site, sur la base des enregistrements d\u2019ID Google. Plus d\u2019informations : <a href=\"https:\/\/policies.google.com\/privacy\">https:\/\/policies.google.com\/privacy<\/a><\/td><td>1 jour<\/td><td>HTTP<\/td><\/tr><tr><td>collect<\/td><td><a href=\"https:\/\/hotelsamara.com\">https:\/\/hotelsamara.com<\/a><\/td><td>Les informations de base sur les appareils utilis\u00e9s par les utilisateurs lors de leur visite sur le site sont enregistr\u00e9es afin d\u2019analyser les canaux de marketing.<\/td><td>Session<\/td><td>HTTP<\/td><\/tr><\/tbody><\/table><p>Pour toute question ou suggestion concernant notre politique de cookies, vous pouvez envoyer un e\u2011mail \u00e0 l\u2019adresse suivante : info@hotelsamara.com<br \/>Vous pouvez \u00e9galement contacter notre soci\u00e9t\u00e9 aux coordonn\u00e9es ci\u2011dessous.<\/p><p>Raison sociale : T\u00dcRK KABLO Mamulleri Tevzi G\u0131da Ticaret A.\u015e.<\/p><p>Adresse : Torba Mahallesi 3129 Sok. No:1 Kaynar Mevkii Bodrum\/Mu\u011fla, Turquie<\/p><p>E\u2011mail : <a href=\"mailto:info@hotelsamara.com\">info@hotelsamara.com<\/a><\/p><p>T\u00e9l. : +90 252 337 1244 pbx<\/p><\/div>\t\t\t\t\t\t\t\t<\/div>\n\t\t\t\t<div class=\"elementor-element elementor-element-8ea9146 elementor-widget elementor-widget-button\" data-id=\"8ea9146\" data-element_type=\"widget\" data-e-type=\"widget\" data-widget_type=\"button.default\">\n\t\t\t\t\t\t\t\t\t\t<a class=\"elementor-button elementor-button-link elementor-size-sm\" href=\"https:\/\/hotelsamara.com\/wp-content\/uploads\/2025\/12\/HOTEL-SAMARA-KVKK_BASVURU_FORMU.pdf\">\n\t\t\t\t\t\t<span class=\"elementor-button-content-wrapper\">\n\t\t\t\t\t\t\t\t\t<span class=\"elementor-button-text\">KVKK BA\u015eVURU FORMU<\/span>\n\t\t\t\t\t<\/span>\n\t\t\t\t\t<\/a>\n\t\t\t\t\t\t\t\t<\/div>\n\t\t\t\t\t<\/div>\n\t\t<\/div>\n\t\t\t\t\t<\/div>\n\t\t<\/section>\n\t\t\t\t<\/div>\n\t\t","protected":false},"excerpt":{"rendered":"<p>HOTEL SAMARA Cookies Du Navigateur T\u00dcRK KABLO Mamulleri Tevzi G\u0131da Ticaret A.\u015e. Politique de cookiesT\u00dcRK KABLO Mamulleri Tevzi G\u0131da Ticaret A.\u015e. Notre soci\u00e9t\u00e9 peut obtenir des informations concernant l\u2019utilisation du site Web par les utilisateurs au moyen d\u2019un fichier de communication technique (cookie). Lesdits fichiers de communication technique sont de petits fichiers texte qu\u2019un site [&hellip;]<\/p>\n","protected":false},"author":1,"featured_media":0,"parent":0,"menu_order":0,"comment_status":"closed","ping_status":"closed","template":"","meta":{"_monsterinsights_skip_tracking":false,"_monsterinsights_sitenote_active":false,"_monsterinsights_sitenote_note":"","_monsterinsights_sitenote_category":0,"_uf_show_specific_survey":0,"_uf_disable_surveys":false,"footnotes":""},"class_list":["post-7247","page","type-page","status-publish","hentry"],"yoast_head":"<!-- This site is optimized with the Yoast SEO plugin v26.8 - https:\/\/yoast.com\/product\/yoast-seo-wordpress\/ -->\n<title>Cookies Du Navigateur - Hotel Samara<\/title>\n<meta name=\"robots\" content=\"index, follow, max-snippet:-1, max-image-preview:large, max-video-preview:-1\" \/>\n<link rel=\"canonical\" href=\"https:\/\/hotelsamara.com\/fr\/cookies-du-navigateur\/\" \/>\n<meta property=\"og:locale\" content=\"fr_FR\" \/>\n<meta property=\"og:type\" content=\"article\" \/>\n<meta property=\"og:title\" content=\"Cookies Du Navigateur - Hotel Samara\" \/>\n<meta property=\"og:description\" content=\"HOTEL SAMARA Cookies Du Navigateur T\u00dcRK KABLO Mamulleri Tevzi G\u0131da Ticaret A.\u015e. Politique de cookiesT\u00dcRK KABLO Mamulleri Tevzi G\u0131da Ticaret A.\u015e. Notre soci\u00e9t\u00e9 peut obtenir des informations concernant l\u2019utilisation du site Web par les utilisateurs au moyen d\u2019un fichier de communication technique (cookie). Lesdits fichiers de communication technique sont de petits fichiers texte qu\u2019un site [&hellip;]\" \/>\n<meta property=\"og:url\" content=\"https:\/\/hotelsamara.com\/fr\/cookies-du-navigateur\/\" \/>\n<meta property=\"og:site_name\" content=\"Hotel Samara\" \/>\n<meta property=\"article:publisher\" content=\"https:\/\/www.facebook.com\/samarahotel\" \/>\n<meta property=\"article:modified_time\" content=\"2025-12-08T17:21:44+00:00\" \/>\n<meta name=\"twitter:card\" content=\"summary_large_image\" \/>\n<meta name=\"twitter:label1\" content=\"Dur\u00e9e de lecture estim\u00e9e\" \/>\n\t<meta name=\"twitter:data1\" content=\"4 minutes\" \/>\n<script type=\"application\/ld+json\" class=\"yoast-schema-graph\">{\"@context\":\"https:\/\/schema.org\",\"@graph\":[{\"@type\":\"WebPage\",\"@id\":\"https:\/\/hotelsamara.com\/fr\/cookies-du-navigateur\/\",\"url\":\"https:\/\/hotelsamara.com\/fr\/cookies-du-navigateur\/\",\"name\":\"Cookies Du Navigateur - Hotel Samara\",\"isPartOf\":{\"@id\":\"https:\/\/hotelsamara.com\/#website\"},\"datePublished\":\"2025-12-07T21:56:39+00:00\",\"dateModified\":\"2025-12-08T17:21:44+00:00\",\"breadcrumb\":{\"@id\":\"https:\/\/hotelsamara.com\/fr\/cookies-du-navigateur\/#breadcrumb\"},\"inLanguage\":\"fr-FR\",\"potentialAction\":[{\"@type\":\"ReadAction\",\"target\":[\"https:\/\/hotelsamara.com\/fr\/cookies-du-navigateur\/\"]}]},{\"@type\":\"BreadcrumbList\",\"@id\":\"https:\/\/hotelsamara.com\/fr\/cookies-du-navigateur\/#breadcrumb\",\"itemListElement\":[{\"@type\":\"ListItem\",\"position\":1,\"name\":\"Home\",\"item\":\"https:\/\/hotelsamara.com\/\"},{\"@type\":\"ListItem\",\"position\":2,\"name\":\"Cookies Du Navigateur\"}]},{\"@type\":\"WebSite\",\"@id\":\"https:\/\/hotelsamara.com\/#website\",\"url\":\"https:\/\/hotelsamara.com\/\",\"name\":\"Hotel Samara\",\"description\":\"Ege&#039;de L\u00fcks ve Huzurlu Tatil Deneyimi\",\"publisher\":{\"@id\":\"https:\/\/hotelsamara.com\/#organization\"},\"potentialAction\":[{\"@type\":\"SearchAction\",\"target\":{\"@type\":\"EntryPoint\",\"urlTemplate\":\"https:\/\/hotelsamara.com\/?s={search_term_string}\"},\"query-input\":{\"@type\":\"PropertyValueSpecification\",\"valueRequired\":true,\"valueName\":\"search_term_string\"}}],\"inLanguage\":\"fr-FR\"},{\"@type\":\"Organization\",\"@id\":\"https:\/\/hotelsamara.com\/#organization\",\"name\":\"Hotel Samara\",\"url\":\"https:\/\/hotelsamara.com\/\",\"logo\":{\"@type\":\"ImageObject\",\"inLanguage\":\"fr-FR\",\"@id\":\"https:\/\/hotelsamara.com\/#\/schema\/logo\/image\/\",\"url\":\"https:\/\/hotelsamara.com\/wp-content\/uploads\/2025\/11\/Hotel-Samara-Bodrum-Logo-h93.webp\",\"contentUrl\":\"https:\/\/hotelsamara.com\/wp-content\/uploads\/2025\/11\/Hotel-Samara-Bodrum-Logo-h93.webp\",\"width\":198,\"height\":93,\"caption\":\"Hotel Samara\"},\"image\":{\"@id\":\"https:\/\/hotelsamara.com\/#\/schema\/logo\/image\/\"},\"sameAs\":[\"https:\/\/www.facebook.com\/samarahotel\",\"https:\/\/www.instagram.com\/samarahotelbodrum\"]}]}<\/script>\n<!-- \/ Yoast SEO plugin. -->","yoast_head_json":{"title":"Cookies Du Navigateur - Hotel Samara","robots":{"index":"index","follow":"follow","max-snippet":"max-snippet:-1","max-image-preview":"max-image-preview:large","max-video-preview":"max-video-preview:-1"},"canonical":"https:\/\/hotelsamara.com\/fr\/cookies-du-navigateur\/","og_locale":"fr_FR","og_type":"article","og_title":"Cookies Du Navigateur - Hotel Samara","og_description":"HOTEL SAMARA Cookies Du Navigateur T\u00dcRK KABLO Mamulleri Tevzi G\u0131da Ticaret A.\u015e. Politique de cookiesT\u00dcRK KABLO Mamulleri Tevzi G\u0131da Ticaret A.\u015e. Notre soci\u00e9t\u00e9 peut obtenir des informations concernant l\u2019utilisation du site Web par les utilisateurs au moyen d\u2019un fichier de communication technique (cookie). Lesdits fichiers de communication technique sont de petits fichiers texte qu\u2019un site [&hellip;]","og_url":"https:\/\/hotelsamara.com\/fr\/cookies-du-navigateur\/","og_site_name":"Hotel Samara","article_publisher":"https:\/\/www.facebook.com\/samarahotel","article_modified_time":"2025-12-08T17:21:44+00:00","twitter_card":"summary_large_image","twitter_misc":{"Dur\u00e9e de lecture estim\u00e9e":"4 minutes"},"schema":{"@context":"https:\/\/schema.org","@graph":[{"@type":"WebPage","@id":"https:\/\/hotelsamara.com\/fr\/cookies-du-navigateur\/","url":"https:\/\/hotelsamara.com\/fr\/cookies-du-navigateur\/","name":"Cookies Du Navigateur - Hotel Samara","isPartOf":{"@id":"https:\/\/hotelsamara.com\/#website"},"datePublished":"2025-12-07T21:56:39+00:00","dateModified":"2025-12-08T17:21:44+00:00","breadcrumb":{"@id":"https:\/\/hotelsamara.com\/fr\/cookies-du-navigateur\/#breadcrumb"},"inLanguage":"fr-FR","potentialAction":[{"@type":"ReadAction","target":["https:\/\/hotelsamara.com\/fr\/cookies-du-navigateur\/"]}]},{"@type":"BreadcrumbList","@id":"https:\/\/hotelsamara.com\/fr\/cookies-du-navigateur\/#breadcrumb","itemListElement":[{"@type":"ListItem","position":1,"name":"Home","item":"https:\/\/hotelsamara.com\/"},{"@type":"ListItem","position":2,"name":"Cookies Du Navigateur"}]},{"@type":"WebSite","@id":"https:\/\/hotelsamara.com\/#website","url":"https:\/\/hotelsamara.com\/","name":"Hotel Samara","description":"Ege&#039;de L\u00fcks ve Huzurlu Tatil Deneyimi","publisher":{"@id":"https:\/\/hotelsamara.com\/#organization"},"potentialAction":[{"@type":"SearchAction","target":{"@type":"EntryPoint","urlTemplate":"https:\/\/hotelsamara.com\/?s={search_term_string}"},"query-input":{"@type":"PropertyValueSpecification","valueRequired":true,"valueName":"search_term_string"}}],"inLanguage":"fr-FR"},{"@type":"Organization","@id":"https:\/\/hotelsamara.com\/#organization","name":"Hotel Samara","url":"https:\/\/hotelsamara.com\/","logo":{"@type":"ImageObject","inLanguage":"fr-FR","@id":"https:\/\/hotelsamara.com\/#\/schema\/logo\/image\/","url":"https:\/\/hotelsamara.com\/wp-content\/uploads\/2025\/11\/Hotel-Samara-Bodrum-Logo-h93.webp","contentUrl":"https:\/\/hotelsamara.com\/wp-content\/uploads\/2025\/11\/Hotel-Samara-Bodrum-Logo-h93.webp","width":198,"height":93,"caption":"Hotel Samara"},"image":{"@id":"https:\/\/hotelsamara.com\/#\/schema\/logo\/image\/"},"sameAs":["https:\/\/www.facebook.com\/samarahotel","https:\/\/www.instagram.com\/samarahotelbodrum"]}]}},"_links":{"self":[{"href":"https:\/\/hotelsamara.com\/fr\/wp-json\/wp\/v2\/pages\/7247","targetHints":{"allow":["GET"]}}],"collection":[{"href":"https:\/\/hotelsamara.com\/fr\/wp-json\/wp\/v2\/pages"}],"about":[{"href":"https:\/\/hotelsamara.com\/fr\/wp-json\/wp\/v2\/types\/page"}],"author":[{"embeddable":true,"href":"https:\/\/hotelsamara.com\/fr\/wp-json\/wp\/v2\/users\/1"}],"replies":[{"embeddable":true,"href":"https:\/\/hotelsamara.com\/fr\/wp-json\/wp\/v2\/comments?post=7247"}],"version-history":[{"count":8,"href":"https:\/\/hotelsamara.com\/fr\/wp-json\/wp\/v2\/pages\/7247\/revisions"}],"predecessor-version":[{"id":7263,"href":"https:\/\/hotelsamara.com\/fr\/wp-json\/wp\/v2\/pages\/7247\/revisions\/7263"}],"wp:attachment":[{"href":"https:\/\/hotelsamara.com\/fr\/wp-json\/wp\/v2\/media?parent=7247"}],"curies":[{"name":"wp","href":"https:\/\/api.w.org\/{rel}","templated":true}]}}