{"id":6739,"date":"2025-11-23T12:53:33","date_gmt":"2025-11-23T09:53:33","guid":{"rendered":"https:\/\/hotelsamara.com\/equipements-de-lhotel\/"},"modified":"2025-12-20T14:25:19","modified_gmt":"2025-12-20T11:25:19","slug":"equipements-de-lhotel","status":"publish","type":"page","link":"https:\/\/hotelsamara.com\/fr\/equipements-de-lhotel\/","title":{"rendered":"\u00c9quipements de l&rsquo;h\u00f4tel"},"content":{"rendered":"\t\t<div data-elementor-type=\"wp-page\" data-elementor-id=\"6739\" class=\"elementor elementor-6739 elementor-4560\">\n\t\t\t\t\t\t<section class=\"elementor-section elementor-top-section elementor-element elementor-element-379d2c1 elementor-section-boxed elementor-section-height-default elementor-section-height-default\" data-id=\"379d2c1\" data-element_type=\"section\" data-e-type=\"section\">\n\t\t\t\t\t\t<div class=\"elementor-container elementor-column-gap-no\">\n\t\t\t\t\t<div class=\"elementor-column elementor-col-100 elementor-top-column elementor-element elementor-element-1eb086c\" data-id=\"1eb086c\" data-element_type=\"column\" data-e-type=\"column\">\n\t\t\t<div class=\"elementor-widget-wrap elementor-element-populated\">\n\t\t\t\t\t\t<section class=\"elementor-section elementor-inner-section elementor-element elementor-element-956b325 elementor-section-full_width elementor-section-height-default elementor-section-height-default\" data-id=\"956b325\" data-element_type=\"section\" data-e-type=\"section\" data-settings=\"{&quot;background_background&quot;:&quot;classic&quot;,&quot;animation&quot;:&quot;none&quot;,&quot;animation_tablet&quot;:&quot;none&quot;}\">\n\t\t\t\t\t\t<div class=\"elementor-container elementor-column-gap-no\">\n\t\t\t\t\t<div class=\"elementor-column elementor-col-100 elementor-inner-column elementor-element elementor-element-1673de5\" data-id=\"1673de5\" data-element_type=\"column\" data-e-type=\"column\">\n\t\t\t<div class=\"elementor-widget-wrap elementor-element-populated\">\n\t\t\t\t\t\t<div class=\"elementor-element elementor-element-67d93a4 elementor-widget elementor-widget-romancy_elementor_ova_image_box_2\" data-id=\"67d93a4\" data-element_type=\"widget\" data-e-type=\"widget\" data-settings=\"{&quot;_animation&quot;:&quot;none&quot;,&quot;_animation_tablet&quot;:&quot;none&quot;}\" data-widget_type=\"romancy_elementor_ova_image_box_2.default\">\n\t\t\t\t<div class=\"elementor-widget-container\">\n\t\t\t\t\t\n\t\t<div class=\"ova-image-box-2\">\n\n\t\t\t<div class=\"ova-image-2\">\n\t\t\t\t\t\t\t\t\t<a href=\"https:\/\/hotelsamara.com\/fr\/equipements-de-lhotel\/activites-de-vacances\/\" >\n\t\t\t\t\n\t\t\t\t\t<img decoding=\"async\" src=\"https:\/\/hotelsamara.com\/wp-content\/uploads\/2025\/11\/tenis-aktivite.webp\" class=\"ova-image\" alt=\"Activit\u00e9s\">\n\t\t\t\t\n\t\t\t\t\t\t\t\t\t<\/a>\n\t\t\t\t\t\t\t<\/div>\n\n\t\t\t<div class=\"ova-title\">\n\t\t\t\t\t\t\t\t\t<h3 class=\"sub-title\">HOTEL SAMARA<\/h3>\n\t\t\t\t\n\t\t\t\t\t\t\t\t\t\t\t\t\t\t\n\t\t\t\t\t\t<h2 class=\"title\">\n\t\t\t\t\t\t\t\n\t\t\t\t\t\t\t\t<a href=\"https:\/\/hotelsamara.com\/fr\/equipements-de-lhotel\/activites-de-vacances\/\">\n\t\t\t\t\t\t\t\t\tActivit\u00e9s\t\t\t\t\t\t\t\t<\/a>\n\n\t\t\t\t\t\t<\/h2>\n\n\t\t\t\t\t\t\t\t\t\n\t\t\t\t\t\t\t\t\t<p class=\"description\"> Pendant que vous profitez de la piscine, vous pouvez d\u00e9guster les cocktails du Pool Bar, prendre des boissons chaudes ou froides au Palm Bar avant le d\u00eener, puis siroter votre verre, au c\u0153ur de l\u2019atmosph\u00e8re romantique du Sea Bar ou face \u00e0 la vue magnifique du Roof Bar, \u00e0 mesure que la nuit avance. <\/p>\n\t\t\t\t\n\t\t\t\t\t\n\t\t\t<\/div>\n\t\t<\/div>\n\t\t\n\t\t\t\t\t\t<\/div>\n\t\t\t\t<\/div>\n\t\t\t\t\t<\/div>\n\t\t<\/div>\n\t\t\t\t\t<\/div>\n\t\t<\/section>\n\t\t\t\t<section class=\"elementor-section elementor-inner-section elementor-element elementor-element-78a5624 elementor-section-full_width elementor-section-height-default elementor-section-height-default\" data-id=\"78a5624\" data-element_type=\"section\" data-e-type=\"section\" data-settings=\"{&quot;background_background&quot;:&quot;classic&quot;,&quot;animation&quot;:&quot;none&quot;,&quot;animation_tablet&quot;:&quot;none&quot;}\">\n\t\t\t\t\t\t<div class=\"elementor-container elementor-column-gap-no\">\n\t\t\t\t\t<div class=\"elementor-column elementor-col-100 elementor-inner-column elementor-element elementor-element-ed5a25b\" data-id=\"ed5a25b\" data-element_type=\"column\" data-e-type=\"column\" data-settings=\"{&quot;background_background&quot;:&quot;classic&quot;}\">\n\t\t\t<div class=\"elementor-widget-wrap elementor-element-populated\">\n\t\t\t\t\t\t<div class=\"elementor-element elementor-element-5983f92 elementor-widget elementor-widget-romancy_elementor_ova_image_box_2\" data-id=\"5983f92\" data-element_type=\"widget\" data-e-type=\"widget\" data-settings=\"{&quot;_animation&quot;:&quot;none&quot;,&quot;_animation_tablet&quot;:&quot;none&quot;}\" data-widget_type=\"romancy_elementor_ova_image_box_2.default\">\n\t\t\t\t<div class=\"elementor-widget-container\">\n\t\t\t\t\t\n\t\t<div class=\"ova-image-box-2\">\n\n\t\t\t<div class=\"ova-image-2\">\n\t\t\t\t\t\t\t\t\t<a href=\"https:\/\/hotelsamara.com\/fr\/equipements-de-lhotel\/centre-de-sante-spa\/\" >\n\t\t\t\t\n\t\t\t\t\t<img decoding=\"async\" src=\"https:\/\/hotelsamara.com\/wp-content\/uploads\/2025\/11\/aktiviteler-401.webp\" class=\"ova-image\" alt=\"Centre de Bien-\u00eatre\">\n\t\t\t\t\n\t\t\t\t\t\t\t\t\t<\/a>\n\t\t\t\t\t\t\t<\/div>\n\n\t\t\t<div class=\"ova-title\">\n\t\t\t\t\t\t\t\t\t<h3 class=\"sub-title\">HOTEL SAMARA<\/h3>\n\t\t\t\t\n\t\t\t\t\t\t\t\t\t\t\t\t\t\t\n\t\t\t\t\t\t<h2 class=\"title\">\n\t\t\t\t\t\t\t\n\t\t\t\t\t\t\t\t<a href=\"https:\/\/hotelsamara.com\/fr\/equipements-de-lhotel\/centre-de-sante-spa\/\">\n\t\t\t\t\t\t\t\t\tCentre de Bien-\u00eatre\t\t\t\t\t\t\t\t<\/a>\n\n\t\t\t\t\t\t<\/h2>\n\n\t\t\t\t\t\t\t\t\t\n\t\t\t\t\t\t\t\t\t<p class=\"description\"> Commencez la journ\u00e9e avec \u00e9nergie dans notre centre de fitness moderne, puis \u00e9liminez les toxines gr\u00e2ce \u00e0 l&#039;effet relaxant du rituel traditionnel du hammam turc, du sauna et du jacuzzi. <\/p>\n\t\t\t\t\n\t\t\t\t\t\n\t\t\t<\/div>\n\t\t<\/div>\n\t\t\n\t\t\t\t\t\t<\/div>\n\t\t\t\t<\/div>\n\t\t\t\t\t<\/div>\n\t\t<\/div>\n\t\t\t\t\t<\/div>\n\t\t<\/section>\n\t\t\t\t<section class=\"elementor-section elementor-inner-section elementor-element elementor-element-23c631c elementor-section-full_width elementor-section-height-default elementor-section-height-default\" data-id=\"23c631c\" data-element_type=\"section\" data-e-type=\"section\" data-settings=\"{&quot;background_background&quot;:&quot;classic&quot;,&quot;animation&quot;:&quot;none&quot;,&quot;animation_tablet&quot;:&quot;none&quot;}\">\n\t\t\t\t\t\t<div class=\"elementor-container elementor-column-gap-no\">\n\t\t\t\t\t<div class=\"elementor-column elementor-col-100 elementor-inner-column elementor-element elementor-element-2fb168c\" data-id=\"2fb168c\" data-element_type=\"column\" data-e-type=\"column\" data-settings=\"{&quot;background_background&quot;:&quot;classic&quot;}\">\n\t\t\t<div class=\"elementor-widget-wrap elementor-element-populated\">\n\t\t\t\t\t\t<div class=\"elementor-element elementor-element-2904def elementor-widget elementor-widget-romancy_elementor_ova_image_box_2\" data-id=\"2904def\" data-element_type=\"widget\" data-e-type=\"widget\" data-settings=\"{&quot;_animation&quot;:&quot;none&quot;,&quot;_animation_tablet&quot;:&quot;none&quot;}\" data-widget_type=\"romancy_elementor_ova_image_box_2.default\">\n\t\t\t\t<div class=\"elementor-widget-container\">\n\t\t\t\t\t\n\t\t<div class=\"ova-image-box-2\">\n\n\t\t\t<div class=\"ova-image-2\">\n\t\t\t\t\t\t\t\t\t<a href=\"https:\/\/hotelsamara.com\/fr\/equipements-de-lhotel\/reunion-conference\/\" >\n\t\t\t\t\n\t\t\t\t\t<img decoding=\"async\" src=\"https:\/\/hotelsamara.com\/wp-content\/uploads\/2022\/08\/yiyecek-icecek-bolumleri-hotel-samara-101.webp\" class=\"ova-image\" alt=\"Restauration &amp; Boissons\">\n\t\t\t\t\n\t\t\t\t\t\t\t\t\t<\/a>\n\t\t\t\t\t\t\t<\/div>\n\n\t\t\t<div class=\"ova-title\">\n\t\t\t\t\t\t\t\t\t<h3 class=\"sub-title\">HOTEL SAMARA<\/h3>\n\t\t\t\t\n\t\t\t\t\t\t\t\t\t\t\t\t\t\t\n\t\t\t\t\t\t<h2 class=\"title\">\n\t\t\t\t\t\t\t\n\t\t\t\t\t\t\t\t<a href=\"https:\/\/hotelsamara.com\/fr\/equipements-de-lhotel\/reunion-conference\/\">\n\t\t\t\t\t\t\t\t\tRestauration &amp; Boissons\t\t\t\t\t\t\t\t<\/a>\n\n\t\t\t\t\t\t<\/h2>\n\n\t\t\t\t\t\t\t\t\t\n\t\t\t\t\t\t\t\t\t<p class=\"description\"> Les saveurs des cuisines turque, m\u00e9diterran\u00e9enne et internationale, pr\u00e9par\u00e9es par les chefs de notre h\u00f4tel et pr\u00e9sent\u00e9es dans de vastes buffets \u00e0 volont\u00e9, vous attendent avec une multitude de choix adapt\u00e9s \u00e0 votre palais. <\/p>\n\t\t\t\t\n\t\t\t\t\t\n\t\t\t<\/div>\n\t\t<\/div>\n\t\t\n\t\t\t\t\t\t<\/div>\n\t\t\t\t<\/div>\n\t\t\t\t\t<\/div>\n\t\t<\/div>\n\t\t\t\t\t<\/div>\n\t\t<\/section>\n\t\t\t\t<section class=\"elementor-section elementor-inner-section elementor-element elementor-element-6d3c4c3 elementor-section-full_width elementor-section-height-default elementor-section-height-default\" data-id=\"6d3c4c3\" data-element_type=\"section\" data-e-type=\"section\" data-settings=\"{&quot;background_background&quot;:&quot;classic&quot;,&quot;animation&quot;:&quot;none&quot;,&quot;animation_tablet&quot;:&quot;none&quot;}\">\n\t\t\t\t\t\t<div class=\"elementor-container elementor-column-gap-no\">\n\t\t\t\t\t<div class=\"elementor-column elementor-col-100 elementor-inner-column elementor-element elementor-element-f122caa\" data-id=\"f122caa\" data-element_type=\"column\" data-e-type=\"column\" data-settings=\"{&quot;background_background&quot;:&quot;classic&quot;}\">\n\t\t\t<div class=\"elementor-widget-wrap elementor-element-populated\">\n\t\t\t\t\t\t<div class=\"elementor-element elementor-element-291b446 elementor-widget elementor-widget-romancy_elementor_ova_image_box_2\" data-id=\"291b446\" data-element_type=\"widget\" data-e-type=\"widget\" data-settings=\"{&quot;_animation&quot;:&quot;none&quot;,&quot;_animation_tablet&quot;:&quot;none&quot;}\" data-widget_type=\"romancy_elementor_ova_image_box_2.default\">\n\t\t\t\t<div class=\"elementor-widget-container\">\n\t\t\t\t\t\n\t\t<div class=\"ova-image-box-2\">\n\n\t\t\t<div class=\"ova-image-2\">\n\t\t\t\t\t\t\t\t\t<a href=\"https:\/\/hotelsamara.com\/fr\/equipements-de-lhotel\/reunion-conference\/\" >\n\t\t\t\t\n\t\t\t\t\t<img decoding=\"async\" src=\"https:\/\/hotelsamara.com\/wp-content\/uploads\/2025\/11\/konferans-toplanti.webp\" class=\"ova-image\" alt=\"R\u00e9unions &amp; Conf\u00e9rences\">\n\t\t\t\t\n\t\t\t\t\t\t\t\t\t<\/a>\n\t\t\t\t\t\t\t<\/div>\n\n\t\t\t<div class=\"ova-title\">\n\t\t\t\t\t\t\t\t\t<h3 class=\"sub-title\">HOTEL SAMARA<\/h3>\n\t\t\t\t\n\t\t\t\t\t\t\t\t\t\t\t\t\t\t\n\t\t\t\t\t\t<h2 class=\"title\">\n\t\t\t\t\t\t\t\n\t\t\t\t\t\t\t\t<a href=\"https:\/\/hotelsamara.com\/fr\/equipements-de-lhotel\/reunion-conference\/\">\n\t\t\t\t\t\t\t\t\tR\u00e9unions &amp; Conf\u00e9rences\t\t\t\t\t\t\t\t<\/a>\n\n\t\t\t\t\t\t<\/h2>\n\n\t\t\t\t\t\t\t\t\t\n\t\t\t\t\t\t\t\t\t<p class=\"description\"> L&#039;H\u00f4tel Samara, qui b\u00e9n\u00e9ficie d&#039;une situation tr\u00e8s avantageuse pour vos organisations professionnelles ou sociales, dispose toute l&#039;ann\u00e9e de salles \u00e9quip\u00e9es d&#039;outils et d&#039;\u00e9quipements modernes pour des \u00e9v\u00e9nements tels que des r\u00e9unions, s\u00e9minaires, repr\u00e9sentations th\u00e9\u00e2trales, projections de films, etc. <\/p>\n\t\t\t\t\n\t\t\t\t\t\n\t\t\t<\/div>\n\t\t<\/div>\n\t\t\n\t\t\t\t\t\t<\/div>\n\t\t\t\t<\/div>\n\t\t\t\t\t<\/div>\n\t\t<\/div>\n\t\t\t\t\t<\/div>\n\t\t<\/section>\n\t\t\t\t\t<\/div>\n\t\t<\/div>\n\t\t\t\t\t<\/div>\n\t\t<\/section>\n\t\t\t\t<\/div>\n\t\t","protected":false},"excerpt":{"rendered":"<p>HOTEL SAMARA Activit\u00e9s Pendant que vous profitez de la piscine, vous pouvez d\u00e9guster les cocktails du Pool Bar, prendre des boissons chaudes ou froides au Palm Bar avant le d\u00eener, puis siroter votre verre, au c\u0153ur de l\u2019atmosph\u00e8re romantique du Sea Bar ou face \u00e0 la vue magnifique du Roof Bar, \u00e0 mesure que la [&hellip;]<\/p>\n","protected":false},"author":1,"featured_media":0,"parent":0,"menu_order":0,"comment_status":"closed","ping_status":"closed","template":"elementor_header_footer","meta":{"_monsterinsights_skip_tracking":false,"_monsterinsights_sitenote_active":false,"_monsterinsights_sitenote_note":"","_monsterinsights_sitenote_category":0,"_uf_show_specific_survey":0,"_uf_disable_surveys":false,"footnotes":""},"class_list":["post-6739","page","type-page","status-publish","hentry"],"yoast_head":"<!-- This site is optimized with the Yoast SEO plugin v26.8 - https:\/\/yoast.com\/product\/yoast-seo-wordpress\/ -->\n<title>\u00c9quipements de l&#039;h\u00f4tel - Hotel Samara<\/title>\n<meta name=\"robots\" content=\"index, follow, max-snippet:-1, max-image-preview:large, max-video-preview:-1\" \/>\n<link rel=\"canonical\" href=\"https:\/\/hotelsamara.com\/fr\/equipements-de-lhotel\/\" \/>\n<meta property=\"og:locale\" content=\"fr_FR\" \/>\n<meta property=\"og:type\" content=\"article\" \/>\n<meta property=\"og:title\" content=\"\u00c9quipements de l&#039;h\u00f4tel - Hotel Samara\" \/>\n<meta property=\"og:description\" content=\"HOTEL SAMARA Activit\u00e9s Pendant que vous profitez de la piscine, vous pouvez d\u00e9guster les cocktails du Pool Bar, prendre des boissons chaudes ou froides au Palm Bar avant le d\u00eener, puis siroter votre verre, au c\u0153ur de l\u2019atmosph\u00e8re romantique du Sea Bar ou face \u00e0 la vue magnifique du Roof Bar, \u00e0 mesure que la [&hellip;]\" \/>\n<meta property=\"og:url\" content=\"https:\/\/hotelsamara.com\/fr\/equipements-de-lhotel\/\" \/>\n<meta property=\"og:site_name\" content=\"Hotel Samara\" \/>\n<meta property=\"article:publisher\" content=\"https:\/\/www.facebook.com\/samarahotel\" \/>\n<meta property=\"article:modified_time\" content=\"2025-12-20T11:25:19+00:00\" \/>\n<meta property=\"og:image\" content=\"https:\/\/hotelsamara.com\/wp-content\/uploads\/2025\/11\/tenis-aktivite.webp\" \/>\n<meta name=\"twitter:card\" content=\"summary_large_image\" \/>\n<meta name=\"twitter:label1\" content=\"Dur\u00e9e de lecture estim\u00e9e\" \/>\n\t<meta name=\"twitter:data1\" content=\"1 minute\" \/>\n<script type=\"application\/ld+json\" class=\"yoast-schema-graph\">{\"@context\":\"https:\/\/schema.org\",\"@graph\":[{\"@type\":\"WebPage\",\"@id\":\"https:\/\/hotelsamara.com\/fr\/equipements-de-lhotel\/\",\"url\":\"https:\/\/hotelsamara.com\/fr\/equipements-de-lhotel\/\",\"name\":\"\u00c9quipements de l'h\u00f4tel - Hotel Samara\",\"isPartOf\":{\"@id\":\"https:\/\/hotelsamara.com\/#website\"},\"primaryImageOfPage\":{\"@id\":\"https:\/\/hotelsamara.com\/fr\/equipements-de-lhotel\/#primaryimage\"},\"image\":{\"@id\":\"https:\/\/hotelsamara.com\/fr\/equipements-de-lhotel\/#primaryimage\"},\"thumbnailUrl\":\"https:\/\/hotelsamara.com\/wp-content\/uploads\/2025\/11\/tenis-aktivite.webp\",\"datePublished\":\"2025-11-23T09:53:33+00:00\",\"dateModified\":\"2025-12-20T11:25:19+00:00\",\"breadcrumb\":{\"@id\":\"https:\/\/hotelsamara.com\/fr\/equipements-de-lhotel\/#breadcrumb\"},\"inLanguage\":\"fr-FR\",\"potentialAction\":[{\"@type\":\"ReadAction\",\"target\":[\"https:\/\/hotelsamara.com\/fr\/equipements-de-lhotel\/\"]}]},{\"@type\":\"ImageObject\",\"inLanguage\":\"fr-FR\",\"@id\":\"https:\/\/hotelsamara.com\/fr\/equipements-de-lhotel\/#primaryimage\",\"url\":\"https:\/\/hotelsamara.com\/wp-content\/uploads\/2025\/11\/tenis-aktivite.webp\",\"contentUrl\":\"https:\/\/hotelsamara.com\/wp-content\/uploads\/2025\/11\/tenis-aktivite.webp\"},{\"@type\":\"BreadcrumbList\",\"@id\":\"https:\/\/hotelsamara.com\/fr\/equipements-de-lhotel\/#breadcrumb\",\"itemListElement\":[{\"@type\":\"ListItem\",\"position\":1,\"name\":\"Home\",\"item\":\"https:\/\/hotelsamara.com\/\"},{\"@type\":\"ListItem\",\"position\":2,\"name\":\"\u00c9quipements de l&#8217;h\u00f4tel\"}]},{\"@type\":\"WebSite\",\"@id\":\"https:\/\/hotelsamara.com\/#website\",\"url\":\"https:\/\/hotelsamara.com\/\",\"name\":\"Hotel Samara\",\"description\":\"Ege&#039;de L\u00fcks ve Huzurlu Tatil Deneyimi\",\"publisher\":{\"@id\":\"https:\/\/hotelsamara.com\/#organization\"},\"potentialAction\":[{\"@type\":\"SearchAction\",\"target\":{\"@type\":\"EntryPoint\",\"urlTemplate\":\"https:\/\/hotelsamara.com\/?s={search_term_string}\"},\"query-input\":{\"@type\":\"PropertyValueSpecification\",\"valueRequired\":true,\"valueName\":\"search_term_string\"}}],\"inLanguage\":\"fr-FR\"},{\"@type\":\"Organization\",\"@id\":\"https:\/\/hotelsamara.com\/#organization\",\"name\":\"Hotel Samara\",\"url\":\"https:\/\/hotelsamara.com\/\",\"logo\":{\"@type\":\"ImageObject\",\"inLanguage\":\"fr-FR\",\"@id\":\"https:\/\/hotelsamara.com\/#\/schema\/logo\/image\/\",\"url\":\"https:\/\/hotelsamara.com\/wp-content\/uploads\/2025\/11\/Hotel-Samara-Bodrum-Logo-h93.webp\",\"contentUrl\":\"https:\/\/hotelsamara.com\/wp-content\/uploads\/2025\/11\/Hotel-Samara-Bodrum-Logo-h93.webp\",\"width\":198,\"height\":93,\"caption\":\"Hotel Samara\"},\"image\":{\"@id\":\"https:\/\/hotelsamara.com\/#\/schema\/logo\/image\/\"},\"sameAs\":[\"https:\/\/www.facebook.com\/samarahotel\",\"https:\/\/www.instagram.com\/samarahotelbodrum\"]}]}<\/script>\n<!-- \/ Yoast SEO plugin. -->","yoast_head_json":{"title":"\u00c9quipements de l'h\u00f4tel - Hotel Samara","robots":{"index":"index","follow":"follow","max-snippet":"max-snippet:-1","max-image-preview":"max-image-preview:large","max-video-preview":"max-video-preview:-1"},"canonical":"https:\/\/hotelsamara.com\/fr\/equipements-de-lhotel\/","og_locale":"fr_FR","og_type":"article","og_title":"\u00c9quipements de l'h\u00f4tel - Hotel Samara","og_description":"HOTEL SAMARA Activit\u00e9s Pendant que vous profitez de la piscine, vous pouvez d\u00e9guster les cocktails du Pool Bar, prendre des boissons chaudes ou froides au Palm Bar avant le d\u00eener, puis siroter votre verre, au c\u0153ur de l\u2019atmosph\u00e8re romantique du Sea Bar ou face \u00e0 la vue magnifique du Roof Bar, \u00e0 mesure que la [&hellip;]","og_url":"https:\/\/hotelsamara.com\/fr\/equipements-de-lhotel\/","og_site_name":"Hotel Samara","article_publisher":"https:\/\/www.facebook.com\/samarahotel","article_modified_time":"2025-12-20T11:25:19+00:00","og_image":[{"url":"https:\/\/hotelsamara.com\/wp-content\/uploads\/2025\/11\/tenis-aktivite.webp","type":"","width":"","height":""}],"twitter_card":"summary_large_image","twitter_misc":{"Dur\u00e9e de lecture estim\u00e9e":"1 minute"},"schema":{"@context":"https:\/\/schema.org","@graph":[{"@type":"WebPage","@id":"https:\/\/hotelsamara.com\/fr\/equipements-de-lhotel\/","url":"https:\/\/hotelsamara.com\/fr\/equipements-de-lhotel\/","name":"\u00c9quipements de l'h\u00f4tel - Hotel Samara","isPartOf":{"@id":"https:\/\/hotelsamara.com\/#website"},"primaryImageOfPage":{"@id":"https:\/\/hotelsamara.com\/fr\/equipements-de-lhotel\/#primaryimage"},"image":{"@id":"https:\/\/hotelsamara.com\/fr\/equipements-de-lhotel\/#primaryimage"},"thumbnailUrl":"https:\/\/hotelsamara.com\/wp-content\/uploads\/2025\/11\/tenis-aktivite.webp","datePublished":"2025-11-23T09:53:33+00:00","dateModified":"2025-12-20T11:25:19+00:00","breadcrumb":{"@id":"https:\/\/hotelsamara.com\/fr\/equipements-de-lhotel\/#breadcrumb"},"inLanguage":"fr-FR","potentialAction":[{"@type":"ReadAction","target":["https:\/\/hotelsamara.com\/fr\/equipements-de-lhotel\/"]}]},{"@type":"ImageObject","inLanguage":"fr-FR","@id":"https:\/\/hotelsamara.com\/fr\/equipements-de-lhotel\/#primaryimage","url":"https:\/\/hotelsamara.com\/wp-content\/uploads\/2025\/11\/tenis-aktivite.webp","contentUrl":"https:\/\/hotelsamara.com\/wp-content\/uploads\/2025\/11\/tenis-aktivite.webp"},{"@type":"BreadcrumbList","@id":"https:\/\/hotelsamara.com\/fr\/equipements-de-lhotel\/#breadcrumb","itemListElement":[{"@type":"ListItem","position":1,"name":"Home","item":"https:\/\/hotelsamara.com\/"},{"@type":"ListItem","position":2,"name":"\u00c9quipements de l&#8217;h\u00f4tel"}]},{"@type":"WebSite","@id":"https:\/\/hotelsamara.com\/#website","url":"https:\/\/hotelsamara.com\/","name":"Hotel Samara","description":"Ege&#039;de L\u00fcks ve Huzurlu Tatil Deneyimi","publisher":{"@id":"https:\/\/hotelsamara.com\/#organization"},"potentialAction":[{"@type":"SearchAction","target":{"@type":"EntryPoint","urlTemplate":"https:\/\/hotelsamara.com\/?s={search_term_string}"},"query-input":{"@type":"PropertyValueSpecification","valueRequired":true,"valueName":"search_term_string"}}],"inLanguage":"fr-FR"},{"@type":"Organization","@id":"https:\/\/hotelsamara.com\/#organization","name":"Hotel Samara","url":"https:\/\/hotelsamara.com\/","logo":{"@type":"ImageObject","inLanguage":"fr-FR","@id":"https:\/\/hotelsamara.com\/#\/schema\/logo\/image\/","url":"https:\/\/hotelsamara.com\/wp-content\/uploads\/2025\/11\/Hotel-Samara-Bodrum-Logo-h93.webp","contentUrl":"https:\/\/hotelsamara.com\/wp-content\/uploads\/2025\/11\/Hotel-Samara-Bodrum-Logo-h93.webp","width":198,"height":93,"caption":"Hotel Samara"},"image":{"@id":"https:\/\/hotelsamara.com\/#\/schema\/logo\/image\/"},"sameAs":["https:\/\/www.facebook.com\/samarahotel","https:\/\/www.instagram.com\/samarahotelbodrum"]}]}},"_links":{"self":[{"href":"https:\/\/hotelsamara.com\/fr\/wp-json\/wp\/v2\/pages\/6739","targetHints":{"allow":["GET"]}}],"collection":[{"href":"https:\/\/hotelsamara.com\/fr\/wp-json\/wp\/v2\/pages"}],"about":[{"href":"https:\/\/hotelsamara.com\/fr\/wp-json\/wp\/v2\/types\/page"}],"author":[{"embeddable":true,"href":"https:\/\/hotelsamara.com\/fr\/wp-json\/wp\/v2\/users\/1"}],"replies":[{"embeddable":true,"href":"https:\/\/hotelsamara.com\/fr\/wp-json\/wp\/v2\/comments?post=6739"}],"version-history":[{"count":14,"href":"https:\/\/hotelsamara.com\/fr\/wp-json\/wp\/v2\/pages\/6739\/revisions"}],"predecessor-version":[{"id":8165,"href":"https:\/\/hotelsamara.com\/fr\/wp-json\/wp\/v2\/pages\/6739\/revisions\/8165"}],"wp:attachment":[{"href":"https:\/\/hotelsamara.com\/fr\/wp-json\/wp\/v2\/media?parent=6739"}],"curies":[{"name":"wp","href":"https:\/\/api.w.org\/{rel}","templated":true}]}}