{"id":7321,"date":"2025-12-10T13:19:13","date_gmt":"2025-12-10T10:19:13","guid":{"rendered":"https:\/\/hotelsamara.com\/?page_id=7321"},"modified":"2025-12-10T16:20:42","modified_gmt":"2025-12-10T13:20:42","slug":"data-policy-2","status":"publish","type":"page","link":"https:\/\/hotelsamara.com\/en\/data-policy-2\/","title":{"rendered":"Sustainability Tourism Policy"},"content":{"rendered":"\t\t<div data-elementor-type=\"wp-page\" data-elementor-id=\"7321\" class=\"elementor elementor-7321 elementor-7319\">\n\t\t\t\t<div class=\"elementor-element elementor-element-ec41f64 e-flex e-con-boxed e-con e-parent\" data-id=\"ec41f64\" data-element_type=\"container\" data-e-type=\"container\">\n\t\t\t\t\t<div class=\"e-con-inner\">\n\t\t<div class=\"elementor-element elementor-element-c3997f3 e-con-full e-flex e-con e-child\" data-id=\"c3997f3\" data-element_type=\"container\" data-e-type=\"container\">\n\t\t\t\t<div class=\"elementor-element elementor-element-7782b68 elementor-widget elementor-widget-image\" data-id=\"7782b68\" data-element_type=\"widget\" data-e-type=\"widget\" data-widget_type=\"image.default\">\n\t\t\t\t\t\t\t\t\t\t\t\t\t\t\t<img fetchpriority=\"high\" decoding=\"async\" width=\"500\" height=\"500\" src=\"https:\/\/hotelsamara.com\/wp-content\/uploads\/2025\/12\/hotel-samara-surdurulebilir-asama-2.webp\" class=\"attachment-full size-full wp-image-7398\" alt=\"T\u00fcrkiye Sustainable Tourism \u2013 Stage 2 GSTC Criteria Approved\" srcset=\"https:\/\/hotelsamara.com\/wp-content\/uploads\/2025\/12\/hotel-samara-surdurulebilir-asama-2.webp 500w, https:\/\/hotelsamara.com\/wp-content\/uploads\/2025\/12\/hotel-samara-surdurulebilir-asama-2-300x300.webp 300w, https:\/\/hotelsamara.com\/wp-content\/uploads\/2025\/12\/hotel-samara-surdurulebilir-asama-2-150x150.webp 150w, https:\/\/hotelsamara.com\/wp-content\/uploads\/2025\/12\/hotel-samara-surdurulebilir-asama-2-100x100.webp 100w\" sizes=\"(max-width: 500px) 100vw, 500px\" \/>\t\t\t\t\t\t\t\t\t\t\t\t\t\t\t<\/div>\n\t\t\t\t<\/div>\n\t\t<div class=\"elementor-element elementor-element-1b87fbe e-con-full e-flex e-con e-child\" data-id=\"1b87fbe\" data-element_type=\"container\" data-e-type=\"container\">\n\t\t\t\t<div class=\"elementor-element elementor-element-8d289c9 elementor-widget elementor-widget-romancy_elementor_heading\" data-id=\"8d289c9\" data-element_type=\"widget\" data-e-type=\"widget\" data-widget_type=\"romancy_elementor_heading.default\">\n\t\t\t\t<div class=\"elementor-widget-container\">\n\t\t\t\t\t\t\t<div class=\"ova-title\">\n\n\t\t\t\t\t\t\t<h3 class=\"sub-title\">HOTEL SAMARA<\/h3>\n\t\t\t\n\t\t\t\t\t\t\t\n\t\t\t\t\t\t\t<h2 class=\"title\">\n\n\t\t\t\t\t\t\t\tS\u00fcrd\u00fcr\u00fclebilirlik Politikam\u0131z\t\t\t\t\t\t\t\t \n\n\t\t\t\t\t\t\t<\/h2>\n\t\t\t\t\t\t\t\n\t\t\t\n\t\t<\/div> \n\t\t \t\n\t\t\t\t\t\t<\/div>\n\t\t\t\t<\/div>\n\t\t\t\t<div class=\"elementor-element elementor-element-fb933aa elementor-widget elementor-widget-text-editor\" data-id=\"fb933aa\" data-element_type=\"widget\" data-e-type=\"widget\" data-widget_type=\"text-editor.default\">\n\t\t\t\t\t\t\t\t\t<p class=\"lead\">As Hotel Samara, it is one of our principles to develop and carry out activities in accordance with the principles of sustainable tourism.<\/p><p>In this context, primarily; We provide safe and healthy conditions for our employees and guests we serve, and we evaluate any risks that may affect these conditions. We create all kinds of measures with our crisis management and action plans in order to eliminate the conditions that may arise in emergency situations. <\/p>\t\t\t\t\t\t\t\t<\/div>\n\t\t\t\t<\/div>\n\t\t\t\t\t<\/div>\n\t\t\t\t<\/div>\n\t\t<div class=\"elementor-element elementor-element-b570b17 e-flex e-con-boxed e-con e-parent\" data-id=\"b570b17\" data-element_type=\"container\" data-e-type=\"container\">\n\t\t\t\t\t<div class=\"e-con-inner\">\n\t\t\t\t<div class=\"elementor-element elementor-element-da1a560 elementor-widget elementor-widget-text-editor\" data-id=\"da1a560\" data-element_type=\"widget\" data-e-type=\"widget\" data-widget_type=\"text-editor.default\">\n\t\t\t\t\t\t\t\t\t<p class=\"lead\"><strong>In this context;<\/strong><\/p><ul><li>We continue to work to contribute and continuously improve tourism in our region and country.<\/li><li>We use legal disposal methods without polluting the natural environment, develop projects that will use the least resources, raise the awareness of our guests and employees and ask for their support.<\/li><li>In line with our purchasing policy, we support the tradesmen of the region by supporting the suppliers who produce and sell in our region.<\/li><li>We use renewable energy sources in our hotel. By obtaining 40% of our electricity consumption from solar energy, we contribute to the country&#8217;s economy and the environment. <\/li><li>At our hotel, we do not discriminate among our personnel by gender, religion, race, language, and we attach importance to increasing the number of our female employees.<\/li><li>We prefer to create our workforce, which is needed to contribute to the growth of the regional economy, from the people of the region.<\/li><li>Energy card system is used in our rooms. In addition, our air conditioners do not work when the balcony glass is open, your garbage is disposed of by recycling, and LED systems are preferred in all our lighting. <\/li><li>We do not allow child labor. We protect all the rights of our workers in accordance with legal regulations. <\/li><li>We pay attention to quality service provision in order to protect our brand value. We effectively use all necessary applications to follow the expectations and demands of our guests and to provide them with better quality service. <\/li><li>We follow the guest evaluation forms with social media and internal audits and provide the necessary reporting and analysis.<\/li><li>We strive to protect our children against all kinds of abuse and harmful substances.<\/li><li>While designing our buildings and concept, we consider the expectations of our guests and employees with special needs, adopt an approach of accessible service for everyone, and develop new projects in this regard.<\/li><li>We contribute to the preservation, development and promotion of local\/regional properties, sites and traditions of historical, archaeological, cultural and spiritual importance.<\/li><li>As part of our social responsibility projects, we reforest the nature and take care of the habitats of our friendly animals.<br><br><\/li><\/ul><h6 style=\"text-align: right;\">Samara Hotel Management<\/h6>\t\t\t\t\t\t\t\t<\/div>\n\t\t\t\t\t<\/div>\n\t\t\t\t<\/div>\n\t\t\t\t<\/div>\n\t\t","protected":false},"excerpt":{"rendered":"<p>HOTEL SAMARA S\u00fcrd\u00fcr\u00fclebilirlik Politikam\u0131z As Hotel Samara, it is one of our principles to develop and carry out activities in accordance with the principles of sustainable tourism. In this context, primarily; We provide safe and healthy conditions for our employees and guests we serve, and we evaluate any risks that may affect these conditions. We [&hellip;]<\/p>\n","protected":false},"author":1,"featured_media":0,"parent":0,"menu_order":0,"comment_status":"closed","ping_status":"closed","template":"elementor_header_footer","meta":{"_monsterinsights_skip_tracking":false,"_monsterinsights_sitenote_active":false,"_monsterinsights_sitenote_note":"","_monsterinsights_sitenote_category":0,"_uf_show_specific_survey":0,"_uf_disable_surveys":false,"footnotes":""},"class_list":["post-7321","page","type-page","status-publish","hentry"],"yoast_head":"<!-- This site is optimized with the Yoast SEO plugin v26.8 - https:\/\/yoast.com\/product\/yoast-seo-wordpress\/ -->\n<title>Sustainability Tourism Policy - Hotel Samara<\/title>\n<meta name=\"robots\" content=\"index, follow, max-snippet:-1, max-image-preview:large, max-video-preview:-1\" \/>\n<link rel=\"canonical\" href=\"https:\/\/hotelsamara.com\/en\/data-policy-2\/\" \/>\n<meta property=\"og:locale\" content=\"en_US\" \/>\n<meta property=\"og:type\" content=\"article\" \/>\n<meta property=\"og:title\" content=\"Sustainability Tourism Policy - Hotel Samara\" \/>\n<meta property=\"og:description\" content=\"HOTEL SAMARA S\u00fcrd\u00fcr\u00fclebilirlik Politikam\u0131z As Hotel Samara, it is one of our principles to develop and carry out activities in accordance with the principles of sustainable tourism. In this context, primarily; We provide safe and healthy conditions for our employees and guests we serve, and we evaluate any risks that may affect these conditions. We [&hellip;]\" \/>\n<meta property=\"og:url\" content=\"https:\/\/hotelsamara.com\/en\/data-policy-2\/\" \/>\n<meta property=\"og:site_name\" content=\"Hotel Samara\" \/>\n<meta property=\"article:publisher\" content=\"https:\/\/www.facebook.com\/samarahotel\" \/>\n<meta property=\"article:modified_time\" content=\"2025-12-10T13:20:42+00:00\" \/>\n<meta property=\"og:image\" content=\"https:\/\/hotelsamara.com\/wp-content\/uploads\/2025\/12\/hotel-samara-surdurulebilir-asama-2.webp\" \/>\n\t<meta property=\"og:image:width\" content=\"500\" \/>\n\t<meta property=\"og:image:height\" content=\"500\" \/>\n\t<meta property=\"og:image:type\" content=\"image\/webp\" \/>\n<meta name=\"twitter:card\" content=\"summary_large_image\" \/>\n<meta name=\"twitter:label1\" content=\"Est. reading time\" \/>\n\t<meta name=\"twitter:data1\" content=\"2 minutes\" \/>\n<script type=\"application\/ld+json\" class=\"yoast-schema-graph\">{\"@context\":\"https:\/\/schema.org\",\"@graph\":[{\"@type\":\"WebPage\",\"@id\":\"https:\/\/hotelsamara.com\/en\/data-policy-2\/\",\"url\":\"https:\/\/hotelsamara.com\/en\/data-policy-2\/\",\"name\":\"Sustainability Tourism Policy - Hotel Samara\",\"isPartOf\":{\"@id\":\"https:\/\/hotelsamara.com\/#website\"},\"primaryImageOfPage\":{\"@id\":\"https:\/\/hotelsamara.com\/en\/data-policy-2\/#primaryimage\"},\"image\":{\"@id\":\"https:\/\/hotelsamara.com\/en\/data-policy-2\/#primaryimage\"},\"thumbnailUrl\":\"https:\/\/hotelsamara.com\/wp-content\/uploads\/2025\/12\/hotel-samara-surdurulebilir-asama-2.webp\",\"datePublished\":\"2025-12-10T10:19:13+00:00\",\"dateModified\":\"2025-12-10T13:20:42+00:00\",\"breadcrumb\":{\"@id\":\"https:\/\/hotelsamara.com\/en\/data-policy-2\/#breadcrumb\"},\"inLanguage\":\"en-US\",\"potentialAction\":[{\"@type\":\"ReadAction\",\"target\":[\"https:\/\/hotelsamara.com\/en\/data-policy-2\/\"]}]},{\"@type\":\"ImageObject\",\"inLanguage\":\"en-US\",\"@id\":\"https:\/\/hotelsamara.com\/en\/data-policy-2\/#primaryimage\",\"url\":\"https:\/\/hotelsamara.com\/wp-content\/uploads\/2025\/12\/hotel-samara-surdurulebilir-asama-2.webp\",\"contentUrl\":\"https:\/\/hotelsamara.com\/wp-content\/uploads\/2025\/12\/hotel-samara-surdurulebilir-asama-2.webp\"},{\"@type\":\"BreadcrumbList\",\"@id\":\"https:\/\/hotelsamara.com\/en\/data-policy-2\/#breadcrumb\",\"itemListElement\":[{\"@type\":\"ListItem\",\"position\":1,\"name\":\"Home\",\"item\":\"https:\/\/hotelsamara.com\/\"},{\"@type\":\"ListItem\",\"position\":2,\"name\":\"Sustainability Tourism Policy\"}]},{\"@type\":\"WebSite\",\"@id\":\"https:\/\/hotelsamara.com\/#website\",\"url\":\"https:\/\/hotelsamara.com\/\",\"name\":\"Hotel Samara\",\"description\":\"Ege&#039;de L\u00fcks ve Huzurlu Tatil Deneyimi\",\"publisher\":{\"@id\":\"https:\/\/hotelsamara.com\/#organization\"},\"potentialAction\":[{\"@type\":\"SearchAction\",\"target\":{\"@type\":\"EntryPoint\",\"urlTemplate\":\"https:\/\/hotelsamara.com\/?s={search_term_string}\"},\"query-input\":{\"@type\":\"PropertyValueSpecification\",\"valueRequired\":true,\"valueName\":\"search_term_string\"}}],\"inLanguage\":\"en-US\"},{\"@type\":\"Organization\",\"@id\":\"https:\/\/hotelsamara.com\/#organization\",\"name\":\"Hotel Samara\",\"url\":\"https:\/\/hotelsamara.com\/\",\"logo\":{\"@type\":\"ImageObject\",\"inLanguage\":\"en-US\",\"@id\":\"https:\/\/hotelsamara.com\/#\/schema\/logo\/image\/\",\"url\":\"https:\/\/hotelsamara.com\/wp-content\/uploads\/2025\/11\/Hotel-Samara-Bodrum-Logo-h93.webp\",\"contentUrl\":\"https:\/\/hotelsamara.com\/wp-content\/uploads\/2025\/11\/Hotel-Samara-Bodrum-Logo-h93.webp\",\"width\":198,\"height\":93,\"caption\":\"Hotel Samara\"},\"image\":{\"@id\":\"https:\/\/hotelsamara.com\/#\/schema\/logo\/image\/\"},\"sameAs\":[\"https:\/\/www.facebook.com\/samarahotel\",\"https:\/\/www.instagram.com\/samarahotelbodrum\"]}]}<\/script>\n<!-- \/ Yoast SEO plugin. -->","yoast_head_json":{"title":"Sustainability Tourism Policy - Hotel Samara","robots":{"index":"index","follow":"follow","max-snippet":"max-snippet:-1","max-image-preview":"max-image-preview:large","max-video-preview":"max-video-preview:-1"},"canonical":"https:\/\/hotelsamara.com\/en\/data-policy-2\/","og_locale":"en_US","og_type":"article","og_title":"Sustainability Tourism Policy - Hotel Samara","og_description":"HOTEL SAMARA S\u00fcrd\u00fcr\u00fclebilirlik Politikam\u0131z As Hotel Samara, it is one of our principles to develop and carry out activities in accordance with the principles of sustainable tourism. In this context, primarily; We provide safe and healthy conditions for our employees and guests we serve, and we evaluate any risks that may affect these conditions. We [&hellip;]","og_url":"https:\/\/hotelsamara.com\/en\/data-policy-2\/","og_site_name":"Hotel Samara","article_publisher":"https:\/\/www.facebook.com\/samarahotel","article_modified_time":"2025-12-10T13:20:42+00:00","og_image":[{"width":500,"height":500,"url":"https:\/\/hotelsamara.com\/wp-content\/uploads\/2025\/12\/hotel-samara-surdurulebilir-asama-2.webp","type":"image\/webp"}],"twitter_card":"summary_large_image","twitter_misc":{"Est. reading time":"2 minutes"},"schema":{"@context":"https:\/\/schema.org","@graph":[{"@type":"WebPage","@id":"https:\/\/hotelsamara.com\/en\/data-policy-2\/","url":"https:\/\/hotelsamara.com\/en\/data-policy-2\/","name":"Sustainability Tourism Policy - Hotel Samara","isPartOf":{"@id":"https:\/\/hotelsamara.com\/#website"},"primaryImageOfPage":{"@id":"https:\/\/hotelsamara.com\/en\/data-policy-2\/#primaryimage"},"image":{"@id":"https:\/\/hotelsamara.com\/en\/data-policy-2\/#primaryimage"},"thumbnailUrl":"https:\/\/hotelsamara.com\/wp-content\/uploads\/2025\/12\/hotel-samara-surdurulebilir-asama-2.webp","datePublished":"2025-12-10T10:19:13+00:00","dateModified":"2025-12-10T13:20:42+00:00","breadcrumb":{"@id":"https:\/\/hotelsamara.com\/en\/data-policy-2\/#breadcrumb"},"inLanguage":"en-US","potentialAction":[{"@type":"ReadAction","target":["https:\/\/hotelsamara.com\/en\/data-policy-2\/"]}]},{"@type":"ImageObject","inLanguage":"en-US","@id":"https:\/\/hotelsamara.com\/en\/data-policy-2\/#primaryimage","url":"https:\/\/hotelsamara.com\/wp-content\/uploads\/2025\/12\/hotel-samara-surdurulebilir-asama-2.webp","contentUrl":"https:\/\/hotelsamara.com\/wp-content\/uploads\/2025\/12\/hotel-samara-surdurulebilir-asama-2.webp"},{"@type":"BreadcrumbList","@id":"https:\/\/hotelsamara.com\/en\/data-policy-2\/#breadcrumb","itemListElement":[{"@type":"ListItem","position":1,"name":"Home","item":"https:\/\/hotelsamara.com\/"},{"@type":"ListItem","position":2,"name":"Sustainability Tourism Policy"}]},{"@type":"WebSite","@id":"https:\/\/hotelsamara.com\/#website","url":"https:\/\/hotelsamara.com\/","name":"Hotel Samara","description":"Ege&#039;de L\u00fcks ve Huzurlu Tatil Deneyimi","publisher":{"@id":"https:\/\/hotelsamara.com\/#organization"},"potentialAction":[{"@type":"SearchAction","target":{"@type":"EntryPoint","urlTemplate":"https:\/\/hotelsamara.com\/?s={search_term_string}"},"query-input":{"@type":"PropertyValueSpecification","valueRequired":true,"valueName":"search_term_string"}}],"inLanguage":"en-US"},{"@type":"Organization","@id":"https:\/\/hotelsamara.com\/#organization","name":"Hotel Samara","url":"https:\/\/hotelsamara.com\/","logo":{"@type":"ImageObject","inLanguage":"en-US","@id":"https:\/\/hotelsamara.com\/#\/schema\/logo\/image\/","url":"https:\/\/hotelsamara.com\/wp-content\/uploads\/2025\/11\/Hotel-Samara-Bodrum-Logo-h93.webp","contentUrl":"https:\/\/hotelsamara.com\/wp-content\/uploads\/2025\/11\/Hotel-Samara-Bodrum-Logo-h93.webp","width":198,"height":93,"caption":"Hotel Samara"},"image":{"@id":"https:\/\/hotelsamara.com\/#\/schema\/logo\/image\/"},"sameAs":["https:\/\/www.facebook.com\/samarahotel","https:\/\/www.instagram.com\/samarahotelbodrum"]}]}},"_links":{"self":[{"href":"https:\/\/hotelsamara.com\/en\/wp-json\/wp\/v2\/pages\/7321","targetHints":{"allow":["GET"]}}],"collection":[{"href":"https:\/\/hotelsamara.com\/en\/wp-json\/wp\/v2\/pages"}],"about":[{"href":"https:\/\/hotelsamara.com\/en\/wp-json\/wp\/v2\/types\/page"}],"author":[{"embeddable":true,"href":"https:\/\/hotelsamara.com\/en\/wp-json\/wp\/v2\/users\/1"}],"replies":[{"embeddable":true,"href":"https:\/\/hotelsamara.com\/en\/wp-json\/wp\/v2\/comments?post=7321"}],"version-history":[{"count":4,"href":"https:\/\/hotelsamara.com\/en\/wp-json\/wp\/v2\/pages\/7321\/revisions"}],"predecessor-version":[{"id":7408,"href":"https:\/\/hotelsamara.com\/en\/wp-json\/wp\/v2\/pages\/7321\/revisions\/7408"}],"wp:attachment":[{"href":"https:\/\/hotelsamara.com\/en\/wp-json\/wp\/v2\/media?parent=7321"}],"curies":[{"name":"wp","href":"https:\/\/api.w.org\/{rel}","templated":true}]}}