{"id":7241,"date":"2025-12-08T00:56:39","date_gmt":"2025-12-07T21:56:39","guid":{"rendered":"https:\/\/hotelsamara.com\/cookie-policy\/"},"modified":"2025-12-08T20:11:35","modified_gmt":"2025-12-08T17:11:35","slug":"cookie-policy","status":"publish","type":"page","link":"https:\/\/hotelsamara.com\/en\/cookie-policy\/","title":{"rendered":"Cookie Policy"},"content":{"rendered":"\t\t<div data-elementor-type=\"wp-page\" data-elementor-id=\"7241\" class=\"elementor elementor-7241 elementor-7236\">\n\t\t\t\t\t\t<section class=\"elementor-section elementor-top-section elementor-element elementor-element-ef7ece0 elementor-section-boxed elementor-section-height-default elementor-section-height-default\" data-id=\"ef7ece0\" data-element_type=\"section\" data-e-type=\"section\">\n\t\t\t\t\t\t<div class=\"elementor-container elementor-column-gap-no\">\n\t\t\t\t\t<div class=\"elementor-column elementor-col-100 elementor-top-column elementor-element elementor-element-5d743b1 elementor-invisible\" data-id=\"5d743b1\" data-element_type=\"column\" data-e-type=\"column\" data-settings=\"{&quot;animation&quot;:&quot;fadeIn&quot;,&quot;animation_tablet&quot;:&quot;none&quot;}\">\n\t\t\t<div class=\"elementor-widget-wrap elementor-element-populated\">\n\t\t\t\t\t\t<div class=\"elementor-element elementor-element-6530a41 elementor-widget elementor-widget-romancy_elementor_heading\" data-id=\"6530a41\" data-element_type=\"widget\" data-e-type=\"widget\" data-widget_type=\"romancy_elementor_heading.default\">\n\t\t\t\t<div class=\"elementor-widget-container\">\n\t\t\t\t\t\t\t<div class=\"ova-title\">\n\n\t\t\t\t\t\t\t<h3 class=\"sub-title\">HOTEL SAMARA<\/h3>\n\t\t\t\n\t\t\t\t\t\t\t\n\t\t\t\t\t\t\t<h2 class=\"title\">\n\n\t\t\t\t\t\t\t\tCookie Policy\t\t\t\t\t\t\t\t \n\n\t\t\t\t\t\t\t<\/h2>\n\t\t\t\t\t\t\t\n\t\t\t\n\t\t<\/div> \n\t\t \t\n\t\t\t\t\t\t<\/div>\n\t\t\t\t<\/div>\n\t\t\t\t<div class=\"elementor-element elementor-element-8a65641 elementor-widget elementor-widget-heading\" data-id=\"8a65641\" data-element_type=\"widget\" data-e-type=\"widget\" data-widget_type=\"heading.default\">\n\t\t\t\t\t<h2 class=\"elementor-heading-title elementor-size-default\">T\u00dcRK KABLO Mamulleri Tevzi G\u0131da Ticaret A.\u015e.<\/h2>\t\t\t\t<\/div>\n\t\t\t\t<div class=\"elementor-element elementor-element-212b3e9 elementor-widget elementor-widget-text-editor\" data-id=\"212b3e9\" data-element_type=\"widget\" data-e-type=\"widget\" data-widget_type=\"text-editor.default\">\n\t\t\t\t\t\t\t\t\t<div><div><div><div><article><div><p>BROWSER COOKIES<\/p><p>Our company may obtain information about users\u2019 use of the website by means of a technical communication file (Cookie).<\/p><p>The aforementioned technical communication files are small text files that a website sends to the user\u2019s browser to be stored in the main memory. By storing information about the site\u2019s status and preferences, the technical communication file makes it easier to use the Internet.<\/p><p>The technical communication file helps to obtain statistical information such as how many people visit the site, for what purpose and how many times a person visits the site, and how long they stay. It also helps generate dynamically tailored advertisements and content from user-specific pages. The technical communication file is not designed to retrieve data from your main memory or your email, nor any other personal information. Most browsers are initially designed to accept technical communication files; however, users can change their settings if they wish, so that no technical communication files are received or so that a warning is displayed when such a file is sent.<\/p><p>Our company may change the provisions of this \u201cCookie Policy\u201d at any time by publishing it on the site or by sending an e-mail to users, or by announcing it on the site. In the event that the provisions of the Cookie Policy are changed, they shall enter into force on the date they are published.<\/p><p>The mandatory and optional cookies listed below are actively used during site visits.<\/p><p>Necessary:<\/p><p>Necessary cookies are cookies with basic functions that ensure visits to the website are secure and stable. This website cannot be fully accessed without these cookies.<\/p><figure>HTTP<table><tbody><tr><td>Cookie Name<\/td><td>Domain<\/td><td>Purpose<\/td><td>Time<\/td><td>Type<\/td><\/tr><tr><td>wp-settings-{user_id}<\/td><td>https:\/\/hotelsamara.com<\/td><td>It is used to maintain a user\u2019s wp-admin configuration.<\/td><td>1 year<\/td><td>HTTP<\/td><\/tr><tr><td>wporg_logged_in wporg_sec<\/td><td>https:\/\/hotelsamara.com<\/td><td>It is used to check whether the current visitor is logged in to their WordPress.org account. If you select the \u201cRemember Me\u201d option when logging in, it is valid for 14 days; otherwise, it is valid for the duration of the session.<\/td><td>14 days<\/td><td>HTTP<\/td><\/tr><tr><td>wporg_locale<\/td><td>https:\/\/hotelsamara.com<\/td><td><div><p>It is used to deliver\/adjust certain content to users based on their location.<\/p><\/div><\/td><td>1 year<\/td><td>HTTP<\/td><\/tr><tr><td>Technical Communication File<\/td><td>https:\/\/hotelsamara.com<\/td><td>The technical communication file helps to obtain statistical information such as how many people visit the site, for what purpose and how many times a person visits the site, and how long they stay. It also helps generate dynamically tailored advertisements and content from user-specific pages. The technical communication file is not designed to retrieve data from your main memory or your email, nor any other personal information. Most browsers are initially designed to accept technical communication files; however, users can change their settings if they wish, so that no technical communication files are received or so that a warning is displayed when such a file is sent.<\/td><td>1 y\u0131l<\/td><td>HTTP<\/td><\/tr><\/tbody><\/table><\/figure><p>Marketing cookies are used to evaluate users\u2019 visits to the website in order to provide a better site experience.<\/p><figure>Cookie Name<table><tbody><tr><td>Domain<\/td><td>Purpose<\/td><td>Duration<\/td><td>Type<\/td><\/tr><tr><td>test_cookie<\/td><td>https:\/\/hotelsamara.com<\/td><td>It is used to check whether users\u2019 browsers support cookies. More information: https:\/\/policies.google.com\/privacy<\/td><td>1 day<\/td><td>HTTP<\/td><\/tr><\/tbody><\/table><\/figure><p>Analytics:<\/p><p>Analytics cookies are used to analyze users\u2019 behavior on the website based on anonymously collected data.<\/p><figure><table><tbody><tr><td>Cookie Name<\/td><td>Domain<\/td><td>Purpose<\/td><td>Time<\/td><td>Type<\/td><\/tr><tr><td>_ga [x4]<\/td><td>https:\/\/hotelsamara.com<\/td><td>Statistical data about how visitors use the website is generated and stored based on Google ID records. More information: https:\/\/policies.google.com\/privacy<\/td><td>2 years<\/td><td>HTTP<\/td><\/tr><tr><td>_ga_# [x2]<\/td><td>https:\/\/hotelsamara.com<\/td><td>The number of users\u2019 first and repeat visits is recorded via Google Analytics. More information: https:\/\/policies.google.com\/privacy<\/td><td>2 years<\/td><td>HTTP<\/td><\/tr><tr><td>_gat [x4]<\/td><td>https:\/\/hotelsamara.com<\/td><td>Google Analytics taraf\u0131nda ( throttle request rate \u2013 throttle talep oranlar\u0131). Detayl\u0131 bilgi : https:\/\/policies.google.com\/privacy<\/td><td>1 day<\/td><td>HTTP<\/td><\/tr><tr><td>_gid [x4]<\/td><td>https:\/\/hotelsamara.com<\/td><td>Statistical data about how visitors use the website is generated and stored based on Google ID records. More information: https:\/\/policies.google.com\/privacy<\/td><td>1 day<\/td><td>HTTP<\/td><\/tr><tr><td>collect<\/td><td>https:\/\/hotelsamara.com<\/td><td><div><p>Basic information about the devices users use while visiting the website is recorded for marketing channel analysis.<\/p><\/div><\/td><td>Session<\/td><td>HTTP<\/td><\/tr><\/tbody><\/table><\/figure><p>For any questions or suggestions regarding our cookie policy, you can send an email to info@hotelsamara.com . You can reach our company using the contact information below.<\/p><p>Company Title: T\u00dcRK KABLO Mamulleri Tevzi G\u0131da Ticaret A.\u015e.<\/p><p>Address: Torba Mahallesi 3129 Sok. No:1 Kaynar Mevkii Bodrum\/Mu\u011fla, T\u00fcrkiye<\/p><p>Email: info@hotelsamara.com<\/p><p>Tel: +90 252 337 1244 pbx<\/p><\/div><\/article><\/div><\/div><\/div><\/div>\t\t\t\t\t\t\t\t<\/div>\n\t\t\t\t<div class=\"elementor-element elementor-element-8ea9146 elementor-widget elementor-widget-button\" data-id=\"8ea9146\" data-element_type=\"widget\" data-e-type=\"widget\" data-widget_type=\"button.default\">\n\t\t\t\t\t\t\t\t\t\t<a class=\"elementor-button elementor-button-link elementor-size-sm\" href=\"https:\/\/hotelsamara.com\/wp-content\/uploads\/2025\/12\/HOTEL-SAMARA-KVKK_BASVURU_FORMU.pdf\">\n\t\t\t\t\t\t<span class=\"elementor-button-content-wrapper\">\n\t\t\t\t\t\t\t\t\t<span class=\"elementor-button-text\">KVKK BA\u015eVURU FORMU<\/span>\n\t\t\t\t\t<\/span>\n\t\t\t\t\t<\/a>\n\t\t\t\t\t\t\t\t<\/div>\n\t\t\t\t\t<\/div>\n\t\t<\/div>\n\t\t\t\t\t<\/div>\n\t\t<\/section>\n\t\t\t\t<\/div>\n\t\t","protected":false},"excerpt":{"rendered":"<p>HOTEL SAMARA Cookie Policy T\u00dcRK KABLO Mamulleri Tevzi G\u0131da Ticaret A.\u015e. BROWSER COOKIES Our company may obtain information about users\u2019 use of the website by means of a technical communication file (Cookie). The aforementioned technical communication files are small text files that a website sends to the user\u2019s browser to be stored in the main [&hellip;]<\/p>\n","protected":false},"author":1,"featured_media":0,"parent":0,"menu_order":0,"comment_status":"closed","ping_status":"closed","template":"","meta":{"_monsterinsights_skip_tracking":false,"_monsterinsights_sitenote_active":false,"_monsterinsights_sitenote_note":"","_monsterinsights_sitenote_category":0,"_uf_show_specific_survey":0,"_uf_disable_surveys":false,"footnotes":""},"class_list":["post-7241","page","type-page","status-publish","hentry"],"yoast_head":"<!-- This site is optimized with the Yoast SEO plugin v26.8 - https:\/\/yoast.com\/product\/yoast-seo-wordpress\/ -->\n<title>Cookie Policy - Hotel Samara<\/title>\n<meta name=\"robots\" content=\"index, follow, max-snippet:-1, max-image-preview:large, max-video-preview:-1\" \/>\n<link rel=\"canonical\" href=\"https:\/\/hotelsamara.com\/en\/cookie-policy\/\" \/>\n<meta property=\"og:locale\" content=\"en_US\" \/>\n<meta property=\"og:type\" content=\"article\" \/>\n<meta property=\"og:title\" content=\"Cookie Policy - Hotel Samara\" \/>\n<meta property=\"og:description\" content=\"HOTEL SAMARA Cookie Policy T\u00dcRK KABLO Mamulleri Tevzi G\u0131da Ticaret A.\u015e. BROWSER COOKIES Our company may obtain information about users\u2019 use of the website by means of a technical communication file (Cookie). The aforementioned technical communication files are small text files that a website sends to the user\u2019s browser to be stored in the main [&hellip;]\" \/>\n<meta property=\"og:url\" content=\"https:\/\/hotelsamara.com\/en\/cookie-policy\/\" \/>\n<meta property=\"og:site_name\" content=\"Hotel Samara\" \/>\n<meta property=\"article:publisher\" content=\"https:\/\/www.facebook.com\/samarahotel\" \/>\n<meta property=\"article:modified_time\" content=\"2025-12-08T17:11:35+00:00\" \/>\n<meta name=\"twitter:card\" content=\"summary_large_image\" \/>\n<meta name=\"twitter:label1\" content=\"Est. reading time\" \/>\n\t<meta name=\"twitter:data1\" content=\"4 minutes\" \/>\n<script type=\"application\/ld+json\" class=\"yoast-schema-graph\">{\"@context\":\"https:\/\/schema.org\",\"@graph\":[{\"@type\":\"WebPage\",\"@id\":\"https:\/\/hotelsamara.com\/en\/cookie-policy\/\",\"url\":\"https:\/\/hotelsamara.com\/en\/cookie-policy\/\",\"name\":\"Cookie Policy - Hotel Samara\",\"isPartOf\":{\"@id\":\"https:\/\/hotelsamara.com\/#website\"},\"datePublished\":\"2025-12-07T21:56:39+00:00\",\"dateModified\":\"2025-12-08T17:11:35+00:00\",\"breadcrumb\":{\"@id\":\"https:\/\/hotelsamara.com\/en\/cookie-policy\/#breadcrumb\"},\"inLanguage\":\"en-US\",\"potentialAction\":[{\"@type\":\"ReadAction\",\"target\":[\"https:\/\/hotelsamara.com\/en\/cookie-policy\/\"]}]},{\"@type\":\"BreadcrumbList\",\"@id\":\"https:\/\/hotelsamara.com\/en\/cookie-policy\/#breadcrumb\",\"itemListElement\":[{\"@type\":\"ListItem\",\"position\":1,\"name\":\"Home\",\"item\":\"https:\/\/hotelsamara.com\/\"},{\"@type\":\"ListItem\",\"position\":2,\"name\":\"Cookie Policy\"}]},{\"@type\":\"WebSite\",\"@id\":\"https:\/\/hotelsamara.com\/#website\",\"url\":\"https:\/\/hotelsamara.com\/\",\"name\":\"Hotel Samara\",\"description\":\"Ege&#039;de L\u00fcks ve Huzurlu Tatil Deneyimi\",\"publisher\":{\"@id\":\"https:\/\/hotelsamara.com\/#organization\"},\"potentialAction\":[{\"@type\":\"SearchAction\",\"target\":{\"@type\":\"EntryPoint\",\"urlTemplate\":\"https:\/\/hotelsamara.com\/?s={search_term_string}\"},\"query-input\":{\"@type\":\"PropertyValueSpecification\",\"valueRequired\":true,\"valueName\":\"search_term_string\"}}],\"inLanguage\":\"en-US\"},{\"@type\":\"Organization\",\"@id\":\"https:\/\/hotelsamara.com\/#organization\",\"name\":\"Hotel Samara\",\"url\":\"https:\/\/hotelsamara.com\/\",\"logo\":{\"@type\":\"ImageObject\",\"inLanguage\":\"en-US\",\"@id\":\"https:\/\/hotelsamara.com\/#\/schema\/logo\/image\/\",\"url\":\"https:\/\/hotelsamara.com\/wp-content\/uploads\/2025\/11\/Hotel-Samara-Bodrum-Logo-h93.webp\",\"contentUrl\":\"https:\/\/hotelsamara.com\/wp-content\/uploads\/2025\/11\/Hotel-Samara-Bodrum-Logo-h93.webp\",\"width\":198,\"height\":93,\"caption\":\"Hotel Samara\"},\"image\":{\"@id\":\"https:\/\/hotelsamara.com\/#\/schema\/logo\/image\/\"},\"sameAs\":[\"https:\/\/www.facebook.com\/samarahotel\",\"https:\/\/www.instagram.com\/samarahotelbodrum\"]}]}<\/script>\n<!-- \/ Yoast SEO plugin. -->","yoast_head_json":{"title":"Cookie Policy - Hotel Samara","robots":{"index":"index","follow":"follow","max-snippet":"max-snippet:-1","max-image-preview":"max-image-preview:large","max-video-preview":"max-video-preview:-1"},"canonical":"https:\/\/hotelsamara.com\/en\/cookie-policy\/","og_locale":"en_US","og_type":"article","og_title":"Cookie Policy - Hotel Samara","og_description":"HOTEL SAMARA Cookie Policy T\u00dcRK KABLO Mamulleri Tevzi G\u0131da Ticaret A.\u015e. BROWSER COOKIES Our company may obtain information about users\u2019 use of the website by means of a technical communication file (Cookie). The aforementioned technical communication files are small text files that a website sends to the user\u2019s browser to be stored in the main [&hellip;]","og_url":"https:\/\/hotelsamara.com\/en\/cookie-policy\/","og_site_name":"Hotel Samara","article_publisher":"https:\/\/www.facebook.com\/samarahotel","article_modified_time":"2025-12-08T17:11:35+00:00","twitter_card":"summary_large_image","twitter_misc":{"Est. reading time":"4 minutes"},"schema":{"@context":"https:\/\/schema.org","@graph":[{"@type":"WebPage","@id":"https:\/\/hotelsamara.com\/en\/cookie-policy\/","url":"https:\/\/hotelsamara.com\/en\/cookie-policy\/","name":"Cookie Policy - Hotel Samara","isPartOf":{"@id":"https:\/\/hotelsamara.com\/#website"},"datePublished":"2025-12-07T21:56:39+00:00","dateModified":"2025-12-08T17:11:35+00:00","breadcrumb":{"@id":"https:\/\/hotelsamara.com\/en\/cookie-policy\/#breadcrumb"},"inLanguage":"en-US","potentialAction":[{"@type":"ReadAction","target":["https:\/\/hotelsamara.com\/en\/cookie-policy\/"]}]},{"@type":"BreadcrumbList","@id":"https:\/\/hotelsamara.com\/en\/cookie-policy\/#breadcrumb","itemListElement":[{"@type":"ListItem","position":1,"name":"Home","item":"https:\/\/hotelsamara.com\/"},{"@type":"ListItem","position":2,"name":"Cookie Policy"}]},{"@type":"WebSite","@id":"https:\/\/hotelsamara.com\/#website","url":"https:\/\/hotelsamara.com\/","name":"Hotel Samara","description":"Ege&#039;de L\u00fcks ve Huzurlu Tatil Deneyimi","publisher":{"@id":"https:\/\/hotelsamara.com\/#organization"},"potentialAction":[{"@type":"SearchAction","target":{"@type":"EntryPoint","urlTemplate":"https:\/\/hotelsamara.com\/?s={search_term_string}"},"query-input":{"@type":"PropertyValueSpecification","valueRequired":true,"valueName":"search_term_string"}}],"inLanguage":"en-US"},{"@type":"Organization","@id":"https:\/\/hotelsamara.com\/#organization","name":"Hotel Samara","url":"https:\/\/hotelsamara.com\/","logo":{"@type":"ImageObject","inLanguage":"en-US","@id":"https:\/\/hotelsamara.com\/#\/schema\/logo\/image\/","url":"https:\/\/hotelsamara.com\/wp-content\/uploads\/2025\/11\/Hotel-Samara-Bodrum-Logo-h93.webp","contentUrl":"https:\/\/hotelsamara.com\/wp-content\/uploads\/2025\/11\/Hotel-Samara-Bodrum-Logo-h93.webp","width":198,"height":93,"caption":"Hotel Samara"},"image":{"@id":"https:\/\/hotelsamara.com\/#\/schema\/logo\/image\/"},"sameAs":["https:\/\/www.facebook.com\/samarahotel","https:\/\/www.instagram.com\/samarahotelbodrum"]}]}},"_links":{"self":[{"href":"https:\/\/hotelsamara.com\/en\/wp-json\/wp\/v2\/pages\/7241","targetHints":{"allow":["GET"]}}],"collection":[{"href":"https:\/\/hotelsamara.com\/en\/wp-json\/wp\/v2\/pages"}],"about":[{"href":"https:\/\/hotelsamara.com\/en\/wp-json\/wp\/v2\/types\/page"}],"author":[{"embeddable":true,"href":"https:\/\/hotelsamara.com\/en\/wp-json\/wp\/v2\/users\/1"}],"replies":[{"embeddable":true,"href":"https:\/\/hotelsamara.com\/en\/wp-json\/wp\/v2\/comments?post=7241"}],"version-history":[{"count":10,"href":"https:\/\/hotelsamara.com\/en\/wp-json\/wp\/v2\/pages\/7241\/revisions"}],"predecessor-version":[{"id":7254,"href":"https:\/\/hotelsamara.com\/en\/wp-json\/wp\/v2\/pages\/7241\/revisions\/7254"}],"wp:attachment":[{"href":"https:\/\/hotelsamara.com\/en\/wp-json\/wp\/v2\/media?parent=7241"}],"curies":[{"name":"wp","href":"https:\/\/api.w.org\/{rel}","templated":true}]}}