{"id":7255,"date":"2025-12-08T00:56:39","date_gmt":"2025-12-07T21:56:39","guid":{"rendered":"https:\/\/hotelsamara.com\/cerez-politikasi\/"},"modified":"2025-12-08T20:23:31","modified_gmt":"2025-12-08T17:23:31","slug":"cookie-richtlinie","status":"publish","type":"page","link":"https:\/\/hotelsamara.com\/de\/cookie-richtlinie\/","title":{"rendered":"Cookie Richtlinie"},"content":{"rendered":"\t\t<div data-elementor-type=\"wp-page\" data-elementor-id=\"7255\" class=\"elementor elementor-7255 elementor-7236\">\n\t\t\t\t\t\t<section class=\"elementor-section elementor-top-section elementor-element elementor-element-ef7ece0 elementor-section-boxed elementor-section-height-default elementor-section-height-default\" data-id=\"ef7ece0\" data-element_type=\"section\" data-e-type=\"section\">\n\t\t\t\t\t\t<div class=\"elementor-container elementor-column-gap-no\">\n\t\t\t\t\t<div class=\"elementor-column elementor-col-100 elementor-top-column elementor-element elementor-element-5d743b1 elementor-invisible\" data-id=\"5d743b1\" data-element_type=\"column\" data-e-type=\"column\" data-settings=\"{&quot;animation&quot;:&quot;fadeIn&quot;,&quot;animation_tablet&quot;:&quot;none&quot;}\">\n\t\t\t<div class=\"elementor-widget-wrap elementor-element-populated\">\n\t\t\t\t\t\t<div class=\"elementor-element elementor-element-6530a41 elementor-widget elementor-widget-romancy_elementor_heading\" data-id=\"6530a41\" data-element_type=\"widget\" data-e-type=\"widget\" data-widget_type=\"romancy_elementor_heading.default\">\n\t\t\t\t<div class=\"elementor-widget-container\">\n\t\t\t\t\t\t\t<div class=\"ova-title\">\n\n\t\t\t\t\t\t\t<h3 class=\"sub-title\">HOTEL SAMARA<\/h3>\n\t\t\t\n\t\t\t\t\t\t\t\n\t\t\t\t\t\t\t<h2 class=\"title\">\n\n\t\t\t\t\t\t\t\tCookie Richtlinie\t\t\t\t\t\t\t\t \n\n\t\t\t\t\t\t\t<\/h2>\n\t\t\t\t\t\t\t\n\t\t\t\n\t\t<\/div> \n\t\t \t\n\t\t\t\t\t\t<\/div>\n\t\t\t\t<\/div>\n\t\t\t\t<div class=\"elementor-element elementor-element-8a65641 elementor-widget elementor-widget-heading\" data-id=\"8a65641\" data-element_type=\"widget\" data-e-type=\"widget\" data-widget_type=\"heading.default\">\n\t\t\t\t\t<h2 class=\"elementor-heading-title elementor-size-default\">T\u00dcRK KABLO Mamulleri Tevzi G\u0131da Ticaret A.\u015e.<\/h2>\t\t\t\t<\/div>\n\t\t\t\t<div class=\"elementor-element elementor-element-212b3e9 elementor-widget elementor-widget-text-editor\" data-id=\"212b3e9\" data-element_type=\"widget\" data-e-type=\"widget\" data-widget_type=\"text-editor.default\">\n\t\t\t\t\t\t\t\t\t<div id=\"primary\" class=\"content-area\"><div class=\"container\"><div class=\"row\"><div class=\"col-sm-12 col-12\"><div><p>T\u00dcRK KABLO Mamulleri Tevzi G\u0131da Ticaret A.\u015e.<\/p><p>BROWSER-COOKIES<\/p><p>Unser Unternehmen kann Informationen \u00fcber die Nutzung der Website durch die Nutzer mittels einer technischen Kommunikationsdatei (Cookie) erheben.<\/p><p>Die genannten technischen Kommunikationsdateien sind kleine Textdateien, die von einer Website an den Browser des Nutzers gesendet werden, um im Hauptspeicher gespeichert zu werden. Die technische Kommunikationsdatei erleichtert die Nutzung des Internets, indem sie den Status der Website und die Pr\u00e4ferenzen speichert.<\/p><p>Die technische Kommunikationsdatei hilft dabei, statistische Informationen dar\u00fcber zu erhalten, wie viele Personen die Website besuchen, zu welchem Zweck und wie oft eine Person die Website besucht und wie lange sie auf der Seite bleibt, sowie dynamisch Werbung und Inhalte \u00fcber speziell gestaltete Benutzerseiten f\u00fcr die Nutzer zu erstellen. Die technische Kommunikationsdatei ist nicht dazu bestimmt, Daten aus dem Hauptspeicher oder aus Ihrer E-Mail oder sonstige personenbezogene Informationen abzurufen. Die meisten Browser sind so eingestellt, dass sie technische Kommunikationsdateien anfangs akzeptieren, aber Nutzer k\u00f6nnen ihre Einstellungen so \u00e4ndern, dass die technische Kommunikationsdatei nicht empfangen wird oder dass eine Warnung angezeigt wird, wenn eine technische Kommunikationsdatei gesendet wird.<\/p><p>Unser Unternehmen kann die Bestimmungen dieser \u201eCookie-Richtlinie\u201c jederzeit \u00e4ndern, indem es sie auf der Website ver\u00f6ffentlicht oder den Nutzern per E\u2011Mail zusendet oder auf der Website bekannt macht. Wenn die Bestimmungen der Cookie-Richtlinie ge\u00e4ndert werden, treten sie mit dem Datum der Ver\u00f6ffentlichung in Kraft.<\/p><p>Die unten aufgef\u00fchrten und ausgew\u00e4hlten verpflichtenden und optionalen Cookies werden bei Website-Besuchen aktiv verwendet.<\/p><p>Erforderlich:<\/p><p>Erforderliche Cookies verf\u00fcgen \u00fcber grundlegende Funktionen, um einen sicheren und stabilen Besuch der Website zu gew\u00e4hrleisten. Diese Website kann ohne diese Cookies nicht vollst\u00e4ndig besucht werden.<\/p><table><thead><tr><th>Cookie-Name<\/th><th>Domain<\/th><th>Zweck<\/th><th>Dauer<\/th><th>Typ<\/th><\/tr><\/thead><tbody><tr><td>wp-settings-{user_id}<\/td><td><a href=\"https:\/\/hotelsamara.com\">https:\/\/hotelsamara.com<\/a><\/td><td>Wird verwendet, um die wp-admin-Konfiguration eines Benutzers beizubehalten.<\/td><td>1 Jahr<\/td><td>HTTP<\/td><\/tr><tr><td>wporg_logged_in wporg_sec<\/td><td><a href=\"https:\/\/hotelsamara.com\">https:\/\/hotelsamara.com<\/a><\/td><td>Wird verwendet, um zu pr\u00fcfen, ob der aktuelle Besucher als WordPress.org-Benutzer angemeldet ist. Wenn Sie bei der Anmeldung \u201eBeni hat\u0131rla \/ Angemeldet bleiben\u201c ausw\u00e4hlen, betr\u00e4gt die G\u00fcltigkeitsdauer 14 Tage. Andernfalls ist sie nur f\u00fcr die Dauer der Sitzung g\u00fcltig.<\/td><td>14 Tage<\/td><td>HTTP<\/td><\/tr><tr><td>wporg_locale<\/td><td><a href=\"https:\/\/hotelsamara.com\">https:\/\/hotelsamara.com<\/a><\/td><td>Wird verwendet, um bestimmte Inhalte je nach Standort der Nutzer zu \u00fcbertragen\/anzupassen.<\/td><td>1 Jahr<\/td><td>HTTP<\/td><\/tr><tr><td>Technische Kommunikationsdatei<\/td><td><a href=\"https:\/\/hotelsamara.com\">https:\/\/hotelsamara.com<\/a><\/td><td>Die technische Kommunikationsdatei hilft dabei, statistische Informationen dar\u00fcber zu erhalten, wie viele Personen die Website besuchen, zu welchem Zweck und wie oft eine Person die Website besucht und wie lange sie auf der Seite bleibt, sowie dynamisch Werbung und Inhalte \u00fcber speziell gestaltete Benutzerseiten f\u00fcr die Nutzer zu erstellen. Die technische Kommunikationsdatei ist nicht dazu bestimmt, Daten aus dem Hauptspeicher oder aus Ihrer E-Mail oder sonstige personenbezogene Informationen abzurufen. Die meisten Browser sind so eingestellt, dass sie technische Kommunikationsdateien anfangs akzeptieren, aber Nutzer k\u00f6nnen ihre Einstellungen so \u00e4ndern, dass die technische Kommunikationsdatei nicht empfangen wird oder dass eine Warnung angezeigt wird, wenn eine technische Kommunikationsdatei gesendet wird.<\/td><td>1 Jahr<\/td><td>HTTP<\/td><\/tr><\/tbody><\/table><p>Marketing:<\/p><p>Marketing-Cookies werden verwendet, um die Besuche der Nutzer auf der Website auszuwerten und dadurch ein besseres Website-Erlebnis zu erm\u00f6glichen.<\/p><table><thead><tr><th>Cookie-Name<\/th><th>Domain<\/th><th>Zweck<\/th><th>Dauer<\/th><th>Typ<\/th><\/tr><\/thead><tbody><tr><td>test_cookie<\/td><td><a href=\"https:\/\/hotelsamara.com\">https:\/\/hotelsamara.com<\/a><\/td><td>Es wird \u00fcberpr\u00fcft, ob die Browser der Nutzer Cookies unterst\u00fctzen. Ausf\u00fchrliche Informationen: <a href=\"https:\/\/policies.google.com\/privacy\">https:\/\/policies.google.com\/privacy<\/a><\/td><td>1 Tag<\/td><td>HTTP<\/td><\/tr><\/tbody><\/table><p>Analytik:<\/p><p>Analyse-Cookies werden verwendet, um das Verhalten der Nutzer auf der Website im Rahmen anonym erhobener Daten zu analysieren.<\/p><table><thead><tr><th>Cookie-Name<\/th><th>Domain<\/th><th>Zweck<\/th><th>Dauer<\/th><th>Typ<\/th><\/tr><\/thead><tbody><tr><td>_ga [x4]<\/td><td><a href=\"https:\/\/hotelsamara.com\">https:\/\/hotelsamara.com<\/a><\/td><td>Es werden statistische Daten dar\u00fcber erstellt und gespeichert, wie Besucher die Website gem\u00e4\u00df den Google\u2011ID\u2011Eintr\u00e4gen nutzen. Ausf\u00fchrliche Informationen: <a href=\"https:\/\/policies.google.com\/privacy\">https:\/\/policies.google.com\/privacy<\/a><\/td><td>2 Jahre<\/td><td>HTTP<\/td><\/tr><tr><td><em>ga<\/em># [x2]<\/td><td><a href=\"https:\/\/hotelsamara.com\">https:\/\/hotelsamara.com<\/a><\/td><td>Die Anzahl der ersten und wiederholten Besuche der Nutzer wird \u00fcber Google Analytics erfasst. Ausf\u00fchrliche Informationen: <a href=\"https:\/\/policies.google.com\/privacy\">https:\/\/policies.google.com\/privacy<\/a><\/td><td>2 Jahre<\/td><td>HTTP<\/td><\/tr><tr><td>_gat [x4]<\/td><td><a href=\"https:\/\/hotelsamara.com\">https:\/\/hotelsamara.com<\/a><\/td><td>Wird von Google Analytics verwendet, um die Anfragerate zu drosseln (\u201ethrottle request rate\u201c). Ausf\u00fchrliche Informationen: <a href=\"https:\/\/policies.google.com\/privacy\">https:\/\/policies.google.com\/privacy<\/a><\/td><td>1 Tag<\/td><td>HTTP<\/td><\/tr><tr><td>_gid [x4]<\/td><td><a href=\"https:\/\/hotelsamara.com\">https:\/\/hotelsamara.com<\/a><\/td><td>Es werden statistische Daten dar\u00fcber erstellt und gespeichert, wie Besucher die Website gem\u00e4\u00df den Google\u2011ID\u2011Eintr\u00e4gen nutzen. Ausf\u00fchrliche Informationen: <a href=\"https:\/\/policies.google.com\/privacy\">https:\/\/policies.google.com\/privacy<\/a><\/td><td>1 Tag<\/td><td>HTTP<\/td><\/tr><tr><td>collect<\/td><td><a href=\"https:\/\/hotelsamara.com\">https:\/\/hotelsamara.com<\/a><\/td><td>Basisinformationen zu den Ger\u00e4ten, mit denen Nutzer die Website besuchen, werden f\u00fcr die Analyse von Marketingkan\u00e4len gespeichert.<\/td><td>Session<\/td><td>HTTP<\/td><\/tr><\/tbody><\/table><p>F\u00fcr alle Fragen und Anregungen zu unserer Cookie-Richtlinie k\u00f6nnen Sie eine E\u2011Mail an info@hotelsamara.com\u00a0senden. Sie k\u00f6nnen unser Unternehmen unter den folgenden Kontaktdaten erreichen:<\/p><p>Unternehmensbezeichnung: T\u00dcRK KABLO Mamulleri Tevzi G\u0131da Ticaret A.\u015e.<\/p><p>Adresse: Torba Mahallesi 3129 Sok. No:1 Kaynar Mevkii Bodrum\/Mu\u011fla, T\u00fcrkei<\/p><p>E\u2011Mail: <a href=\"mailto:info@hotelsamara.com\">info@hotelsamara.com<\/a><\/p><p>Tel.: +90 252 337 1244 pbx<\/p><\/div><\/div><\/div><\/div><\/div>\t\t\t\t\t\t\t\t<\/div>\n\t\t\t\t<div class=\"elementor-element elementor-element-8ea9146 elementor-widget elementor-widget-button\" data-id=\"8ea9146\" data-element_type=\"widget\" data-e-type=\"widget\" data-widget_type=\"button.default\">\n\t\t\t\t\t\t\t\t\t\t<a class=\"elementor-button elementor-button-link elementor-size-sm\" href=\"https:\/\/hotelsamara.com\/wp-content\/uploads\/2025\/12\/HOTEL-SAMARA-KVKK_BASVURU_FORMU.pdf\">\n\t\t\t\t\t\t<span class=\"elementor-button-content-wrapper\">\n\t\t\t\t\t\t\t\t\t<span class=\"elementor-button-text\">KVKK BA\u015eVURU FORMU<\/span>\n\t\t\t\t\t<\/span>\n\t\t\t\t\t<\/a>\n\t\t\t\t\t\t\t\t<\/div>\n\t\t\t\t\t<\/div>\n\t\t<\/div>\n\t\t\t\t\t<\/div>\n\t\t<\/section>\n\t\t\t\t<\/div>\n\t\t","protected":false},"excerpt":{"rendered":"<p>HOTEL SAMARA Cookie Richtlinie T\u00dcRK KABLO Mamulleri Tevzi G\u0131da Ticaret A.\u015e. T\u00dcRK KABLO Mamulleri Tevzi G\u0131da Ticaret A.\u015e. BROWSER-COOKIES Unser Unternehmen kann Informationen \u00fcber die Nutzung der Website durch die Nutzer mittels einer technischen Kommunikationsdatei (Cookie) erheben. Die genannten technischen Kommunikationsdateien sind kleine Textdateien, die von einer Website an den Browser des Nutzers gesendet werden, [&hellip;]<\/p>\n","protected":false},"author":1,"featured_media":0,"parent":0,"menu_order":0,"comment_status":"closed","ping_status":"closed","template":"","meta":{"_monsterinsights_skip_tracking":false,"_monsterinsights_sitenote_active":false,"_monsterinsights_sitenote_note":"","_monsterinsights_sitenote_category":0,"_uf_show_specific_survey":0,"_uf_disable_surveys":false,"footnotes":""},"class_list":["post-7255","page","type-page","status-publish","hentry"],"yoast_head":"<!-- This site is optimized with the Yoast SEO plugin v26.8 - https:\/\/yoast.com\/product\/yoast-seo-wordpress\/ -->\n<title>Cookie Richtlinie - Hotel Samara<\/title>\n<meta name=\"robots\" content=\"index, follow, max-snippet:-1, max-image-preview:large, max-video-preview:-1\" \/>\n<link rel=\"canonical\" href=\"https:\/\/hotelsamara.com\/de\/cookie-richtlinie\/\" \/>\n<meta property=\"og:locale\" content=\"de_DE\" \/>\n<meta property=\"og:type\" content=\"article\" \/>\n<meta property=\"og:title\" content=\"Cookie Richtlinie - Hotel Samara\" \/>\n<meta property=\"og:description\" content=\"HOTEL SAMARA Cookie Richtlinie T\u00dcRK KABLO Mamulleri Tevzi G\u0131da Ticaret A.\u015e. T\u00dcRK KABLO Mamulleri Tevzi G\u0131da Ticaret A.\u015e. BROWSER-COOKIES Unser Unternehmen kann Informationen \u00fcber die Nutzung der Website durch die Nutzer mittels einer technischen Kommunikationsdatei (Cookie) erheben. Die genannten technischen Kommunikationsdateien sind kleine Textdateien, die von einer Website an den Browser des Nutzers gesendet werden, [&hellip;]\" \/>\n<meta property=\"og:url\" content=\"https:\/\/hotelsamara.com\/de\/cookie-richtlinie\/\" \/>\n<meta property=\"og:site_name\" content=\"Hotel Samara\" \/>\n<meta property=\"article:publisher\" content=\"https:\/\/www.facebook.com\/samarahotel\" \/>\n<meta property=\"article:modified_time\" content=\"2025-12-08T17:23:31+00:00\" \/>\n<meta name=\"twitter:card\" content=\"summary_large_image\" \/>\n<meta name=\"twitter:label1\" content=\"Gesch\u00e4tzte Lesezeit\" \/>\n\t<meta name=\"twitter:data1\" content=\"4\u00a0Minuten\" \/>\n<script type=\"application\/ld+json\" class=\"yoast-schema-graph\">{\"@context\":\"https:\/\/schema.org\",\"@graph\":[{\"@type\":\"WebPage\",\"@id\":\"https:\/\/hotelsamara.com\/de\/cookie-richtlinie\/\",\"url\":\"https:\/\/hotelsamara.com\/de\/cookie-richtlinie\/\",\"name\":\"Cookie Richtlinie - Hotel Samara\",\"isPartOf\":{\"@id\":\"https:\/\/hotelsamara.com\/#website\"},\"datePublished\":\"2025-12-07T21:56:39+00:00\",\"dateModified\":\"2025-12-08T17:23:31+00:00\",\"breadcrumb\":{\"@id\":\"https:\/\/hotelsamara.com\/de\/cookie-richtlinie\/#breadcrumb\"},\"inLanguage\":\"de\",\"potentialAction\":[{\"@type\":\"ReadAction\",\"target\":[\"https:\/\/hotelsamara.com\/de\/cookie-richtlinie\/\"]}]},{\"@type\":\"BreadcrumbList\",\"@id\":\"https:\/\/hotelsamara.com\/de\/cookie-richtlinie\/#breadcrumb\",\"itemListElement\":[{\"@type\":\"ListItem\",\"position\":1,\"name\":\"Home\",\"item\":\"https:\/\/hotelsamara.com\/\"},{\"@type\":\"ListItem\",\"position\":2,\"name\":\"Cookie Richtlinie\"}]},{\"@type\":\"WebSite\",\"@id\":\"https:\/\/hotelsamara.com\/#website\",\"url\":\"https:\/\/hotelsamara.com\/\",\"name\":\"Hotel Samara\",\"description\":\"Ege&#039;de L\u00fcks ve Huzurlu Tatil Deneyimi\",\"publisher\":{\"@id\":\"https:\/\/hotelsamara.com\/#organization\"},\"potentialAction\":[{\"@type\":\"SearchAction\",\"target\":{\"@type\":\"EntryPoint\",\"urlTemplate\":\"https:\/\/hotelsamara.com\/?s={search_term_string}\"},\"query-input\":{\"@type\":\"PropertyValueSpecification\",\"valueRequired\":true,\"valueName\":\"search_term_string\"}}],\"inLanguage\":\"de\"},{\"@type\":\"Organization\",\"@id\":\"https:\/\/hotelsamara.com\/#organization\",\"name\":\"Hotel Samara\",\"url\":\"https:\/\/hotelsamara.com\/\",\"logo\":{\"@type\":\"ImageObject\",\"inLanguage\":\"de\",\"@id\":\"https:\/\/hotelsamara.com\/#\/schema\/logo\/image\/\",\"url\":\"https:\/\/hotelsamara.com\/wp-content\/uploads\/2025\/11\/Hotel-Samara-Bodrum-Logo-h93.webp\",\"contentUrl\":\"https:\/\/hotelsamara.com\/wp-content\/uploads\/2025\/11\/Hotel-Samara-Bodrum-Logo-h93.webp\",\"width\":198,\"height\":93,\"caption\":\"Hotel Samara\"},\"image\":{\"@id\":\"https:\/\/hotelsamara.com\/#\/schema\/logo\/image\/\"},\"sameAs\":[\"https:\/\/www.facebook.com\/samarahotel\",\"https:\/\/www.instagram.com\/samarahotelbodrum\"]}]}<\/script>\n<!-- \/ Yoast SEO plugin. -->","yoast_head_json":{"title":"Cookie Richtlinie - Hotel Samara","robots":{"index":"index","follow":"follow","max-snippet":"max-snippet:-1","max-image-preview":"max-image-preview:large","max-video-preview":"max-video-preview:-1"},"canonical":"https:\/\/hotelsamara.com\/de\/cookie-richtlinie\/","og_locale":"de_DE","og_type":"article","og_title":"Cookie Richtlinie - Hotel Samara","og_description":"HOTEL SAMARA Cookie Richtlinie T\u00dcRK KABLO Mamulleri Tevzi G\u0131da Ticaret A.\u015e. T\u00dcRK KABLO Mamulleri Tevzi G\u0131da Ticaret A.\u015e. BROWSER-COOKIES Unser Unternehmen kann Informationen \u00fcber die Nutzung der Website durch die Nutzer mittels einer technischen Kommunikationsdatei (Cookie) erheben. Die genannten technischen Kommunikationsdateien sind kleine Textdateien, die von einer Website an den Browser des Nutzers gesendet werden, [&hellip;]","og_url":"https:\/\/hotelsamara.com\/de\/cookie-richtlinie\/","og_site_name":"Hotel Samara","article_publisher":"https:\/\/www.facebook.com\/samarahotel","article_modified_time":"2025-12-08T17:23:31+00:00","twitter_card":"summary_large_image","twitter_misc":{"Gesch\u00e4tzte Lesezeit":"4\u00a0Minuten"},"schema":{"@context":"https:\/\/schema.org","@graph":[{"@type":"WebPage","@id":"https:\/\/hotelsamara.com\/de\/cookie-richtlinie\/","url":"https:\/\/hotelsamara.com\/de\/cookie-richtlinie\/","name":"Cookie Richtlinie - Hotel Samara","isPartOf":{"@id":"https:\/\/hotelsamara.com\/#website"},"datePublished":"2025-12-07T21:56:39+00:00","dateModified":"2025-12-08T17:23:31+00:00","breadcrumb":{"@id":"https:\/\/hotelsamara.com\/de\/cookie-richtlinie\/#breadcrumb"},"inLanguage":"de","potentialAction":[{"@type":"ReadAction","target":["https:\/\/hotelsamara.com\/de\/cookie-richtlinie\/"]}]},{"@type":"BreadcrumbList","@id":"https:\/\/hotelsamara.com\/de\/cookie-richtlinie\/#breadcrumb","itemListElement":[{"@type":"ListItem","position":1,"name":"Home","item":"https:\/\/hotelsamara.com\/"},{"@type":"ListItem","position":2,"name":"Cookie Richtlinie"}]},{"@type":"WebSite","@id":"https:\/\/hotelsamara.com\/#website","url":"https:\/\/hotelsamara.com\/","name":"Hotel Samara","description":"Ege&#039;de L\u00fcks ve Huzurlu Tatil Deneyimi","publisher":{"@id":"https:\/\/hotelsamara.com\/#organization"},"potentialAction":[{"@type":"SearchAction","target":{"@type":"EntryPoint","urlTemplate":"https:\/\/hotelsamara.com\/?s={search_term_string}"},"query-input":{"@type":"PropertyValueSpecification","valueRequired":true,"valueName":"search_term_string"}}],"inLanguage":"de"},{"@type":"Organization","@id":"https:\/\/hotelsamara.com\/#organization","name":"Hotel Samara","url":"https:\/\/hotelsamara.com\/","logo":{"@type":"ImageObject","inLanguage":"de","@id":"https:\/\/hotelsamara.com\/#\/schema\/logo\/image\/","url":"https:\/\/hotelsamara.com\/wp-content\/uploads\/2025\/11\/Hotel-Samara-Bodrum-Logo-h93.webp","contentUrl":"https:\/\/hotelsamara.com\/wp-content\/uploads\/2025\/11\/Hotel-Samara-Bodrum-Logo-h93.webp","width":198,"height":93,"caption":"Hotel Samara"},"image":{"@id":"https:\/\/hotelsamara.com\/#\/schema\/logo\/image\/"},"sameAs":["https:\/\/www.facebook.com\/samarahotel","https:\/\/www.instagram.com\/samarahotelbodrum"]}]}},"_links":{"self":[{"href":"https:\/\/hotelsamara.com\/de\/wp-json\/wp\/v2\/pages\/7255","targetHints":{"allow":["GET"]}}],"collection":[{"href":"https:\/\/hotelsamara.com\/de\/wp-json\/wp\/v2\/pages"}],"about":[{"href":"https:\/\/hotelsamara.com\/de\/wp-json\/wp\/v2\/types\/page"}],"author":[{"embeddable":true,"href":"https:\/\/hotelsamara.com\/de\/wp-json\/wp\/v2\/users\/1"}],"replies":[{"embeddable":true,"href":"https:\/\/hotelsamara.com\/de\/wp-json\/wp\/v2\/comments?post=7255"}],"version-history":[{"count":5,"href":"https:\/\/hotelsamara.com\/de\/wp-json\/wp\/v2\/pages\/7255\/revisions"}],"predecessor-version":[{"id":7267,"href":"https:\/\/hotelsamara.com\/de\/wp-json\/wp\/v2\/pages\/7255\/revisions\/7267"}],"wp:attachment":[{"href":"https:\/\/hotelsamara.com\/de\/wp-json\/wp\/v2\/media?parent=7255"}],"curies":[{"name":"wp","href":"https:\/\/api.w.org\/{rel}","templated":true}]}}