{"id":7106,"date":"2025-12-07T23:56:07","date_gmt":"2025-12-07T20:56:07","guid":{"rendered":"https:\/\/hotelsamara.com\/?page_id=7106"},"modified":"2025-12-08T00:40:28","modified_gmt":"2025-12-07T21:40:28","slug":"nachhaltige-tourismuspolitik","status":"publish","type":"page","link":"https:\/\/hotelsamara.com\/de\/nachhaltige-tourismuspolitik\/","title":{"rendered":"Nachhaltige Tourismuspolitik"},"content":{"rendered":"\t\t<div data-elementor-type=\"wp-page\" data-elementor-id=\"7106\" class=\"elementor elementor-7106 elementor-7105\">\n\t\t\t\t\t\t<section class=\"elementor-section elementor-top-section elementor-element elementor-element-f641f64 elementor-section-boxed elementor-section-height-default elementor-section-height-default\" data-id=\"f641f64\" data-element_type=\"section\" data-e-type=\"section\">\n\t\t\t\t\t\t<div class=\"elementor-container elementor-column-gap-no\">\n\t\t\t\t\t<div class=\"elementor-column elementor-col-100 elementor-top-column elementor-element elementor-element-26675ff elementor-invisible\" data-id=\"26675ff\" data-element_type=\"column\" data-e-type=\"column\" data-settings=\"{&quot;animation&quot;:&quot;fadeIn&quot;,&quot;animation_tablet&quot;:&quot;none&quot;}\">\n\t\t\t<div class=\"elementor-widget-wrap elementor-element-populated\">\n\t\t\t\t\t\t<div class=\"elementor-element elementor-element-d58840c elementor-widget elementor-widget-text-editor\" data-id=\"d58840c\" data-element_type=\"widget\" data-e-type=\"widget\" data-widget_type=\"text-editor.default\">\n\t\t\t\t\t\t\t\t\t<p class=\"lead\">Als Hotel Samara ist es einer unserer Grunds\u00e4tze, Aktivit\u00e4ten im Einklang mit den Grunds\u00e4tzen des nachhaltigen Tourismus zu entwickeln und durchzuf\u00fchren.<\/p><p>In diesem Zusammenhang vor allem; Wir sorgen f\u00fcr sichere und gesunde Bedingungen f\u00fcr unsere Mitarbeiter und G\u00e4ste, die wir betreuen, und bewerten alle Risiken, die sich auf diese Bedingungen auswirken k\u00f6nnten. Mit unserem Krisenmanagement und unseren Aktionspl\u00e4nen schaffen wir Ma\u00dfnahmen aller Art, um die in Notsituationen auftretenden Zust\u00e4nde zu beseitigen.<\/p><p class=\"lead\">In diesem Kontext;<\/p><ul><li>Wir arbeiten weiterhin daran, den Tourismus in unserer Region und unserem Land kontinuierlich zu verbessern.<\/li><li>Wir nutzen legale Entsorgungsmethoden ohne die Umwelt zu belasten, entwickeln ressourcenschonende Projekte, sensibilisieren unsere G\u00e4ste und Mitarbeiter und bitten um ihre Unterst\u00fctzung.<\/li><li>Im Rahmen unserer Einkaufspolitik unterst\u00fctzen wir die Handwerker der Region, indem wir die Lieferanten unterst\u00fctzen, die in unserer Region produzieren und verkaufen.<\/li><li>Wir nutzen in unserem Hotel erneuerbare Energiequellen. Indem wir 40 % unseres Stromverbrauchs aus Solarenergie beziehen, tragen wir zur Wirtschaft und Umwelt des Landes bei.<\/li><li>In unserem Hotel diskriminieren wir unser Personal nicht nach Geschlecht, Religion, Rasse oder Sprache und legen Wert darauf, den Anteil unserer weiblichen Mitarbeiter zu erh\u00f6hen.<\/li><li>Unsere Arbeitskr\u00e4fte, die wir ben\u00f6tigen, um zum Wachstum der regionalen Wirtschaft beizutragen, stellen wir am liebsten aus den Menschen der Region zusammen.<\/li><li>In unseren Zimmern kommt das Energiekartensystem zum Einsatz. Dar\u00fcber hinaus funktionieren unsere Klimaanlagen nicht, wenn die Balkonverglasung ge\u00f6ffnet ist, Ihr M\u00fcll wird \u00fcber das Recycling entsorgt und bei unserer gesamten Beleuchtung werden LED-Systeme bevorzugt.<\/li><li>Wir erlauben keine Kinderarbeit. Wir sch\u00fctzen alle Rechte unserer Arbeitnehmer gem\u00e4\u00df den gesetzlichen Bestimmungen.<\/li><li>Wir achten auf eine qualitativ hochwertige Leistungserbringung, um unseren Markenwert zu sch\u00fctzen. Wir nutzen effektiv alle notwendigen Anwendungen, um den Erwartungen und Anforderungen unserer G\u00e4ste gerecht zu werden und ihnen einen besseren Service zu bieten.<\/li><li>Wir verfolgen die G\u00e4stebewertungsformulare mit Social Media und internen Audits und sorgen f\u00fcr die notwendige Berichterstattung und Analyse.<\/li><li>Wir sind bestrebt, unsere Kinder vor Missbrauch und sch\u00e4dlichen Substanzen aller Art zu sch\u00fctzen.<\/li><li>Bei der Gestaltung unserer Geb\u00e4ude und Konzepte ber\u00fccksichtigen wir die Erwartungen unserer G\u00e4ste und Mitarbeiter mit besonderen Bed\u00fcrfnissen, achten auf einen barrierefreien Service f\u00fcr alle und entwickeln diesbez\u00fcglich neue Projekte.<\/li><li>Wir tragen zur Erhaltung, Entwicklung und F\u00f6rderung lokaler\/regionaler G\u00fcter, St\u00e4tten und Traditionen von historischer, arch\u00e4ologischer, kultureller und spiritueller Bedeutung bei.<\/li><li>Im Rahmen unserer Sozialverantwortungsprojekte forsten wir die Natur wieder auf und k\u00fcmmern uns um die Lebensr\u00e4ume unserer freundlichen Tiere.<\/li><\/ul><h2>Samara Hotelmanagement<\/h2>\t\t\t\t\t\t\t\t<\/div>\n\t\t\t\t<div class=\"elementor-element elementor-element-9d1e1a5 elementor-widget elementor-widget-button\" data-id=\"9d1e1a5\" data-element_type=\"widget\" data-e-type=\"widget\" data-widget_type=\"button.default\">\n\t\t\t\t\t\t\t\t\t\t<a class=\"elementor-button elementor-button-link elementor-size-sm\" href=\"https:\/\/hotelsamara.com\/wp-content\/uploads\/2025\/12\/HOTEL-SAMARA-KVKK_BASVURU_FORMU.pdf\">\n\t\t\t\t\t\t<span class=\"elementor-button-content-wrapper\">\n\t\t\t\t\t\t\t\t\t<span class=\"elementor-button-text\">Bewerbungsformular<\/span>\n\t\t\t\t\t<\/span>\n\t\t\t\t\t<\/a>\n\t\t\t\t\t\t\t\t<\/div>\n\t\t\t\t\t<\/div>\n\t\t<\/div>\n\t\t\t\t\t<\/div>\n\t\t<\/section>\n\t\t\t\t<\/div>\n\t\t","protected":false},"excerpt":{"rendered":"<p>Als Hotel Samara ist es einer unserer Grunds\u00e4tze, Aktivit\u00e4ten im Einklang mit den Grunds\u00e4tzen des nachhaltigen Tourismus zu entwickeln und durchzuf\u00fchren. In diesem Zusammenhang vor allem; Wir sorgen f\u00fcr sichere und gesunde Bedingungen f\u00fcr unsere Mitarbeiter und G\u00e4ste, die wir betreuen, und bewerten alle Risiken, die sich auf diese Bedingungen auswirken k\u00f6nnten. Mit unserem Krisenmanagement [&hellip;]<\/p>\n","protected":false},"author":1,"featured_media":0,"parent":0,"menu_order":0,"comment_status":"closed","ping_status":"closed","template":"elementor_header_footer","meta":{"_monsterinsights_skip_tracking":false,"_monsterinsights_sitenote_active":false,"_monsterinsights_sitenote_note":"","_monsterinsights_sitenote_category":0,"_uf_show_specific_survey":0,"_uf_disable_surveys":false,"footnotes":""},"class_list":["post-7106","page","type-page","status-publish","hentry"],"yoast_head":"<!-- This site is optimized with the Yoast SEO plugin v26.8 - https:\/\/yoast.com\/product\/yoast-seo-wordpress\/ -->\n<title>Nachhaltige Tourismuspolitik - Hotel Samara<\/title>\n<meta name=\"robots\" content=\"index, follow, max-snippet:-1, max-image-preview:large, max-video-preview:-1\" \/>\n<link rel=\"canonical\" href=\"https:\/\/hotelsamara.com\/de\/nachhaltige-tourismuspolitik\/\" \/>\n<meta property=\"og:locale\" content=\"de_DE\" \/>\n<meta property=\"og:type\" content=\"article\" \/>\n<meta property=\"og:title\" content=\"Nachhaltige Tourismuspolitik - Hotel Samara\" \/>\n<meta property=\"og:description\" content=\"Als Hotel Samara ist es einer unserer Grunds\u00e4tze, Aktivit\u00e4ten im Einklang mit den Grunds\u00e4tzen des nachhaltigen Tourismus zu entwickeln und durchzuf\u00fchren. In diesem Zusammenhang vor allem; Wir sorgen f\u00fcr sichere und gesunde Bedingungen f\u00fcr unsere Mitarbeiter und G\u00e4ste, die wir betreuen, und bewerten alle Risiken, die sich auf diese Bedingungen auswirken k\u00f6nnten. Mit unserem Krisenmanagement [&hellip;]\" \/>\n<meta property=\"og:url\" content=\"https:\/\/hotelsamara.com\/de\/nachhaltige-tourismuspolitik\/\" \/>\n<meta property=\"og:site_name\" content=\"Hotel Samara\" \/>\n<meta property=\"article:publisher\" content=\"https:\/\/www.facebook.com\/samarahotel\" \/>\n<meta property=\"article:modified_time\" content=\"2025-12-07T21:40:28+00:00\" \/>\n<meta name=\"twitter:card\" content=\"summary_large_image\" \/>\n<meta name=\"twitter:label1\" content=\"Gesch\u00e4tzte Lesezeit\" \/>\n\t<meta name=\"twitter:data1\" content=\"2\u00a0Minuten\" \/>\n<script type=\"application\/ld+json\" class=\"yoast-schema-graph\">{\"@context\":\"https:\/\/schema.org\",\"@graph\":[{\"@type\":\"WebPage\",\"@id\":\"https:\/\/hotelsamara.com\/de\/nachhaltige-tourismuspolitik\/\",\"url\":\"https:\/\/hotelsamara.com\/de\/nachhaltige-tourismuspolitik\/\",\"name\":\"Nachhaltige Tourismuspolitik - Hotel Samara\",\"isPartOf\":{\"@id\":\"https:\/\/hotelsamara.com\/#website\"},\"datePublished\":\"2025-12-07T20:56:07+00:00\",\"dateModified\":\"2025-12-07T21:40:28+00:00\",\"breadcrumb\":{\"@id\":\"https:\/\/hotelsamara.com\/de\/nachhaltige-tourismuspolitik\/#breadcrumb\"},\"inLanguage\":\"de\",\"potentialAction\":[{\"@type\":\"ReadAction\",\"target\":[\"https:\/\/hotelsamara.com\/de\/nachhaltige-tourismuspolitik\/\"]}]},{\"@type\":\"BreadcrumbList\",\"@id\":\"https:\/\/hotelsamara.com\/de\/nachhaltige-tourismuspolitik\/#breadcrumb\",\"itemListElement\":[{\"@type\":\"ListItem\",\"position\":1,\"name\":\"Home\",\"item\":\"https:\/\/hotelsamara.com\/\"},{\"@type\":\"ListItem\",\"position\":2,\"name\":\"Nachhaltige Tourismuspolitik\"}]},{\"@type\":\"WebSite\",\"@id\":\"https:\/\/hotelsamara.com\/#website\",\"url\":\"https:\/\/hotelsamara.com\/\",\"name\":\"Hotel Samara\",\"description\":\"Ege&#039;de L\u00fcks ve Huzurlu Tatil Deneyimi\",\"publisher\":{\"@id\":\"https:\/\/hotelsamara.com\/#organization\"},\"potentialAction\":[{\"@type\":\"SearchAction\",\"target\":{\"@type\":\"EntryPoint\",\"urlTemplate\":\"https:\/\/hotelsamara.com\/?s={search_term_string}\"},\"query-input\":{\"@type\":\"PropertyValueSpecification\",\"valueRequired\":true,\"valueName\":\"search_term_string\"}}],\"inLanguage\":\"de\"},{\"@type\":\"Organization\",\"@id\":\"https:\/\/hotelsamara.com\/#organization\",\"name\":\"Hotel Samara\",\"url\":\"https:\/\/hotelsamara.com\/\",\"logo\":{\"@type\":\"ImageObject\",\"inLanguage\":\"de\",\"@id\":\"https:\/\/hotelsamara.com\/#\/schema\/logo\/image\/\",\"url\":\"https:\/\/hotelsamara.com\/wp-content\/uploads\/2025\/11\/Hotel-Samara-Bodrum-Logo-h93.webp\",\"contentUrl\":\"https:\/\/hotelsamara.com\/wp-content\/uploads\/2025\/11\/Hotel-Samara-Bodrum-Logo-h93.webp\",\"width\":198,\"height\":93,\"caption\":\"Hotel Samara\"},\"image\":{\"@id\":\"https:\/\/hotelsamara.com\/#\/schema\/logo\/image\/\"},\"sameAs\":[\"https:\/\/www.facebook.com\/samarahotel\",\"https:\/\/www.instagram.com\/samarahotelbodrum\"]}]}<\/script>\n<!-- \/ Yoast SEO plugin. -->","yoast_head_json":{"title":"Nachhaltige Tourismuspolitik - Hotel Samara","robots":{"index":"index","follow":"follow","max-snippet":"max-snippet:-1","max-image-preview":"max-image-preview:large","max-video-preview":"max-video-preview:-1"},"canonical":"https:\/\/hotelsamara.com\/de\/nachhaltige-tourismuspolitik\/","og_locale":"de_DE","og_type":"article","og_title":"Nachhaltige Tourismuspolitik - Hotel Samara","og_description":"Als Hotel Samara ist es einer unserer Grunds\u00e4tze, Aktivit\u00e4ten im Einklang mit den Grunds\u00e4tzen des nachhaltigen Tourismus zu entwickeln und durchzuf\u00fchren. In diesem Zusammenhang vor allem; Wir sorgen f\u00fcr sichere und gesunde Bedingungen f\u00fcr unsere Mitarbeiter und G\u00e4ste, die wir betreuen, und bewerten alle Risiken, die sich auf diese Bedingungen auswirken k\u00f6nnten. Mit unserem Krisenmanagement [&hellip;]","og_url":"https:\/\/hotelsamara.com\/de\/nachhaltige-tourismuspolitik\/","og_site_name":"Hotel Samara","article_publisher":"https:\/\/www.facebook.com\/samarahotel","article_modified_time":"2025-12-07T21:40:28+00:00","twitter_card":"summary_large_image","twitter_misc":{"Gesch\u00e4tzte Lesezeit":"2\u00a0Minuten"},"schema":{"@context":"https:\/\/schema.org","@graph":[{"@type":"WebPage","@id":"https:\/\/hotelsamara.com\/de\/nachhaltige-tourismuspolitik\/","url":"https:\/\/hotelsamara.com\/de\/nachhaltige-tourismuspolitik\/","name":"Nachhaltige Tourismuspolitik - Hotel Samara","isPartOf":{"@id":"https:\/\/hotelsamara.com\/#website"},"datePublished":"2025-12-07T20:56:07+00:00","dateModified":"2025-12-07T21:40:28+00:00","breadcrumb":{"@id":"https:\/\/hotelsamara.com\/de\/nachhaltige-tourismuspolitik\/#breadcrumb"},"inLanguage":"de","potentialAction":[{"@type":"ReadAction","target":["https:\/\/hotelsamara.com\/de\/nachhaltige-tourismuspolitik\/"]}]},{"@type":"BreadcrumbList","@id":"https:\/\/hotelsamara.com\/de\/nachhaltige-tourismuspolitik\/#breadcrumb","itemListElement":[{"@type":"ListItem","position":1,"name":"Home","item":"https:\/\/hotelsamara.com\/"},{"@type":"ListItem","position":2,"name":"Nachhaltige Tourismuspolitik"}]},{"@type":"WebSite","@id":"https:\/\/hotelsamara.com\/#website","url":"https:\/\/hotelsamara.com\/","name":"Hotel Samara","description":"Ege&#039;de L\u00fcks ve Huzurlu Tatil Deneyimi","publisher":{"@id":"https:\/\/hotelsamara.com\/#organization"},"potentialAction":[{"@type":"SearchAction","target":{"@type":"EntryPoint","urlTemplate":"https:\/\/hotelsamara.com\/?s={search_term_string}"},"query-input":{"@type":"PropertyValueSpecification","valueRequired":true,"valueName":"search_term_string"}}],"inLanguage":"de"},{"@type":"Organization","@id":"https:\/\/hotelsamara.com\/#organization","name":"Hotel Samara","url":"https:\/\/hotelsamara.com\/","logo":{"@type":"ImageObject","inLanguage":"de","@id":"https:\/\/hotelsamara.com\/#\/schema\/logo\/image\/","url":"https:\/\/hotelsamara.com\/wp-content\/uploads\/2025\/11\/Hotel-Samara-Bodrum-Logo-h93.webp","contentUrl":"https:\/\/hotelsamara.com\/wp-content\/uploads\/2025\/11\/Hotel-Samara-Bodrum-Logo-h93.webp","width":198,"height":93,"caption":"Hotel Samara"},"image":{"@id":"https:\/\/hotelsamara.com\/#\/schema\/logo\/image\/"},"sameAs":["https:\/\/www.facebook.com\/samarahotel","https:\/\/www.instagram.com\/samarahotelbodrum"]}]}},"_links":{"self":[{"href":"https:\/\/hotelsamara.com\/de\/wp-json\/wp\/v2\/pages\/7106","targetHints":{"allow":["GET"]}}],"collection":[{"href":"https:\/\/hotelsamara.com\/de\/wp-json\/wp\/v2\/pages"}],"about":[{"href":"https:\/\/hotelsamara.com\/de\/wp-json\/wp\/v2\/types\/page"}],"author":[{"embeddable":true,"href":"https:\/\/hotelsamara.com\/de\/wp-json\/wp\/v2\/users\/1"}],"replies":[{"embeddable":true,"href":"https:\/\/hotelsamara.com\/de\/wp-json\/wp\/v2\/comments?post=7106"}],"version-history":[{"count":6,"href":"https:\/\/hotelsamara.com\/de\/wp-json\/wp\/v2\/pages\/7106\/revisions"}],"predecessor-version":[{"id":7233,"href":"https:\/\/hotelsamara.com\/de\/wp-json\/wp\/v2\/pages\/7106\/revisions\/7233"}],"wp:attachment":[{"href":"https:\/\/hotelsamara.com\/de\/wp-json\/wp\/v2\/media?parent=7106"}],"curies":[{"name":"wp","href":"https:\/\/api.w.org\/{rel}","templated":true}]}}