{"id":6743,"date":"2025-11-23T12:53:33","date_gmt":"2025-11-23T09:53:33","guid":{"rendered":"https:\/\/hotelsamara.com\/hotelausstattung\/"},"modified":"2025-12-20T12:14:09","modified_gmt":"2025-12-20T09:14:09","slug":"hotelausstattung","status":"publish","type":"page","link":"https:\/\/hotelsamara.com\/de\/hotelausstattung\/","title":{"rendered":"Hotelausstattung"},"content":{"rendered":"\t\t<div data-elementor-type=\"wp-page\" data-elementor-id=\"6743\" class=\"elementor elementor-6743 elementor-4560\">\n\t\t\t\t\t\t<section class=\"elementor-section elementor-top-section elementor-element elementor-element-379d2c1 elementor-section-boxed elementor-section-height-default elementor-section-height-default\" data-id=\"379d2c1\" data-element_type=\"section\" data-e-type=\"section\">\n\t\t\t\t\t\t<div class=\"elementor-container elementor-column-gap-no\">\n\t\t\t\t\t<div class=\"elementor-column elementor-col-100 elementor-top-column elementor-element elementor-element-1eb086c\" data-id=\"1eb086c\" data-element_type=\"column\" data-e-type=\"column\">\n\t\t\t<div class=\"elementor-widget-wrap elementor-element-populated\">\n\t\t\t\t\t\t<section class=\"elementor-section elementor-inner-section elementor-element elementor-element-956b325 elementor-section-full_width elementor-section-height-default elementor-section-height-default\" data-id=\"956b325\" data-element_type=\"section\" data-e-type=\"section\" data-settings=\"{&quot;background_background&quot;:&quot;classic&quot;,&quot;animation&quot;:&quot;none&quot;,&quot;animation_tablet&quot;:&quot;none&quot;}\">\n\t\t\t\t\t\t<div class=\"elementor-container elementor-column-gap-no\">\n\t\t\t\t\t<div class=\"elementor-column elementor-col-100 elementor-inner-column elementor-element elementor-element-1673de5\" data-id=\"1673de5\" data-element_type=\"column\" data-e-type=\"column\">\n\t\t\t<div class=\"elementor-widget-wrap elementor-element-populated\">\n\t\t\t\t\t\t<div class=\"elementor-element elementor-element-67d93a4 elementor-widget elementor-widget-romancy_elementor_ova_image_box_2\" data-id=\"67d93a4\" data-element_type=\"widget\" data-e-type=\"widget\" data-settings=\"{&quot;_animation&quot;:&quot;none&quot;,&quot;_animation_tablet&quot;:&quot;none&quot;}\" data-widget_type=\"romancy_elementor_ova_image_box_2.default\">\n\t\t\t\t<div class=\"elementor-widget-container\">\n\t\t\t\t\t\n\t\t<div class=\"ova-image-box-2\">\n\n\t\t\t<div class=\"ova-image-2\">\n\t\t\t\t\t\t\t\t\t<a href=\"https:\/\/hotelsamara.com\/de\/hotelausstattung\/urlaubsaktivitaeten\/\" >\n\t\t\t\t\n\t\t\t\t\t<img decoding=\"async\" src=\"https:\/\/hotelsamara.com\/wp-content\/uploads\/2025\/11\/tenis-aktivite.webp\" class=\"ova-image\" alt=\"Aktivit\u00e4ten\">\n\t\t\t\t\n\t\t\t\t\t\t\t\t\t<\/a>\n\t\t\t\t\t\t\t<\/div>\n\n\t\t\t<div class=\"ova-title\">\n\t\t\t\t\t\t\t\t\t<h3 class=\"sub-title\">HOTEL SAMARA<\/h3>\n\t\t\t\t\n\t\t\t\t\t\t\t\t\t\t\t\t\t\t\n\t\t\t\t\t\t<h2 class=\"title\">\n\t\t\t\t\t\t\t\n\t\t\t\t\t\t\t\t<a href=\"https:\/\/hotelsamara.com\/de\/hotelausstattung\/urlaubsaktivitaeten\/\">\n\t\t\t\t\t\t\t\t\tAktivit\u00e4ten\t\t\t\t\t\t\t\t<\/a>\n\n\t\t\t\t\t\t<\/h2>\n\n\t\t\t\t\t\t\t\t\t\n\t\t\t\t\t\t\t\t\t<p class=\"description\"> W\u00e4hrend Sie im Pool entspannen, k\u00f6nnen Sie die Cocktails an der Pool Bar genie\u00dfen, vor dem Abendessen warme oder kalte Getr\u00e4nke an der Palm Bar nehmen und in den sp\u00e4ten Abendstunden Ihren Drink in der romantischen Atmosph\u00e4re der Sea Bar oder mit dem atemberaubenden Ausblick der Roof Bar schl\u00fcrfen. <\/p>\n\t\t\t\t\n\t\t\t\t\t\n\t\t\t<\/div>\n\t\t<\/div>\n\t\t\n\t\t\t\t\t\t<\/div>\n\t\t\t\t<\/div>\n\t\t\t\t\t<\/div>\n\t\t<\/div>\n\t\t\t\t\t<\/div>\n\t\t<\/section>\n\t\t\t\t<section class=\"elementor-section elementor-inner-section elementor-element elementor-element-78a5624 elementor-section-full_width elementor-section-height-default elementor-section-height-default\" data-id=\"78a5624\" data-element_type=\"section\" data-e-type=\"section\" data-settings=\"{&quot;background_background&quot;:&quot;classic&quot;,&quot;animation&quot;:&quot;none&quot;,&quot;animation_tablet&quot;:&quot;none&quot;}\">\n\t\t\t\t\t\t<div class=\"elementor-container elementor-column-gap-no\">\n\t\t\t\t\t<div class=\"elementor-column elementor-col-100 elementor-inner-column elementor-element elementor-element-ed5a25b\" data-id=\"ed5a25b\" data-element_type=\"column\" data-e-type=\"column\" data-settings=\"{&quot;background_background&quot;:&quot;classic&quot;}\">\n\t\t\t<div class=\"elementor-widget-wrap elementor-element-populated\">\n\t\t\t\t\t\t<div class=\"elementor-element elementor-element-5983f92 elementor-widget elementor-widget-romancy_elementor_ova_image_box_2\" data-id=\"5983f92\" data-element_type=\"widget\" data-e-type=\"widget\" data-settings=\"{&quot;_animation&quot;:&quot;none&quot;,&quot;_animation_tablet&quot;:&quot;none&quot;}\" data-widget_type=\"romancy_elementor_ova_image_box_2.default\">\n\t\t\t\t<div class=\"elementor-widget-container\">\n\t\t\t\t\t\n\t\t<div class=\"ova-image-box-2\">\n\n\t\t\t<div class=\"ova-image-2\">\n\t\t\t\t\t\t\t\t\t<a href=\"https:\/\/hotelsamara.com\/de\/hotelausstattung\/gesundheitszentrum-spa\/\" >\n\t\t\t\t\n\t\t\t\t\t<img decoding=\"async\" src=\"https:\/\/hotelsamara.com\/wp-content\/uploads\/2025\/11\/aktiviteler-401.webp\" class=\"ova-image\" alt=\"Wellness &amp; Spa\">\n\t\t\t\t\n\t\t\t\t\t\t\t\t\t<\/a>\n\t\t\t\t\t\t\t<\/div>\n\n\t\t\t<div class=\"ova-title\">\n\t\t\t\t\t\t\t\t\t<h3 class=\"sub-title\">HOTEL SAMARA<\/h3>\n\t\t\t\t\n\t\t\t\t\t\t\t\t\t\t\t\t\t\t\n\t\t\t\t\t\t<h2 class=\"title\">\n\t\t\t\t\t\t\t\n\t\t\t\t\t\t\t\t<a href=\"https:\/\/hotelsamara.com\/de\/hotelausstattung\/gesundheitszentrum-spa\/\">\n\t\t\t\t\t\t\t\t\tWellness &amp; Spa\t\t\t\t\t\t\t\t<\/a>\n\n\t\t\t\t\t\t<\/h2>\n\n\t\t\t\t\t\t\t\t\t\n\t\t\t\t\t\t\t\t\t<p class=\"description\"> Beginnen Sie den Tag energiegeladen in unserem modernen Fitnesscenter und entschlacken Sie anschlie\u00dfend bei einem traditionellen Hamam-Ritual, in der Sauna oder im Whirlpool. <\/p>\n\t\t\t\t\n\t\t\t\t\t\n\t\t\t<\/div>\n\t\t<\/div>\n\t\t\n\t\t\t\t\t\t<\/div>\n\t\t\t\t<\/div>\n\t\t\t\t\t<\/div>\n\t\t<\/div>\n\t\t\t\t\t<\/div>\n\t\t<\/section>\n\t\t\t\t<section class=\"elementor-section elementor-inner-section elementor-element elementor-element-23c631c elementor-section-full_width elementor-section-height-default elementor-section-height-default\" data-id=\"23c631c\" data-element_type=\"section\" data-e-type=\"section\" data-settings=\"{&quot;background_background&quot;:&quot;classic&quot;,&quot;animation&quot;:&quot;none&quot;,&quot;animation_tablet&quot;:&quot;none&quot;}\">\n\t\t\t\t\t\t<div class=\"elementor-container elementor-column-gap-no\">\n\t\t\t\t\t<div class=\"elementor-column elementor-col-100 elementor-inner-column elementor-element elementor-element-2fb168c\" data-id=\"2fb168c\" data-element_type=\"column\" data-e-type=\"column\" data-settings=\"{&quot;background_background&quot;:&quot;classic&quot;}\">\n\t\t\t<div class=\"elementor-widget-wrap elementor-element-populated\">\n\t\t\t\t\t\t<div class=\"elementor-element elementor-element-2904def elementor-widget elementor-widget-romancy_elementor_ova_image_box_2\" data-id=\"2904def\" data-element_type=\"widget\" data-e-type=\"widget\" data-settings=\"{&quot;_animation&quot;:&quot;none&quot;,&quot;_animation_tablet&quot;:&quot;none&quot;}\" data-widget_type=\"romancy_elementor_ova_image_box_2.default\">\n\t\t\t\t<div class=\"elementor-widget-container\">\n\t\t\t\t\t\n\t\t<div class=\"ova-image-box-2\">\n\n\t\t\t<div class=\"ova-image-2\">\n\t\t\t\t\t\t\t\t\t<a href=\"https:\/\/hotelsamara.com\/de\/hotelausstattung\/speisen-getraenke\/\" >\n\t\t\t\t\n\t\t\t\t\t<img decoding=\"async\" src=\"https:\/\/hotelsamara.com\/wp-content\/uploads\/2022\/08\/yiyecek-icecek-bolumleri-hotel-samara-101.webp\" class=\"ova-image\" alt=\"Speisen und Getr\u00e4nke\">\n\t\t\t\t\n\t\t\t\t\t\t\t\t\t<\/a>\n\t\t\t\t\t\t\t<\/div>\n\n\t\t\t<div class=\"ova-title\">\n\t\t\t\t\t\t\t\t\t<h3 class=\"sub-title\">HOTEL SAMARA<\/h3>\n\t\t\t\t\n\t\t\t\t\t\t\t\t\t\t\t\t\t\t\n\t\t\t\t\t\t<h2 class=\"title\">\n\t\t\t\t\t\t\t\n\t\t\t\t\t\t\t\t<a href=\"https:\/\/hotelsamara.com\/de\/hotelausstattung\/speisen-getraenke\/\">\n\t\t\t\t\t\t\t\t\tSpeisen und Getr\u00e4nke\t\t\t\t\t\t\t\t<\/a>\n\n\t\t\t\t\t\t<\/h2>\n\n\t\t\t\t\t\t\t\t\t\n\t\t\t\t\t\t\t\t\t<p class=\"description\"> Unsere erfahrenen K\u00fcchenchefs erwarten Sie mit vielf\u00e4ltigen K\u00f6stlichkeiten. Unsere gro\u00dfz\u00fcgigen Buffets bieten Ihnen eine breite Palette der t\u00fcrkischen, mediterranen und internationalen K\u00fcche, mit einer Auswahl, die garantiert Ihren Geschmack trifft. <\/p>\n\t\t\t\t\n\t\t\t\t\t\n\t\t\t<\/div>\n\t\t<\/div>\n\t\t\n\t\t\t\t\t\t<\/div>\n\t\t\t\t<\/div>\n\t\t\t\t\t<\/div>\n\t\t<\/div>\n\t\t\t\t\t<\/div>\n\t\t<\/section>\n\t\t\t\t<section class=\"elementor-section elementor-inner-section elementor-element elementor-element-6d3c4c3 elementor-section-full_width elementor-section-height-default elementor-section-height-default\" data-id=\"6d3c4c3\" data-element_type=\"section\" data-e-type=\"section\" data-settings=\"{&quot;background_background&quot;:&quot;classic&quot;,&quot;animation&quot;:&quot;none&quot;,&quot;animation_tablet&quot;:&quot;none&quot;}\">\n\t\t\t\t\t\t<div class=\"elementor-container elementor-column-gap-no\">\n\t\t\t\t\t<div class=\"elementor-column elementor-col-100 elementor-inner-column elementor-element elementor-element-f122caa\" data-id=\"f122caa\" data-element_type=\"column\" data-e-type=\"column\" data-settings=\"{&quot;background_background&quot;:&quot;classic&quot;}\">\n\t\t\t<div class=\"elementor-widget-wrap elementor-element-populated\">\n\t\t\t\t\t\t<div class=\"elementor-element elementor-element-291b446 elementor-widget elementor-widget-romancy_elementor_ova_image_box_2\" data-id=\"291b446\" data-element_type=\"widget\" data-e-type=\"widget\" data-settings=\"{&quot;_animation&quot;:&quot;none&quot;,&quot;_animation_tablet&quot;:&quot;none&quot;}\" data-widget_type=\"romancy_elementor_ova_image_box_2.default\">\n\t\t\t\t<div class=\"elementor-widget-container\">\n\t\t\t\t\t\n\t\t<div class=\"ova-image-box-2\">\n\n\t\t\t<div class=\"ova-image-2\">\n\t\t\t\t\t\t\t\t\t<a href=\"https:\/\/hotelsamara.com\/de\/hotelausstattung\/tagungen-konferenzen\/\" >\n\t\t\t\t\n\t\t\t\t\t<img decoding=\"async\" src=\"https:\/\/hotelsamara.com\/wp-content\/uploads\/2025\/11\/konferans-toplanti.webp\" class=\"ova-image\" alt=\"Tagungen &amp; Konferenzen\">\n\t\t\t\t\n\t\t\t\t\t\t\t\t\t<\/a>\n\t\t\t\t\t\t\t<\/div>\n\n\t\t\t<div class=\"ova-title\">\n\t\t\t\t\t\t\t\t\t<h3 class=\"sub-title\">HOTEL SAMARA<\/h3>\n\t\t\t\t\n\t\t\t\t\t\t\t\t\t\t\t\t\t\t\n\t\t\t\t\t\t<h2 class=\"title\">\n\t\t\t\t\t\t\t\n\t\t\t\t\t\t\t\t<a href=\"https:\/\/hotelsamara.com\/de\/hotelausstattung\/tagungen-konferenzen\/\">\n\t\t\t\t\t\t\t\t\tTagungen &amp; Konferenzen\t\t\t\t\t\t\t\t<\/a>\n\n\t\t\t\t\t\t<\/h2>\n\n\t\t\t\t\t\t\t\t\t\n\t\t\t\t\t\t\t\t\t<p class=\"description\"> Das Hotel Samara, das sich in einer sehr vorteilhaften Lage f\u00fcr Ihre gesch\u00e4ftlichen oder gesellschaftlichen Anl\u00e4sse befindet, verf\u00fcgt das ganze Jahr \u00fcber \u00fcber S\u00e4le mit moderner Ausstattung f\u00fcr Veranstaltungen wie Tagungen, Seminare, Theater oder Kino. <\/p>\n\t\t\t\t\n\t\t\t\t\t\n\t\t\t<\/div>\n\t\t<\/div>\n\t\t\n\t\t\t\t\t\t<\/div>\n\t\t\t\t<\/div>\n\t\t\t\t\t<\/div>\n\t\t<\/div>\n\t\t\t\t\t<\/div>\n\t\t<\/section>\n\t\t\t\t\t<\/div>\n\t\t<\/div>\n\t\t\t\t\t<\/div>\n\t\t<\/section>\n\t\t\t\t<\/div>\n\t\t","protected":false},"excerpt":{"rendered":"<p>HOTEL SAMARA Aktivit\u00e4ten W\u00e4hrend Sie im Pool entspannen, k\u00f6nnen Sie die Cocktails an der Pool Bar genie\u00dfen, vor dem Abendessen warme oder kalte Getr\u00e4nke an der Palm Bar nehmen und in den sp\u00e4ten Abendstunden Ihren Drink in der romantischen Atmosph\u00e4re der Sea Bar oder mit dem atemberaubenden Ausblick der Roof Bar schl\u00fcrfen. HOTEL SAMARA Wellness [&hellip;]<\/p>\n","protected":false},"author":1,"featured_media":0,"parent":0,"menu_order":0,"comment_status":"closed","ping_status":"closed","template":"elementor_header_footer","meta":{"_monsterinsights_skip_tracking":false,"_monsterinsights_sitenote_active":false,"_monsterinsights_sitenote_note":"","_monsterinsights_sitenote_category":0,"_uf_show_specific_survey":0,"_uf_disable_surveys":false,"footnotes":""},"class_list":["post-6743","page","type-page","status-publish","hentry"],"yoast_head":"<!-- This site is optimized with the Yoast SEO plugin v26.8 - https:\/\/yoast.com\/product\/yoast-seo-wordpress\/ -->\n<title>Hotelausstattung - Hotel Samara<\/title>\n<meta name=\"robots\" content=\"index, follow, max-snippet:-1, max-image-preview:large, max-video-preview:-1\" \/>\n<link rel=\"canonical\" href=\"https:\/\/hotelsamara.com\/de\/hotelausstattung\/\" \/>\n<meta property=\"og:locale\" content=\"de_DE\" \/>\n<meta property=\"og:type\" content=\"article\" \/>\n<meta property=\"og:title\" content=\"Hotelausstattung - Hotel Samara\" \/>\n<meta property=\"og:description\" content=\"HOTEL SAMARA Aktivit\u00e4ten W\u00e4hrend Sie im Pool entspannen, k\u00f6nnen Sie die Cocktails an der Pool Bar genie\u00dfen, vor dem Abendessen warme oder kalte Getr\u00e4nke an der Palm Bar nehmen und in den sp\u00e4ten Abendstunden Ihren Drink in der romantischen Atmosph\u00e4re der Sea Bar oder mit dem atemberaubenden Ausblick der Roof Bar schl\u00fcrfen. HOTEL SAMARA Wellness [&hellip;]\" \/>\n<meta property=\"og:url\" content=\"https:\/\/hotelsamara.com\/de\/hotelausstattung\/\" \/>\n<meta property=\"og:site_name\" content=\"Hotel Samara\" \/>\n<meta property=\"article:publisher\" content=\"https:\/\/www.facebook.com\/samarahotel\" \/>\n<meta property=\"article:modified_time\" content=\"2025-12-20T09:14:09+00:00\" \/>\n<meta property=\"og:image\" content=\"https:\/\/hotelsamara.com\/wp-content\/uploads\/2025\/11\/tenis-aktivite.webp\" \/>\n<meta name=\"twitter:card\" content=\"summary_large_image\" \/>\n<meta name=\"twitter:label1\" content=\"Gesch\u00e4tzte Lesezeit\" \/>\n\t<meta name=\"twitter:data1\" content=\"1\u00a0Minute\" \/>\n<script type=\"application\/ld+json\" class=\"yoast-schema-graph\">{\"@context\":\"https:\/\/schema.org\",\"@graph\":[{\"@type\":\"WebPage\",\"@id\":\"https:\/\/hotelsamara.com\/de\/hotelausstattung\/\",\"url\":\"https:\/\/hotelsamara.com\/de\/hotelausstattung\/\",\"name\":\"Hotelausstattung - Hotel Samara\",\"isPartOf\":{\"@id\":\"https:\/\/hotelsamara.com\/#website\"},\"primaryImageOfPage\":{\"@id\":\"https:\/\/hotelsamara.com\/de\/hotelausstattung\/#primaryimage\"},\"image\":{\"@id\":\"https:\/\/hotelsamara.com\/de\/hotelausstattung\/#primaryimage\"},\"thumbnailUrl\":\"https:\/\/hotelsamara.com\/wp-content\/uploads\/2025\/11\/tenis-aktivite.webp\",\"datePublished\":\"2025-11-23T09:53:33+00:00\",\"dateModified\":\"2025-12-20T09:14:09+00:00\",\"breadcrumb\":{\"@id\":\"https:\/\/hotelsamara.com\/de\/hotelausstattung\/#breadcrumb\"},\"inLanguage\":\"de\",\"potentialAction\":[{\"@type\":\"ReadAction\",\"target\":[\"https:\/\/hotelsamara.com\/de\/hotelausstattung\/\"]}]},{\"@type\":\"ImageObject\",\"inLanguage\":\"de\",\"@id\":\"https:\/\/hotelsamara.com\/de\/hotelausstattung\/#primaryimage\",\"url\":\"https:\/\/hotelsamara.com\/wp-content\/uploads\/2025\/11\/tenis-aktivite.webp\",\"contentUrl\":\"https:\/\/hotelsamara.com\/wp-content\/uploads\/2025\/11\/tenis-aktivite.webp\"},{\"@type\":\"BreadcrumbList\",\"@id\":\"https:\/\/hotelsamara.com\/de\/hotelausstattung\/#breadcrumb\",\"itemListElement\":[{\"@type\":\"ListItem\",\"position\":1,\"name\":\"Home\",\"item\":\"https:\/\/hotelsamara.com\/\"},{\"@type\":\"ListItem\",\"position\":2,\"name\":\"Hotelausstattung\"}]},{\"@type\":\"WebSite\",\"@id\":\"https:\/\/hotelsamara.com\/#website\",\"url\":\"https:\/\/hotelsamara.com\/\",\"name\":\"Hotel Samara\",\"description\":\"Ege&#039;de L\u00fcks ve Huzurlu Tatil Deneyimi\",\"publisher\":{\"@id\":\"https:\/\/hotelsamara.com\/#organization\"},\"potentialAction\":[{\"@type\":\"SearchAction\",\"target\":{\"@type\":\"EntryPoint\",\"urlTemplate\":\"https:\/\/hotelsamara.com\/?s={search_term_string}\"},\"query-input\":{\"@type\":\"PropertyValueSpecification\",\"valueRequired\":true,\"valueName\":\"search_term_string\"}}],\"inLanguage\":\"de\"},{\"@type\":\"Organization\",\"@id\":\"https:\/\/hotelsamara.com\/#organization\",\"name\":\"Hotel Samara\",\"url\":\"https:\/\/hotelsamara.com\/\",\"logo\":{\"@type\":\"ImageObject\",\"inLanguage\":\"de\",\"@id\":\"https:\/\/hotelsamara.com\/#\/schema\/logo\/image\/\",\"url\":\"https:\/\/hotelsamara.com\/wp-content\/uploads\/2025\/11\/Hotel-Samara-Bodrum-Logo-h93.webp\",\"contentUrl\":\"https:\/\/hotelsamara.com\/wp-content\/uploads\/2025\/11\/Hotel-Samara-Bodrum-Logo-h93.webp\",\"width\":198,\"height\":93,\"caption\":\"Hotel Samara\"},\"image\":{\"@id\":\"https:\/\/hotelsamara.com\/#\/schema\/logo\/image\/\"},\"sameAs\":[\"https:\/\/www.facebook.com\/samarahotel\",\"https:\/\/www.instagram.com\/samarahotelbodrum\"]}]}<\/script>\n<!-- \/ Yoast SEO plugin. -->","yoast_head_json":{"title":"Hotelausstattung - Hotel Samara","robots":{"index":"index","follow":"follow","max-snippet":"max-snippet:-1","max-image-preview":"max-image-preview:large","max-video-preview":"max-video-preview:-1"},"canonical":"https:\/\/hotelsamara.com\/de\/hotelausstattung\/","og_locale":"de_DE","og_type":"article","og_title":"Hotelausstattung - Hotel Samara","og_description":"HOTEL SAMARA Aktivit\u00e4ten W\u00e4hrend Sie im Pool entspannen, k\u00f6nnen Sie die Cocktails an der Pool Bar genie\u00dfen, vor dem Abendessen warme oder kalte Getr\u00e4nke an der Palm Bar nehmen und in den sp\u00e4ten Abendstunden Ihren Drink in der romantischen Atmosph\u00e4re der Sea Bar oder mit dem atemberaubenden Ausblick der Roof Bar schl\u00fcrfen. HOTEL SAMARA Wellness [&hellip;]","og_url":"https:\/\/hotelsamara.com\/de\/hotelausstattung\/","og_site_name":"Hotel Samara","article_publisher":"https:\/\/www.facebook.com\/samarahotel","article_modified_time":"2025-12-20T09:14:09+00:00","og_image":[{"url":"https:\/\/hotelsamara.com\/wp-content\/uploads\/2025\/11\/tenis-aktivite.webp","type":"","width":"","height":""}],"twitter_card":"summary_large_image","twitter_misc":{"Gesch\u00e4tzte Lesezeit":"1\u00a0Minute"},"schema":{"@context":"https:\/\/schema.org","@graph":[{"@type":"WebPage","@id":"https:\/\/hotelsamara.com\/de\/hotelausstattung\/","url":"https:\/\/hotelsamara.com\/de\/hotelausstattung\/","name":"Hotelausstattung - Hotel Samara","isPartOf":{"@id":"https:\/\/hotelsamara.com\/#website"},"primaryImageOfPage":{"@id":"https:\/\/hotelsamara.com\/de\/hotelausstattung\/#primaryimage"},"image":{"@id":"https:\/\/hotelsamara.com\/de\/hotelausstattung\/#primaryimage"},"thumbnailUrl":"https:\/\/hotelsamara.com\/wp-content\/uploads\/2025\/11\/tenis-aktivite.webp","datePublished":"2025-11-23T09:53:33+00:00","dateModified":"2025-12-20T09:14:09+00:00","breadcrumb":{"@id":"https:\/\/hotelsamara.com\/de\/hotelausstattung\/#breadcrumb"},"inLanguage":"de","potentialAction":[{"@type":"ReadAction","target":["https:\/\/hotelsamara.com\/de\/hotelausstattung\/"]}]},{"@type":"ImageObject","inLanguage":"de","@id":"https:\/\/hotelsamara.com\/de\/hotelausstattung\/#primaryimage","url":"https:\/\/hotelsamara.com\/wp-content\/uploads\/2025\/11\/tenis-aktivite.webp","contentUrl":"https:\/\/hotelsamara.com\/wp-content\/uploads\/2025\/11\/tenis-aktivite.webp"},{"@type":"BreadcrumbList","@id":"https:\/\/hotelsamara.com\/de\/hotelausstattung\/#breadcrumb","itemListElement":[{"@type":"ListItem","position":1,"name":"Home","item":"https:\/\/hotelsamara.com\/"},{"@type":"ListItem","position":2,"name":"Hotelausstattung"}]},{"@type":"WebSite","@id":"https:\/\/hotelsamara.com\/#website","url":"https:\/\/hotelsamara.com\/","name":"Hotel Samara","description":"Ege&#039;de L\u00fcks ve Huzurlu Tatil Deneyimi","publisher":{"@id":"https:\/\/hotelsamara.com\/#organization"},"potentialAction":[{"@type":"SearchAction","target":{"@type":"EntryPoint","urlTemplate":"https:\/\/hotelsamara.com\/?s={search_term_string}"},"query-input":{"@type":"PropertyValueSpecification","valueRequired":true,"valueName":"search_term_string"}}],"inLanguage":"de"},{"@type":"Organization","@id":"https:\/\/hotelsamara.com\/#organization","name":"Hotel Samara","url":"https:\/\/hotelsamara.com\/","logo":{"@type":"ImageObject","inLanguage":"de","@id":"https:\/\/hotelsamara.com\/#\/schema\/logo\/image\/","url":"https:\/\/hotelsamara.com\/wp-content\/uploads\/2025\/11\/Hotel-Samara-Bodrum-Logo-h93.webp","contentUrl":"https:\/\/hotelsamara.com\/wp-content\/uploads\/2025\/11\/Hotel-Samara-Bodrum-Logo-h93.webp","width":198,"height":93,"caption":"Hotel Samara"},"image":{"@id":"https:\/\/hotelsamara.com\/#\/schema\/logo\/image\/"},"sameAs":["https:\/\/www.facebook.com\/samarahotel","https:\/\/www.instagram.com\/samarahotelbodrum"]}]}},"_links":{"self":[{"href":"https:\/\/hotelsamara.com\/de\/wp-json\/wp\/v2\/pages\/6743","targetHints":{"allow":["GET"]}}],"collection":[{"href":"https:\/\/hotelsamara.com\/de\/wp-json\/wp\/v2\/pages"}],"about":[{"href":"https:\/\/hotelsamara.com\/de\/wp-json\/wp\/v2\/types\/page"}],"author":[{"embeddable":true,"href":"https:\/\/hotelsamara.com\/de\/wp-json\/wp\/v2\/users\/1"}],"replies":[{"embeddable":true,"href":"https:\/\/hotelsamara.com\/de\/wp-json\/wp\/v2\/comments?post=6743"}],"version-history":[{"count":14,"href":"https:\/\/hotelsamara.com\/de\/wp-json\/wp\/v2\/pages\/6743\/revisions"}],"predecessor-version":[{"id":8156,"href":"https:\/\/hotelsamara.com\/de\/wp-json\/wp\/v2\/pages\/6743\/revisions\/8156"}],"wp:attachment":[{"href":"https:\/\/hotelsamara.com\/de\/wp-json\/wp\/v2\/media?parent=6743"}],"curies":[{"name":"wp","href":"https:\/\/api.w.org\/{rel}","templated":true}]}}