{"id":6250,"date":"2022-08-15T03:12:55","date_gmt":"2022-08-15T00:12:55","guid":{"rendered":"https:\/\/hotelsamara.com\/kontakt\/"},"modified":"2025-12-08T00:35:32","modified_gmt":"2025-12-07T21:35:32","slug":"kontakt","status":"publish","type":"page","link":"https:\/\/hotelsamara.com\/de\/kontakt\/","title":{"rendered":"Kontakt"},"content":{"rendered":"\t\t<div data-elementor-type=\"wp-page\" data-elementor-id=\"6250\" class=\"elementor elementor-6250 elementor-83\">\n\t\t\t\t\t\t<section class=\"elementor-section elementor-top-section elementor-element elementor-element-d4b5277 elementor-section-boxed elementor-section-height-default elementor-section-height-default\" data-id=\"d4b5277\" data-element_type=\"section\" data-e-type=\"section\">\n\t\t\t\t\t\t<div class=\"elementor-container elementor-column-gap-default\">\n\t\t\t\t\t<div class=\"elementor-column elementor-col-50 elementor-top-column elementor-element elementor-element-6f050df\" data-id=\"6f050df\" data-element_type=\"column\" data-e-type=\"column\">\n\t\t\t<div class=\"elementor-widget-wrap elementor-element-populated\">\n\t\t\t\t\t\t<div class=\"elementor-element elementor-element-2512974 elementor-widget elementor-widget-romancy_elementor_heading\" data-id=\"2512974\" data-element_type=\"widget\" data-e-type=\"widget\" data-widget_type=\"romancy_elementor_heading.default\">\n\t\t\t\t<div class=\"elementor-widget-container\">\n\t\t\t\t\t\t\t<div class=\"ova-title\">\n\n\t\t\t\n\t\t\t\t\t\t\t\n\t\t\t\t\t\t\t<h2 class=\"title\">\n\n\t\t\t\t\t\t\t\tHotel Samara\t\t\t\t\t\t\t\t \n\n\t\t\t\t\t\t\t<\/h2>\n\t\t\t\t\t\t\t\n\t\t\t\t\t\t\t<p class=\"description\"> Kn\u00fcpfen Sie neue Freundschaften und genie\u00dfen Sie die N\u00e4chte von Bodrum im besonderen Ambiente unseres Hotels. <\/p>\n\t\t\t\n\t\t<\/div> \n\t\t \t\n\t\t\t\t\t\t<\/div>\n\t\t\t\t<\/div>\n\t\t\t\t<div class=\"elementor-element elementor-element-f2fc511 elementor-widget elementor-widget-romancy_elementor_contact_info\" data-id=\"f2fc511\" data-element_type=\"widget\" data-e-type=\"widget\" data-widget_type=\"romancy_elementor_contact_info.default\">\n\t\t\t\t<div class=\"elementor-widget-container\">\n\t\t\t\t\t\n\t\t\t<div class=\"ova-contact-info\">\n\t\t\t\t\n\t\t\t\t\t\t\t\t\t<div class=\"icon\">\n\t\t\t\t\t\t<i aria-hidden=\"true\" class=\"ovaicon ovaicon-phone-call\"><\/i>\t\t\t\t\t<\/div>\t\n\t\t\t\t\t\t\t\t\n\n\t\t\t\t<div class=\"contact\">\n\t\t\t\t\t\n\t\t\t\t\t\t\t\t\t\t\t<div class=\"label\">\n\t\t\t\t\t\t\tReservierung\t\t\t\t\t\t<\/div>\n\t\t\t\t\t\n\t\t\t\t\t<ul class=\"info\">\n\t\t\t\t\t\t\n\t\t\t\t\t\t\t\t<li class=\"item\">\n\n\t\t\t\t\t\t\t\t\t\t\t\t\t\t\t\t\t\t\t\t\t<a href=\"tel:+90 252 337 1244 \">\n\t\t\t\t\t\t\t\t\t\t\t\t\t+90 252 337 1244 pbx\t\t\t\t\t\t\t\t\t\t\t\t<\/a>\n\t\t\t\t\t\t\t\t\t\t\t\t\t\t\t\t\t\t\t<\/li>\n\t\t\t\t\t\t\t\n\t\t\t\t\t\t\t\t\t\t\t<\/ul>\n\n\t\t\t\t<\/div>\n\n\t\t\t<\/div>\n\n\t\t\t\t\t\t<\/div>\n\t\t\t\t<\/div>\n\t\t\t\t<div class=\"elementor-element elementor-element-7e1f970 elementor-widget elementor-widget-romancy_elementor_contact_info\" data-id=\"7e1f970\" data-element_type=\"widget\" data-e-type=\"widget\" data-widget_type=\"romancy_elementor_contact_info.default\">\n\t\t\t\t<div class=\"elementor-widget-container\">\n\t\t\t\t\t\n\t\t\t<div class=\"ova-contact-info\">\n\t\t\t\t\n\t\t\t\t\t\t\t\t\t<div class=\"icon\">\n\t\t\t\t\t\t<i aria-hidden=\"true\" class=\"ovaicon ovaicon-mail-1\"><\/i>\t\t\t\t\t<\/div>\t\n\t\t\t\t\t\t\t\t\n\n\t\t\t\t<div class=\"contact\">\n\t\t\t\t\t\n\t\t\t\t\t\t\t\t\t\t\t<div class=\"label\">\n\t\t\t\t\t\t\tEmail Info\t\t\t\t\t\t<\/div>\n\t\t\t\t\t\n\t\t\t\t\t<ul class=\"info\">\n\t\t\t\t\t\t\n\t\t\t\t\t\t\t\t<li class=\"item\">\n\n\t\t\t\t\t\t\t\t\t\t\t\t\t\t\t\t\t\t\t\t\t<a href=\"mailto:reservation@hotelsamara.com \">\n\t\t\t\t\t\t\t\t\t\t\t\t\treservation@hotelsamara.com\t\t\t\t\t\t\t\t\t\t\t\t<\/a>\n\t\t\t\t\t\t\t\t\t\t\t\t\t\t\t\t\t\t\t<\/li>\n\t\t\t\t\t\t\t\n\t\t\t\t\t\t\t\t\t\t\t<\/ul>\n\n\t\t\t\t<\/div>\n\n\t\t\t<\/div>\n\n\t\t\t\t\t\t<\/div>\n\t\t\t\t<\/div>\n\t\t\t\t<div class=\"elementor-element elementor-element-cebfbcb elementor-widget elementor-widget-romancy_elementor_contact_info\" data-id=\"cebfbcb\" data-element_type=\"widget\" data-e-type=\"widget\" data-widget_type=\"romancy_elementor_contact_info.default\">\n\t\t\t\t<div class=\"elementor-widget-container\">\n\t\t\t\t\t\n\t\t\t<div class=\"ova-contact-info\">\n\t\t\t\t\n\t\t\t\t\t\t\t\t\t<div class=\"icon\">\n\t\t\t\t\t\t<i aria-hidden=\"true\" class=\"ovaicon ovaicon-pin\"><\/i>\t\t\t\t\t<\/div>\t\n\t\t\t\t\t\t\t\t\n\n\t\t\t\t<div class=\"contact\">\n\t\t\t\t\t\n\t\t\t\t\t\t\t\t\t\t\t<div class=\"label\">\n\t\t\t\t\t\t\tAdresse\t\t\t\t\t\t<\/div>\n\t\t\t\t\t\n\t\t\t\t\t<ul class=\"info\">\n\t\t\t\t\t\t\n\t\t\t\t\t\t\t\t<li class=\"item\">\n\n\t\t\t\t\t\t\t\t\t<a href=\"https:\/\/goo.gl\/maps\/S3tsKjPo3ac5iip99\">Torba Mahallesi 3129 Sok. No:1 Kaynar Mevkii Bodrum\/Mu\u011fla, T\u00fcrkiye<\/a>\t\t\t\t\t\t\t\t<\/li>\n\t\t\t\t\t\t\t\n\t\t\t\t\t\t\t\t\t\t\t<\/ul>\n\n\t\t\t\t<\/div>\n\n\t\t\t<\/div>\n\n\t\t\t\t\t\t<\/div>\n\t\t\t\t<\/div>\n\t\t\t\t\t<\/div>\n\t\t<\/div>\n\t\t\t\t<div class=\"elementor-column elementor-col-50 elementor-top-column elementor-element elementor-element-7048431\" data-id=\"7048431\" data-element_type=\"column\" data-e-type=\"column\">\n\t\t\t<div class=\"elementor-widget-wrap elementor-element-populated\">\n\t\t\t\t\t\t<div class=\"elementor-element elementor-element-b53c210 elementor-widget elementor-widget-heading\" data-id=\"b53c210\" data-element_type=\"widget\" data-e-type=\"widget\" data-widget_type=\"heading.default\">\n\t\t\t\t\t<h2 class=\"elementor-heading-title elementor-size-default\">Kontaktformular<\/h2>\t\t\t\t<\/div>\n\t\t\t\t<div class=\"elementor-element elementor-element-ee42df6 elementor-widget elementor-widget-shortcode\" data-id=\"ee42df6\" data-element_type=\"widget\" data-e-type=\"widget\" data-widget_type=\"shortcode.default\">\n\t\t\t\t\t\t\t<div class=\"elementor-shortcode\"><div class='fluentform ff-default fluentform_wrapper_6 ffs_default_wrap'><form data-form_id=\"6\" id=\"fluentform_6\" class=\"frm-fluent-form fluent_form_6 ff-el-form-top ff_form_instance_6_1 ff-form-loading ff_has_v3_recptcha ffs_default\" data-form_instance=\"ff_form_instance_6_1\" method=\"POST\" data-recptcha_key=\"6LdUazIsAAAAAFpUoQbxjeE8eeODu3FmTAHv05nq\" ><fieldset  style=\"border: none!important;margin: 0!important;padding: 0!important;background-color: transparent!important;box-shadow: none!important;outline: none!important; min-inline-size: 100%;\">\n                    <legend class=\"ff_screen_reader_title\" style=\"display: block; margin: 0!important;padding: 0!important;height: 0!important;text-indent: -999999px;width: 0!important;overflow:hidden;\">\u0130leti\u015fim Formu DE<\/legend><input type='hidden' name='__fluent_form_embded_post_id' value='6250' \/><input type=\"hidden\" id=\"_fluentform_6_fluentformnonce\" name=\"_fluentform_6_fluentformnonce\" value=\"e2c3502886\" \/><input type=\"hidden\" name=\"_wp_http_referer\" value=\"\/de\/wp-json\/wp\/v2\/pages\/6250\" \/><div data-type=\"name-element\" data-name=\"names\" class=\" ff-field_container ff-name-field-wrapper\" ><div class='ff-t-container'><div class='ff-t-cell '><div class='ff-el-group'><div class=\"ff-el-input--label ff-el-is-required asterisk-right\"><label for='ff_6_names_first_name_' id='label_ff_6_names_first_name_' >Vorname<\/label><\/div><div class='ff-el-input--content'><input type=\"text\" name=\"names[first_name]\" id=\"ff_6_names_first_name_\" class=\"ff-el-form-control\" aria-invalid=\"false\" aria-required=true><\/div><\/div><\/div><div class='ff-t-cell '><div class='ff-el-group'><div class=\"ff-el-input--label ff-el-is-required asterisk-right\"><label for='ff_6_names_last_name_' id='label_ff_6_names_last_name_' >Nachname<\/label><\/div><div class='ff-el-input--content'><input type=\"text\" name=\"names[last_name]\" id=\"ff_6_names_last_name_\" class=\"ff-el-form-control\" aria-invalid=\"false\" aria-required=true><\/div><\/div><\/div><\/div><\/div><div class='ff-el-group'><div class=\"ff-el-input--label ff-el-is-required asterisk-right\"><label for='ff_6_email' id='label_ff_6_email' aria-label=\"Email\">Email<\/label><\/div><div class='ff-el-input--content'><input type=\"email\" name=\"email\" id=\"ff_6_email\" class=\"ff-el-form-control\" data-name=\"email\"  aria-invalid=\"false\" aria-required=true><\/div><\/div><div class='ff-el-group'><div class=\"ff-el-input--label ff-el-is-required asterisk-right\"><label for='ff_6_subject' id='label_ff_6_subject' aria-label=\"Betreff\">Betreff<\/label><\/div><div class='ff-el-input--content'><input type=\"text\" name=\"subject\" class=\"ff-el-form-control\" data-name=\"subject\" id=\"ff_6_subject\"  aria-invalid=\"false\" aria-required=true><\/div><\/div><div class='ff-el-group'><div class=\"ff-el-input--label ff-el-is-required asterisk-right\"><label for='ff_6_message' id='label_ff_6_message' aria-label=\"Nachricht\">Nachricht<\/label><\/div><div class='ff-el-input--content'><textarea aria-required=\"true\" aria-labelledby=\"label_ff_6_message\" name=\"message\" id=\"ff_6_message\" class=\"ff-el-form-control\" rows=\"4\" cols=\"2\" data-name=\"message\" ><\/textarea><\/div><\/div><div class='ff-el-group ff-text-left ff_submit_btn_wrapper'><button type=\"submit\" class=\"ff-btn ff-btn-submit ff-btn-md ff_btn_style\"  aria-label=\"Speichern\">Speichern<\/button><\/div><\/fieldset><\/form><div id='fluentform_6_errors' class='ff-errors-in-stack ff_form_instance_6_1 ff-form-loading_errors ff_form_instance_6_1_errors'><\/div><\/div>            <script type=\"text\/javascript\">\n                window.fluent_form_ff_form_instance_6_1 = {\"id\":\"6\",\"ajaxUrl\":\"https:\\\/\\\/hotelsamara.com\\\/wp-admin\\\/admin-ajax.php\",\"settings\":{\"layout\":{\"labelPlacement\":\"top\",\"asteriskPlacement\":\"asterisk-right\",\"helpMessagePlacement\":\"with_label\",\"errorMessagePlacement\":\"inline\",\"cssClassName\":\"\"},\"restrictions\":{\"denyEmptySubmission\":{\"enabled\":false}}},\"form_instance\":\"ff_form_instance_6_1\",\"form_id_selector\":\"fluentform_6\",\"rules\":{\"names[first_name]\":{\"required\":{\"value\":true,\"message\":\"Dieses Feld ist ein Pflichtfeld!\",\"global\":false,\"global_message\":\"This field is required\"}},\"names[middle_name]\":{\"required\":{\"value\":false,\"message\":\"Dieses Feld ist erforderlich\",\"global\":true,\"global_message\":\"This field is required\"}},\"names[last_name]\":{\"required\":{\"value\":true,\"message\":\"Dieses Feld ist ein Pflichtfeld!\",\"global\":false,\"global_message\":\"This field is required\"}},\"email\":{\"required\":{\"value\":true,\"message\":\"Ce champ est obligatoire Envoyer!\",\"global\":false,\"global_message\":\"This field is required\"},\"email\":{\"value\":true,\"message\":\"Veuillez saisir une adresse e-mail valide\",\"global\":false,\"global_message\":\"This field must contain a valid email\"}},\"subject\":{\"required\":{\"value\":true,\"message\":\"Dieses Feld ist ein Pflichtfeld!\",\"global\":false,\"global_message\":\"This field is required\"}},\"message\":{\"required\":{\"value\":true,\"message\":\"Dieses Feld ist ein Pflichtfeld!\",\"global\":false,\"global_message\":\"This field is required\"}},\"g-recaptcha-response\":[]},\"debounce_time\":300};\n                            <\/script>\n            <\/div>\n\t\t\t\t\t\t<\/div>\n\t\t\t\t\t<\/div>\n\t\t<\/div>\n\t\t\t\t\t<\/div>\n\t\t<\/section>\n\t\t\t\t<section class=\"elementor-section elementor-top-section elementor-element elementor-element-3d663ce elementor-section-boxed elementor-section-height-default elementor-section-height-default\" data-id=\"3d663ce\" data-element_type=\"section\" data-e-type=\"section\">\n\t\t\t\t\t\t<div class=\"elementor-container elementor-column-gap-no\">\n\t\t\t\t\t<div class=\"elementor-column elementor-col-100 elementor-top-column elementor-element elementor-element-03d9a0c\" data-id=\"03d9a0c\" data-element_type=\"column\" data-e-type=\"column\">\n\t\t\t<div class=\"elementor-widget-wrap elementor-element-populated\">\n\t\t\t\t\t\t<div class=\"elementor-element elementor-element-9b3f73f elementor-widget elementor-widget-google_maps\" data-id=\"9b3f73f\" data-element_type=\"widget\" data-e-type=\"widget\" data-widget_type=\"google_maps.default\">\n\t\t\t\t\t\t\t<div class=\"elementor-custom-embed\">\n\t\t\t<iframe loading=\"lazy\"\n\t\t\t\t\tsrc=\"https:\/\/maps.google.com\/maps?q=Samara%20Hotel&#038;t=m&#038;z=11&#038;output=embed&#038;iwloc=near\"\n\t\t\t\t\ttitle=\"Samara Hotel\"\n\t\t\t\t\taria-label=\"Samara Hotel\"\n\t\t\t><\/iframe>\n\t\t<\/div>\n\t\t\t\t\t\t<\/div>\n\t\t\t\t\t<\/div>\n\t\t<\/div>\n\t\t\t\t\t<\/div>\n\t\t<\/section>\n\t\t\t\t<\/div>\n\t\t","protected":false},"excerpt":{"rendered":"<p>Hotel Samara Kn\u00fcpfen Sie neue Freundschaften und genie\u00dfen Sie die N\u00e4chte von Bodrum im besonderen Ambiente unseres Hotels. Reservierung +90 252 337 1244 pbx Email Info reservation@hotelsamara.com Adresse Torba Mahallesi 3129 Sok. No:1 Kaynar Mevkii Bodrum\/Mu\u011fla, T\u00fcrkiye Kontaktformular<\/p>\n","protected":false},"author":1,"featured_media":0,"parent":0,"menu_order":0,"comment_status":"closed","ping_status":"closed","template":"elementor_header_footer","meta":{"_monsterinsights_skip_tracking":false,"_monsterinsights_sitenote_active":false,"_monsterinsights_sitenote_note":"","_monsterinsights_sitenote_category":0,"_uf_show_specific_survey":0,"_uf_disable_surveys":false,"footnotes":""},"class_list":["post-6250","page","type-page","status-publish","hentry"],"yoast_head":"<!-- This site is optimized with the Yoast SEO plugin v26.8 - https:\/\/yoast.com\/product\/yoast-seo-wordpress\/ -->\n<title>Kontakt - Hotel Samara<\/title>\n<meta name=\"robots\" content=\"index, follow, max-snippet:-1, max-image-preview:large, max-video-preview:-1\" \/>\n<link rel=\"canonical\" href=\"https:\/\/hotelsamara.com\/de\/kontakt\/\" \/>\n<meta property=\"og:locale\" content=\"de_DE\" \/>\n<meta property=\"og:type\" content=\"article\" \/>\n<meta property=\"og:title\" content=\"Kontakt - Hotel Samara\" \/>\n<meta property=\"og:description\" content=\"Hotel Samara Kn\u00fcpfen Sie neue Freundschaften und genie\u00dfen Sie die N\u00e4chte von Bodrum im besonderen Ambiente unseres Hotels. Reservierung +90 252 337 1244 pbx Email Info reservation@hotelsamara.com Adresse Torba Mahallesi 3129 Sok. No:1 Kaynar Mevkii Bodrum\/Mu\u011fla, T\u00fcrkiye Kontaktformular\" \/>\n<meta property=\"og:url\" content=\"https:\/\/hotelsamara.com\/de\/kontakt\/\" \/>\n<meta property=\"og:site_name\" content=\"Hotel Samara\" \/>\n<meta property=\"article:publisher\" content=\"https:\/\/www.facebook.com\/samarahotel\" \/>\n<meta property=\"article:modified_time\" content=\"2025-12-07T21:35:32+00:00\" \/>\n<meta name=\"twitter:card\" content=\"summary_large_image\" \/>\n<script type=\"application\/ld+json\" class=\"yoast-schema-graph\">{\"@context\":\"https:\/\/schema.org\",\"@graph\":[{\"@type\":\"WebPage\",\"@id\":\"https:\/\/hotelsamara.com\/de\/kontakt\/\",\"url\":\"https:\/\/hotelsamara.com\/de\/kontakt\/\",\"name\":\"Kontakt - Hotel Samara\",\"isPartOf\":{\"@id\":\"https:\/\/hotelsamara.com\/#website\"},\"datePublished\":\"2022-08-15T00:12:55+00:00\",\"dateModified\":\"2025-12-07T21:35:32+00:00\",\"breadcrumb\":{\"@id\":\"https:\/\/hotelsamara.com\/de\/kontakt\/#breadcrumb\"},\"inLanguage\":\"de\",\"potentialAction\":[{\"@type\":\"ReadAction\",\"target\":[\"https:\/\/hotelsamara.com\/de\/kontakt\/\"]}]},{\"@type\":\"BreadcrumbList\",\"@id\":\"https:\/\/hotelsamara.com\/de\/kontakt\/#breadcrumb\",\"itemListElement\":[{\"@type\":\"ListItem\",\"position\":1,\"name\":\"Home\",\"item\":\"https:\/\/hotelsamara.com\/\"},{\"@type\":\"ListItem\",\"position\":2,\"name\":\"Kontakt\"}]},{\"@type\":\"WebSite\",\"@id\":\"https:\/\/hotelsamara.com\/#website\",\"url\":\"https:\/\/hotelsamara.com\/\",\"name\":\"Hotel Samara\",\"description\":\"Ege&#039;de L\u00fcks ve Huzurlu Tatil Deneyimi\",\"publisher\":{\"@id\":\"https:\/\/hotelsamara.com\/#organization\"},\"potentialAction\":[{\"@type\":\"SearchAction\",\"target\":{\"@type\":\"EntryPoint\",\"urlTemplate\":\"https:\/\/hotelsamara.com\/?s={search_term_string}\"},\"query-input\":{\"@type\":\"PropertyValueSpecification\",\"valueRequired\":true,\"valueName\":\"search_term_string\"}}],\"inLanguage\":\"de\"},{\"@type\":\"Organization\",\"@id\":\"https:\/\/hotelsamara.com\/#organization\",\"name\":\"Hotel Samara\",\"url\":\"https:\/\/hotelsamara.com\/\",\"logo\":{\"@type\":\"ImageObject\",\"inLanguage\":\"de\",\"@id\":\"https:\/\/hotelsamara.com\/#\/schema\/logo\/image\/\",\"url\":\"https:\/\/hotelsamara.com\/wp-content\/uploads\/2025\/11\/Hotel-Samara-Bodrum-Logo-h93.webp\",\"contentUrl\":\"https:\/\/hotelsamara.com\/wp-content\/uploads\/2025\/11\/Hotel-Samara-Bodrum-Logo-h93.webp\",\"width\":198,\"height\":93,\"caption\":\"Hotel Samara\"},\"image\":{\"@id\":\"https:\/\/hotelsamara.com\/#\/schema\/logo\/image\/\"},\"sameAs\":[\"https:\/\/www.facebook.com\/samarahotel\",\"https:\/\/www.instagram.com\/samarahotelbodrum\"]}]}<\/script>\n<!-- \/ Yoast SEO plugin. -->","yoast_head_json":{"title":"Kontakt - Hotel Samara","robots":{"index":"index","follow":"follow","max-snippet":"max-snippet:-1","max-image-preview":"max-image-preview:large","max-video-preview":"max-video-preview:-1"},"canonical":"https:\/\/hotelsamara.com\/de\/kontakt\/","og_locale":"de_DE","og_type":"article","og_title":"Kontakt - Hotel Samara","og_description":"Hotel Samara Kn\u00fcpfen Sie neue Freundschaften und genie\u00dfen Sie die N\u00e4chte von Bodrum im besonderen Ambiente unseres Hotels. Reservierung +90 252 337 1244 pbx Email Info reservation@hotelsamara.com Adresse Torba Mahallesi 3129 Sok. No:1 Kaynar Mevkii Bodrum\/Mu\u011fla, T\u00fcrkiye Kontaktformular","og_url":"https:\/\/hotelsamara.com\/de\/kontakt\/","og_site_name":"Hotel Samara","article_publisher":"https:\/\/www.facebook.com\/samarahotel","article_modified_time":"2025-12-07T21:35:32+00:00","twitter_card":"summary_large_image","schema":{"@context":"https:\/\/schema.org","@graph":[{"@type":"WebPage","@id":"https:\/\/hotelsamara.com\/de\/kontakt\/","url":"https:\/\/hotelsamara.com\/de\/kontakt\/","name":"Kontakt - Hotel Samara","isPartOf":{"@id":"https:\/\/hotelsamara.com\/#website"},"datePublished":"2022-08-15T00:12:55+00:00","dateModified":"2025-12-07T21:35:32+00:00","breadcrumb":{"@id":"https:\/\/hotelsamara.com\/de\/kontakt\/#breadcrumb"},"inLanguage":"de","potentialAction":[{"@type":"ReadAction","target":["https:\/\/hotelsamara.com\/de\/kontakt\/"]}]},{"@type":"BreadcrumbList","@id":"https:\/\/hotelsamara.com\/de\/kontakt\/#breadcrumb","itemListElement":[{"@type":"ListItem","position":1,"name":"Home","item":"https:\/\/hotelsamara.com\/"},{"@type":"ListItem","position":2,"name":"Kontakt"}]},{"@type":"WebSite","@id":"https:\/\/hotelsamara.com\/#website","url":"https:\/\/hotelsamara.com\/","name":"Hotel Samara","description":"Ege&#039;de L\u00fcks ve Huzurlu Tatil Deneyimi","publisher":{"@id":"https:\/\/hotelsamara.com\/#organization"},"potentialAction":[{"@type":"SearchAction","target":{"@type":"EntryPoint","urlTemplate":"https:\/\/hotelsamara.com\/?s={search_term_string}"},"query-input":{"@type":"PropertyValueSpecification","valueRequired":true,"valueName":"search_term_string"}}],"inLanguage":"de"},{"@type":"Organization","@id":"https:\/\/hotelsamara.com\/#organization","name":"Hotel Samara","url":"https:\/\/hotelsamara.com\/","logo":{"@type":"ImageObject","inLanguage":"de","@id":"https:\/\/hotelsamara.com\/#\/schema\/logo\/image\/","url":"https:\/\/hotelsamara.com\/wp-content\/uploads\/2025\/11\/Hotel-Samara-Bodrum-Logo-h93.webp","contentUrl":"https:\/\/hotelsamara.com\/wp-content\/uploads\/2025\/11\/Hotel-Samara-Bodrum-Logo-h93.webp","width":198,"height":93,"caption":"Hotel Samara"},"image":{"@id":"https:\/\/hotelsamara.com\/#\/schema\/logo\/image\/"},"sameAs":["https:\/\/www.facebook.com\/samarahotel","https:\/\/www.instagram.com\/samarahotelbodrum"]}]}},"_links":{"self":[{"href":"https:\/\/hotelsamara.com\/de\/wp-json\/wp\/v2\/pages\/6250","targetHints":{"allow":["GET"]}}],"collection":[{"href":"https:\/\/hotelsamara.com\/de\/wp-json\/wp\/v2\/pages"}],"about":[{"href":"https:\/\/hotelsamara.com\/de\/wp-json\/wp\/v2\/types\/page"}],"author":[{"embeddable":true,"href":"https:\/\/hotelsamara.com\/de\/wp-json\/wp\/v2\/users\/1"}],"replies":[{"embeddable":true,"href":"https:\/\/hotelsamara.com\/de\/wp-json\/wp\/v2\/comments?post=6250"}],"version-history":[{"count":7,"href":"https:\/\/hotelsamara.com\/de\/wp-json\/wp\/v2\/pages\/6250\/revisions"}],"predecessor-version":[{"id":6813,"href":"https:\/\/hotelsamara.com\/de\/wp-json\/wp\/v2\/pages\/6250\/revisions\/6813"}],"wp:attachment":[{"href":"https:\/\/hotelsamara.com\/de\/wp-json\/wp\/v2\/media?parent=6250"}],"curies":[{"name":"wp","href":"https:\/\/api.w.org\/{rel}","templated":true}]}}